{"id":155,"date":"2017-03-18T11:54:50","date_gmt":"2017-03-18T10:54:50","guid":{"rendered":"http:\/\/web6304.softwerk25.konto.name\/international\/?page_id=155"},"modified":"2021-05-03T13:47:24","modified_gmt":"2021-05-03T11:47:24","slug":"datenschutzerklaerung","status":"publish","type":"page","link":"https:\/\/klm-international.info\/de\/datenschutzerklaerung\/","title":{"rendered":"Datenschutzbelehrung"},"content":{"rendered":"<h2><strong>Datenschutz im Verein nach der Daten-Schutzgrundverordnung (DS-GVO)<\/strong><\/h2>\n<p><strong>Die nachfolgenden Datenschutzhinweise geben einen \u00dcberblick \u00fcber die Erhebung und Verarbeitung Ihrer Daten.<\/strong> Wir vom KLM nehmen den Schutz Ihrer personenbezogenen Daten sehr ernst und verarbeiten diese im Einklang mit den jeweils anwendbaren gesetzlichen Datenschutzanforderungen. Personenbezogene Daten im Sinne dieser Information sind s\u00e4mtliche Informationen, die einen Bezug zu Ihrer Person aufweisen k\u00f6nnen. Anhand der nachfolgenden Informationen m\u00f6chten wir bez\u00fcglich der Verarbeitung Ihrer personenbezogenen Daten durch uns aufkl\u00e4ren. Weiterf\u00fchrend m\u00f6chten wir Ihnen einen \u00dcberblick \u00fcber Ihre Rechte aus dem Datenschutzrecht geben. Welche Daten im Einzelnen verarbeitet werden und auf welche Weise genutzt werden, richtet sich ma\u00dfgeblich nach der Art der Daten\u00a0 bzw. der Leistungserf\u00fcllung f\u00fcr den KLM Verband. \u00a0<\/p>\n<h2>1. VERANTWORTLICHER DATENSCHUTZBEAUFTRAGTER<\/h2>\n<p><strong>Verantwortliche Stelle ist:<\/strong><\/p>\n<p>Verband f\u00fcr Kleine M\u00fcnsterl\u00e4nder e.V <br \/>\nAm Waldesrand 3<br \/>\n01744 Dippoldiswalde<\/p>\n<p><strong>Sie erreichen unseren Datenschutzbeauftragten unter:<\/strong><\/p>\n<p>dito<\/p>\n<h2>2. QUELLE DER PERSONENBEZOGENEN DATEN<\/h2>\n<p>Wir verarbeiten personenbezogene Daten, die wir im Zuge unserer Beziehung von unseren Mitgliedern und Interessenten erhalten. Des Weiteren verarbeiten wir \u2013 sollte dies f\u00fcr die Erbringung unserer Leistung erforderlich sein \u2013 personenbezogene Daten, die wir aus\u00a0\u00f6ffentlich zug\u00e4nglichen Quellen zul\u00e4ssigerweise gewinnen (z.B. JGHV) oder die uns von anderen Dienstleistern Verband f\u00fcr Kleine M\u00fcnsterl\u00e4nder\u00a0e.V oder von sonstigen Dritten (z. B. TG-verlag) berechtigt \u00fcbermittelt werden.<\/p>\n<h2>3. KATEGORIEN PERSONENBEZOGENER DATEN,\u00a0 DIE VERARBEITET WERDEN<\/h2>\n<p>Wir verarbeiten folgende Kategorien von personenbezogenen Daten: Stammdaten (z. B. Name, Anschrift und Geburtsdatum), Auftragsdaten (z. B. Pr\u00fcfungen, Atteste , Berichte, Dokumentationen, Schriftverkehr), Daten zur Erf\u00fcllung unserer\u00a0Verpflichtungen (z. B. Kontodaten, Umsatzdaten und Leistungen), Informationen \u00fcber Ihre, Korrespondenz (z. B. Schriftverkehr mit Ihnen), sowie andere mit den genannten Kategorien vergleichbare Daten.<\/p>\n<h2>4. ZWECKE, F\u00dcR DIE DIE PERSONENBEZOGENEN DATEN\u00a0 VERARBEITET WERDEN SOLLEN,\u00a0 UND RECHTSGRUNDLAGEN DER VERARBEITUNG<\/h2>\n<p>Wir verarbeiten Ihre personenbezogenen Daten unter Einhaltung der jeweils anwendbaren gesetzlichen Datenschutzanforderungen. Dabei ist die Verarbeitung rechtm\u00e4\u00dfig, wenn\u00a0mindestens eine der nachstehenden Bedingungen erf\u00fcllt ist:<\/p>\n<h3>4.1 Einwilligung (Art. 6 Abs. 1 a DSGVO)<\/h3>\n<p>Die Rechtm\u00e4\u00dfigkeit f\u00fcr die Verarbeitung personenbezogener Daten ist bei Einwilligung zur Verarbeitung f\u00fcr festgelegte Zwecke (z. B. Weiter- gabe von Daten an Partner(z. B. Institute))Verwendung \u00a0der Daten f\u00fcr Statistische Zwecke) gegeben. Eine erteilte Einwilligung kann jederzeit mit\u00a0Wirkung f\u00fcr die Zukunft widerrufen werden. Dies gilt auch f\u00fcr den Widerruf von Einwilligungserkl\u00e4rungen, die vor der Geltung der DSGVO, also vor dem 25. Mai 2018, uns gegen\u00fcber erteilt worden sind.<\/p>\n<h3>4.2 Zur Erf\u00fcllung von vertraglichen Pflichten oder zur Durchf\u00fchrung vorvertraglicher Ma\u00dfnahmen (Art. 6 Abs. 1 b DSGVO)<\/h3>\n<p>Um unsere Pflichten zur Erbringung von Leistungen f\u00fcr unsere Mitglieder nachzukommen oder auch zur Durchf\u00fchrung von \u00a0Ma\u00dfnahmen, die auf Anfrage erfolgen, verarbeiten wir Daten. Die Zwecke der Datenverarbeitung ergeben sich in erster Linie aus dem konkreten Ergebnis\u00a0 und k\u00f6nnen unter anderem Bedarfsanalysen und Beratung umfassen. Die weiteren Einzelheiten zu den Datenverarbeitungszwecken k\u00f6nnen Sie den Gesch\u00e4ftsbedingungen entnehmen.<\/p>\n<h3>4.3 Aufgrund gesetzlicher Vorgaben (Art. 6 Abs. 1 c DSGVO) oder im \u00f6ffentlichen Interesse (Art. 6 Abs. 1 e DSGVO)<\/h3>\n<p><strong>Der Verband f\u00fcr Kleine M\u00fcnsterl\u00e4nder e.V\u00a0<\/strong>unterliegt unterschiedlichen rechtlichen Verpflichtungen, das bedeutet gesetzlichen Anforderungen (z. B. Steuteuerrechtlichen Aufbewahrungsvorschriften nach Handelsgesetzbuch und Abgabenordnung.). Zu den Zwecken der Verarbeitung geh\u00f6ren unter anderem die Erf\u00fcllung steuerrechtlicher Kontroll\u00ad und Meldepflichten und auch die Risikobewertung und Steuerung im Verein.<\/p>\n<h3>4.4 Im Rahmen der Interessenabw\u00e4gung (Art. 6 Abs. 1 f DSGVO)<\/h3>\n<p>Soweit erforderlich verarbeiten wir Ihre Daten \u00fcber die eigentliche\u00a0 Erf\u00fcllung der Aufgaben\u00a0 hinaus zur Wahrung berechtigter Interessen von uns oder Dritten. Beispiele:<\/p>\n<ul>\n<li>\u00a0Werbung, Markt\u00ad und Meinungsforschung, sofern Sie der Nutzung Ihrer Daten nicht widersprochen haben(z. B. Videos, FAN-Shop)<\/li>\n<li>\u00a0\u00adGeltendmachung rechtlicher Anspr\u00fcche und Verteidigung bei rechtlichen Streitigkeiten<\/li>\n<li>\u00a0\u00adVerhinderung, Aufkl\u00e4rung bzw. Pr\u00e4vention<\/li>\n<li>\u00a0\u00adSicherstellung der IT\u00adSicherheit und des IT\u00adBetriebs<\/li>\n<li>\u00a0\u00adBeratung durch und Datenaustausch mit Auskunfteien zur Ermittlung von Risiken.<\/li>\n<\/ul>\n<h2>5. KATEGORIEN VON EMPF\u00c4NGERN\u00a0 DER PERSONENBEZOGENEN DATEN<\/h2>\n<p>Innerhalb vom <strong>Verband f\u00fcr Kleine M\u00fcnsterl\u00e4nder e.V<\/strong> sind die Stellen zugriffsberechtigt, die diese zur Erf\u00fcllung der Aufgaben sowie \u00a0vertraglichen und gesetzlichen Pflichten ben\u00f6tigen. Der <strong>Verband f\u00fcr Kleine M\u00fcnsterl\u00e4nder e.V\u00a0<\/strong>l\u00e4sst au\u00dferdem einzelne der vorgenannten\u00a0Prozesse und Serviceleistungen durch sorgf\u00e4ltig ausgew\u00e4hlte und\u00a0 datenschutzkonform beauftragte Dienstleister ausf\u00fchren, die ihren Sitz innerhalb der EU haben. Dies sind Unternehmen in den Kategorien IT\u00adDienstleistungen, Zahlungsverkehr, Druckdienstleister, Abrechnung, Beratung\u00a0 sowie Dienstleister, die wir im Rahmen von Auftragsverarbeitungsverh\u00e4ltnissen heranziehen. Im Hinblick auf die Datenweitergabe an weitere Empf\u00e4nger d\u00fcrfen wir Informationen \u00fcber Sie nur weitergeben, wenn gesetzliche Bestimmungen dies erfordern, Sie eingewilligt\u00a0haben oder wir zur Weitergabe befugt sind. Sind diese Voraussetzungen gegeben, k\u00f6nnen Empf\u00e4nger personenbezogener Daten u. a. sein:<\/p>\n<ul>\n<li>\u00d6ffentliche Stellen und Institutionen bei Vorliegen einer gesetzlichen oder beh\u00f6rdlichen\u00a0Verpflichtung<\/li>\n<li>\u00adAndere Unternehmen oder vergleichbare Einrichtungen, an die wir zur Durchf\u00fchrung der Gesch\u00e4ftsbeziehung mit Ihnen personenbezogene Daten \u00fcbermitteln (z. B. Verlage, Institute, Auskunfteien)<\/li>\n<li>Andere Landesgruppen \u00a0innerhalb des Hauptverbandes.<\/li>\n<\/ul>\n<p>Weiterf\u00fchrend k\u00f6nnen auch andere Stellen Datenempf\u00e4nger sein, sofern Sie uns Ihre Einwilligung zur Daten\u00fcbermittlung erteilt haben.<\/p>\n<h2>6. ABSICHT, DIE PERSONENBEZOGENEN DATEN\u00a0 AN EIN DRITTLAND ODER EINE INTERNATIONALE\u00a0 ORGANISATION ZU \u00dcBERMITTELN<\/h2>\n<p>Eine aktive \u00dcbermittlung von personenbezogenen Daten in ein Drittland oder an eine internationale Organisation findet nicht statt.<\/p>\n<h2>7. KRITERIEN F\u00dcR DIE FESTLEGUNG DER DAUER,\u00a0F\u00dcR DIE DIE PERSONENBEZOGENEN DATEN GESPEICHERT\u00a0WERDEN<\/h2>\n<p>Die Kriterien zur Festlegung der Dauer der Speicherung bemessen sich nach Ende des Zwecks und anschlie\u00dfender gesetzlicher Aufbewahrungsfrist. Sind die Daten f\u00fcr die Erf\u00fcllung gesetzlicher Pflichten nicht mehr erforderlich, werden diese regelm\u00e4\u00dfig gel\u00f6scht, es sei denn, deren \u2013 befristete und ggf. eingeschr\u00e4nkte \u2013 Weiterverarbeitung ist erforderlich zu folgenden Zwecken:<\/p>\n<ul>\n<li>Erf\u00fcllung\u00a0steuerrechtlicher Aufbewahrungspflichten: Zu nennen sind das Handelsgesetzbuch (HGB) und die Abgabenordnung (AO). Danach sind die Aufbewahrungs\u00ad bzw. Dokumentationsfristen auf bis zu 10 Jahre vorgegeben.<\/li>\n<li>Erhaltung von Beweismitteln im Rahmen der gesetzlichen Verj\u00e4hrungs vorschriften:\u00a0Gem\u00e4\u00df den \u00a7\u00a7 195 ff. des B\u00fcrgerlichen\u00a0Gesetzbuches (BGB) betr\u00e4gt die regelm\u00e4\u00dfige Verj\u00e4hrungsfrist 3 Jahre, unter besonderen Umst\u00e4nden allerdings bis zu 30 Jahren.<\/li>\n<li>Einhaltung telekommunikationsrechtlicher Speicherpflichten gem\u00e4\u00df aktuellem Telekommunikationsgesetz (TKG) und weiterer Gesetze<\/li>\n<li>Historischer Daten (Bsp. Zuchtb\u00fccher, Pr\u00fcfungszeugnisse, Publikationen)<\/li>\n<\/ul>\n<h2>8. DATENSCHUTZRECHTE<\/h2>\n<p>Jede(r) Betroffene hat das Recht auf Auskunft nach Artikel 15 DSGVO, das Recht auf Berichtigung nach Artikel 16 DSGVO, das Recht auf L\u00f6schung nach Artikel 17 DSGVO, das Recht auf Einschr\u00e4nkung der Verarbeitung nach Artikel 18 DSGVO, das Recht auf Widerspruch aus Artikel 21 DSGVO sowie das Recht auf Daten\u00fcbertragbarkeit aus\u00a0Artikel 20 DSGVO. Beim Auskunftsrecht und beim L\u00f6schungsrecht gelten die Einschr\u00e4nkungen nach \u00a7\u00a7 34 und 35 BDSG. Dar\u00fcber hinaus besteht ein Beschwerderecht bei einer zust\u00e4ndigen Datenschutzaufsichtsbeh\u00f6rde (Artikel 77 DSGVO i. V. m. \u00a7 19 BDSG). Eine erteilte Einwilligung in die Verarbeitung personenbezogener\u00a0 Daten k\u00f6nnen Sie jederzeit mit Wirkung f\u00fcr die Zukunft uns gegen\u00fcber widerrufen. Dies gilt auch f\u00fcr den Widerruf von Einwilligungserkl\u00e4rungen, die vor der Geltung der Datenschutz\u00adGrundverordnung, also vor dem 25. Mai 2018, uns gegen\u00fcber erteilt worden sind.<\/p>\n<h2>9. VERPFLICHTUNG ZUR BEREITSTELLUNG UND M\u00d6GLICHE FOLGEN EINER NICHTBEREITSTELLUNG VON DATEN<\/h2>\n<p>Im Rahmen unserer Gesch\u00e4ftsbeziehung m\u00fcssen Sie diejenigen personenbezogenen Daten bereitstellen, die f\u00fcr die Aufnahme und Durchf\u00fchrung einer Mitgliedschaft und der Erf\u00fcllung der damit verbundenen Pflichten erforderlich sind oder zu deren Erhebung wir gesetzlich verpflichtet sind. Ohne diese Daten werden wir in der Regel nicht in der Lage sein, eine Mitgliedschaft mit Ihnen zu schlie\u00dfen oder diese auszuf\u00fchren.<\/p>\n<h2>10. BESTEHEN EINER AUTOMATISIERTEN\u00a0 \u00a0ENTSCHEIDUNGSFINDUNG EINSCHLIESSLICH PROFILING<\/h2>\n<p>Zur Begr\u00fcndung und Durchf\u00fchrung der Gesch\u00e4ftsbeziehung nutzen wir grunds\u00e4tzlich keine automatische Entscheidungsfindung gem\u00e4\u00df Artikel 22 DSGVO.<\/p>\n<h1>WIDERSPRUCHSRECHT<\/h1>\n<p><strong>Information \u00fcber Ihr Widerspruchsrecht nach Artikel 21 Datenschutz Grundverordnung (DSGVO)<\/strong><\/p>\n<h2>1. EINZELFALLBEZOGENES WIDERSPRUCHSRECHT<\/h2>\n<p>Sie haben das Recht, aus Gr\u00fcnden, die sich aus Ihrer besonderen Situation ergeben, jederzeit gegen die Verarbeitung Sie betreffender personenbezogener Daten, die aufgrund von Artikel 6 Absatz 1 Buchstabe e DSGVO (Datenverarbeitung im \u00f6ffentlichen Interesse) und\u00a0 Artikel 6 Absatz 1 Buchstabe f DSGVO (Datenverarbeitung auf der Grundlage einer Interessenabw\u00e4gung) erfolgt, Widerspruch einzulegen; dies gilt auch f\u00fcr ein auf diese Bestimmung. im Sinne von Artikel 4 Nr. 4 DSGVO. Legen Sie Widerspruch ein, werden wir Ihre personenbezogenen\u00a0 Daten nicht mehr verarbeiten, es sei denn, wir k\u00f6nnen zwingende schutzw\u00fcrdige Gr\u00fcnde f\u00fcr die Verarbeitung nachweisen, die Ihre Interessen, Rechte und Freiheiten \u00fcberwiegen, oder die Verarbeitung dient der Geltendmachung, Aus\u00fcbung oder Verteidigung von Rechtsanspr\u00fcchen. Der Widerspruch kann formfrei erfolgen und sollte m\u00f6glichst gerichtet werden an: <br \/>\n<strong>Verband f\u00fcr Kleine M\u00fcnsterl\u00e4nder e.V<\/strong> <strong>Am Waldesrand 3, 01744 Dippoldiswalde<\/strong><\/p>\n<hr \/>\n<p class=\"art-postcontent\">\u00a0<\/p>\n<p>Der\u00a0Betreiber dieser Seiten nehmen den Schutz Ihrer pers\u00f6nlichen Daten sehr ernst. Wir behandeln Ihre personenbezogenen Daten vertraulich und entsprechend der gesetzlichen Datenschutzvorschriften sowie dieser Datenschutzerkl\u00e4rung.<\/p>\n<p>Die Nutzung unserer Webseite ist in der Regel ohne Angabe personenbezogener Daten m\u00f6glich. Soweit auf unseren Seiten personenbezogene Daten (beispielsweise Name, Anschrift oder E-Mail-Adressen) erhoben werden, erfolgt dies, soweit m\u00f6glich, stets auf freiwilliger Basis. Diese Daten werden ohne Ihre ausdr\u00fcckliche Zustimmung nicht an Dritte weitergegeben.<\/p>\n<p>Wir weisen darauf hin, dass die Daten\u00fcbertragung im Internet (z.B. bei der Kommunikation per E-Mail) Sicherheitsl\u00fccken aufweisen kann. Ein l\u00fcckenloser Schutz der Daten vor dem Zugriff durch Dritte ist nicht m\u00f6glich.<\/p>\n<h2><a id=\"cookies\"><\/a>Cookies<\/h2>\n<p>Die Internetseiten verwenden teilweise so genannte Cookies. Cookies richten auf Ihrem Rechner keinen Schaden an und enthalten keine Viren. Cookies dienen dazu, unser Angebot nutzerfreundlicher, effektiver und sicherer zu machen. Cookies sind kleine Textdateien, die auf Ihrem Rechner abgelegt werden und die Ihr Browser speichert.<\/p>\n<p>Die meisten der von uns verwendeten Cookies sind so genannte \u201eSession-Cookies\u201c. Sie werden nach Ende Ihres Besuchs automatisch gel\u00f6scht. Andere Cookies bleiben auf Ihrem Endger\u00e4t gespeichert, bis Sie diese l\u00f6schen. Diese Cookies erm\u00f6glichen es uns, Ihren Browser beim n\u00e4chsten Besuch wiederzuerkennen.<\/p>\n<p>Sie k\u00f6nnen Ihren Browser so einstellen, dass Sie \u00fcber das Setzen von Cookies informiert werden und Cookies nur im Einzelfall erlauben, die Annahme von Cookies f\u00fcr bestimmte F\u00e4lle oder generell ausschlie\u00dfen sowie das automatische L\u00f6schen der Cookies beim Schlie\u00dfen des Browser aktivieren. Bei der Deaktivierung von Cookies kann die Funktionalit\u00e4t dieser Website eingeschr\u00e4nkt sein.<\/p>\n<h2>Server-Log-Files<\/h2>\n<p>Der Provider der Seiten erhebt und speichert automatisch Informationen in so genannten Server-Log Files, die Ihr Browser automatisch an uns \u00fcbermittelt. Dies sind:<\/p>\n<ul>\n<li>Browsertyp\/ Browserversion<\/li>\n<li>verwendetes Betriebssystem<\/li>\n<li>Referrer URL<\/li>\n<li>Hostname des zugreifenden Rechners<\/li>\n<li>Uhrzeit der Serveranfrage<\/li>\n<\/ul>\n<p>Diese Daten sind nicht bestimmten Personen zuordenbar. Eine Zusammenf\u00fchrung dieser Daten mit anderen Datenquellen wird nicht vorgenommen. Wir behalten uns vor, diese Daten nachtr\u00e4glich zu pr\u00fcfen, wenn uns konkrete Anhaltspunkte f\u00fcr eine rechtswidrige Nutzung bekannt werden.<\/p>\n<h2>Kontaktformular<\/h2>\n<p>Wenn Sie uns per Kontaktformular Anfragen zukommen lassen, werden Ihre Angaben aus dem Anfrageformular inklusive der von Ihnen dort angegebenen Kontaktdaten zwecks Bearbeitung der Anfrage und f\u00fcr den Fall von Anschlussfragen bei uns gespeichert. Diese Daten geben wir nicht ohne Ihre Einwilligung weiter.<\/p>\n<h2>Newsletterdaten<\/h2>\n<p>Wenn Sie den auf der Webseite angebotenen Newsletter beziehen m\u00f6chten, ben\u00f6tigen wir von Ihnen eine E-Mail-Adresse sowie Informationen, welche uns die \u00dcberpr\u00fcfung gestatten, dass Sie der Inhaber der angegebenen E-Mail-Adresse sind und mit dem Empfang des Newsletters einverstanden sind. Weitere Daten werden nicht erhoben. Diese Daten verwenden wir ausschlie\u00dflich f\u00fcr den Versand der angeforderten Informationen und geben sie nicht an Dritte weiter.<\/p>\n<p>Die erteilte Einwilligung zur Speicherung der Daten, der E-Mail-Adresse sowie deren Nutzung zum Versand des Newsletters k\u00f6nnen Sie jederzeit widerrufen , etwa \u00fcber den \u201eAustragen\u201c-Link im Newsletter.<\/p>\n<h2>Google Analytics<\/h2>\n<h4>Datenschutzerkl\u00e4rung f\u00fcr die Nutzung von Google Analytics<\/h4>\n<p>Diese Website nutzt Funktionen des\u00a0 Webanalysedienstes Google Analytics. Anbieter ist die Google Inc. 1600 Amphitheatre Parkway Mountain View, CA 94043, USA. Google Analytics verwendet sog. \u201eCookies\u201c. Das sind Textdateien, die auf Ihrem Computer gespeichert werden und die eine Analyse der Benutzung der Website durch Sie erm\u00f6glichen. Die durch den Cookie erzeugten Informationen \u00fcber Ihre Benutzung dieser Website werden in der Regel an einen Server von Google in den USA \u00fcbertragen und dort gespeichert.<\/p>\n<p>Im Falle der Aktivierung der IP-Anonymisierung auf dieser Webseite wird Ihre IP-Adresse von Google jedoch innerhalb von Mitgliedstaaten der Europ\u00e4ischen Union oder in anderen Vertragsstaaten des Abkommens \u00fcber den Europ\u00e4ischen Wirtschaftsraum zuvor gek\u00fcrzt. Nur in Ausnahmef\u00e4llen wird die volle IP-Adresse an einen Server von Google in den USA \u00fcbertragen und dort gek\u00fcrzt. Im Auftrag des Betreibers dieser Website wird Google diese Informationen benutzen, um Ihre Nutzung der Website auszuwerten, um Reports \u00fcber die Websiteaktivit\u00e4ten zusammenzustellen und um weitere mit der Websitenutzung und der Internetnutzung verbundene Dienstleistungen gegen\u00fcber dem Websitebetreiber zu erbringen. Die im Rahmen von Google Analytics von Ihrem Browser \u00fcbermittelte IP-Adresse wird nicht mit anderen Daten von Google zusammengef\u00fchrt.<\/p>\n<p>Sie k\u00f6nnen die Speicherung der Cookies durch eine entsprechende Einstellung Ihrer Browser-Software verhindern; wir weisen Sie jedoch darauf hin, dass Sie in diesem Fall gegebenenfalls nicht s\u00e4mtliche Funktionen dieser Website vollumf\u00e4nglich werden nutzen k\u00f6nnen. Sie k\u00f6nnen dar\u00fcber hinaus die Erfassung der durch das Cookie erzeugten und auf Ihre Nutzung der Website bezogenen Daten (inkl. Ihrer IP-Adresse) an Google sowie die Verarbeitung dieser Daten durch Google verhindern, indem sie das unter dem folgenden Link verf\u00fcgbare Browser-Plugin herunterladen und installieren:\u00a0<a href=\"http:\/\/tools.google.com\/dlpage\/gaoptout?hl=de\">http:\/\/tools.google.com\/dlpage\/gaoptout?hl=de<\/a><\/p>\n<h2>LinkedIn<\/h2>\n<h4>Datenschutzerkl\u00e4rung f\u00fcr die Nutzung von LinkedIn<\/h4>\n<p>Unsere Website nutzt Funktionen des Netzwerks LinkedIn. Anbieter ist die LinkedIn Corporation, 2029 Stierlin Court, Mountain View, CA 94043, USA. Bei jedem Abruf einer unserer Seiten, die Funktionen von LinkedIn enth\u00e4lt, wird eine Verbindung zu Servern von LinkedIn aufbaut. LinkedIn wird dar\u00fcber informiert, dass Sie unsere Internetseiten mit Ihrer IP-Adresse besucht haben. Wenn Sie den \u201eRecommend-Button\u201c von LinkedIn anklicken und in Ihrem Account bei LinkedIn eingeloggt sind, ist es LinkedIn m\u00f6glich, Ihren Besuch auf unserer Internetseite Ihnen und Ihrem Benutzerkonto zuzuordnen. Wir weisen darauf hin, dass wir als Anbieter der Seiten keine Kenntnis vom Inhalt der \u00fcbermittelten Daten sowie deren Nutzung durch LinkedIn haben.<\/p>\n<p>Weitere Informationen hierzu finden Sie in der Datenschutzerkl\u00e4rung von LinkedIn unter:\u00a0<a href=\"https:\/\/www.linkedin.com\/legal\/privacy-policy\">https:\/\/www.linkedin.com\/legal\/privacy-policy<\/a><\/p>\n<h2>Pinterest<\/h2>\n<h4>Datenschutzerkl\u00e4rung f\u00fcr die Nutzung von Pinterest<\/h4>\n<p>Auf unserer Seite verwenden wir Social Plugins des sozialen Netzwerkes Pinterest, das von der Pinterest Inc., 635 High Street, Palo Alto, CA, 94301, USA (\u201ePinterest\u201c) betrieben wird. Wenn Sie eine Seite aufrufen die ein solches Plugin enth\u00e4lt, stellt Ihr Browser eine direkte Verbindung zu den Servern von Pinterest her. Das Plugin \u00fcbermittelt dabei Protokolldaten an den Server von Pinterest in die USA. Diese Protokolldaten enthalten m\u00f6glicherweise Ihre IP-Adresse, die Adresse der besuchten Websites, die ebenfalls Pinterest-Funktionen enthalten, Art und Einstellungen des Browsers, Datum und Zeitpunkt der Anfrage, Ihre Verwendungsweise von Pinterest sowie Cookies.<\/p>\n<p>Weitere Informationen zu Zweck, Umfang und weiterer Verarbeitung und Nutzung der Daten durch Pinterest sowie Ihre diesbez\u00fcglichen Rechte und M\u00f6glichkeiten zum Schutz Ihrer Privatsph\u00e4re finden Sie in den den Datenschutzhinweisen von Pinterest:\u00a0<a href=\"https:\/\/about.pinterest.com\/de\/privacy-policy\">https:\/\/about.pinterest.com\/de\/privacy-policy<\/a><\/p>\n<h2>Xing<\/h2>\n<h4>Datenschutzerkl\u00e4rung f\u00fcr die Nutzung von Xing<\/h4>\n<p>Unsere Webseite nutzt Funktionen des Netzwerks XING. Anbieter ist die XING AG, Dammtorstra\u00dfe 29-32, 20354 Hamburg, Deutschland. Bei jedem Abruf einer unserer Seiten, die Funktionen von Xing enth\u00e4lt, wird eine Verbindung zu Servern von Xing hergestellt. Eine Speicherung von personenbezogenen Daten erfolgt dabei nach unserer Kenntnis nicht. Insbesondere werden keine IP-Adressen gespeichert oder das Nutzungsverhalten ausgewertet.<\/p>\n<p>Weitere Information zum Datenschutz und dem Xing Share-Button finden Sie in der Datenschutzerkl\u00e4rung von Xing unter\u00a0<a href=\"https:\/\/www.xing.com\/app\/share?op=data_protection\">https:\/\/www.xing.com\/app\/share?op=data_protection<\/a><\/p>\n<h2>YouTube<\/h2>\n<h4>Datenschutzerkl\u00e4rung f\u00fcr die Nutzung von YouTube<\/h4>\n<p>Unsere Webseite nutzt Plugins der von Google betriebenen Seite YouTube. Betreiber der Seiten ist die YouTube, LLC, 901 Cherry Ave., San Bruno, CA 94066, USA. Wenn Sie eine unserer mit einem YouTube-Plugin ausgestatteten Seiten besuchen, wird eine Verbindung zu den Servern von YouTube hergestellt. Dabei wird dem Youtube-Server mitgeteilt, welche unserer Seiten Sie besucht haben.<br \/>\nWenn Sie in Ihrem YouTube-Account eingeloggt sind erm\u00f6glichen Sie YouTube, Ihr Surfverhalten direkt Ihrem pers\u00f6nlichen Profil zuzuordnen. Dies k\u00f6nnen Sie verhindern, indem Sie sich aus Ihrem YouTube-Account ausloggen.<\/p>\n<p>Weitere Informationen zum Umgang von Nutzerdaten finden Sie in der Datenschutzerkl\u00e4rung von YouTube unter\u00a0<a href=\"https:\/\/www.google.de\/intl\/de\/policies\/privacy\">https:\/\/www.google.de\/intl\/de\/policies\/privacy<\/a><\/p>\n<h2>Auskunft, L\u00f6schung, Sperrung<\/h2>\n<p>Sie haben jederzeit das Recht auf unentgeltliche Auskunft \u00fcber Ihre gespeicherten personenbezogenen Daten, deren Herkunft und Empf\u00e4nger und den Zweck der Datenverarbeitung sowie ein Recht auf Berichtigung, Sperrung oder L\u00f6schung dieser Daten. Hierzu sowie zu weiteren Fragen zum Thema personenbezogene Daten k\u00f6nnen Sie sich jederzeit unter der im Impressum angegebenen Adresse an uns wenden.<\/p>\n<h2>Widerspruch Werbe-Mails<\/h2>\n<p>Der Nutzung von im Rahmen der Impressumspflicht ver\u00f6ffentlichten Kontaktdaten zur \u00dcbersendung von nicht ausdr\u00fccklich angeforderter Werbung und Informationsmaterialien wird hiermit widersprochen. Die Betreiber der Seiten behalten sich ausdr\u00fccklich rechtliche Schritte im Falle der unverlangten Zusendung von Werbeinformationen, etwa durch Spam-E-Mails, vor.<\/p>\n","protected":false},"excerpt":{"rendered":"<p>Datenschutz im Verein nach der Daten-Schutzgrundverordnung (DS-GVO) Die nachfolgenden Datenschutzhinweise geben einen \u00dcberblick \u00fcber die Erhebung und Verarbeitung Ihrer Daten. Wir vom KLM nehmen den Schutz Ihrer personenbezogenen Daten sehr ernst und verarbeiten diese im Einklang mit den jeweils anwendbaren gesetzlichen Datenschutzanforderungen. Personenbezogene Daten im Sinne dieser Information sind s\u00e4mtliche Informationen, die einen Bezug zu [&hellip;]<\/p>\n","protected":false},"author":1,"featured_media":0,"parent":0,"menu_order":0,"comment_status":"closed","ping_status":"closed","template":"","meta":{"_exactmetrics_skip_tracking":false,"_exactmetrics_sitenote_active":false,"_exactmetrics_sitenote_note":"","_exactmetrics_sitenote_category":0,"footnotes":""},"class_list":["post-155","page","type-page","status-publish","hentry"],"publishpress_future_workflow_manual_trigger":{"enabledWorkflows":[]},"_links":{"self":[{"href":"https:\/\/klm-international.info\/de\/wp-json\/wp\/v2\/pages\/155","targetHints":{"allow":["GET"]}}],"collection":[{"href":"https:\/\/klm-international.info\/de\/wp-json\/wp\/v2\/pages"}],"about":[{"href":"https:\/\/klm-international.info\/de\/wp-json\/wp\/v2\/types\/page"}],"author":[{"embeddable":true,"href":"https:\/\/klm-international.info\/de\/wp-json\/wp\/v2\/users\/1"}],"replies":[{"embeddable":true,"href":"https:\/\/klm-international.info\/de\/wp-json\/wp\/v2\/comments?post=155"}],"version-history":[{"count":12,"href":"https:\/\/klm-international.info\/de\/wp-json\/wp\/v2\/pages\/155\/revisions"}],"predecessor-version":[{"id":5382,"href":"https:\/\/klm-international.info\/de\/wp-json\/wp\/v2\/pages\/155\/revisions\/5382"}],"wp:attachment":[{"href":"https:\/\/klm-international.info\/de\/wp-json\/wp\/v2\/media?parent=155"}],"curies":[{"name":"wp","href":"https:\/\/api.w.org\/{rel}","templated":true}]}}