{"id":2291,"date":"2017-03-14T16:23:32","date_gmt":"2017-03-14T15:23:32","guid":{"rendered":"https:\/\/klm-international.info\/?page_id=2291"},"modified":"2020-06-29T14:36:29","modified_gmt":"2020-06-29T12:36:29","slug":"rassestandard","status":"publish","type":"page","link":"https:\/\/klm-international.info\/de\/rasseportrait\/rassestandard\/","title":{"rendered":"F.C.I. Rassestandard"},"content":{"rendered":"<figure id=\"attachment_2294\" aria-describedby=\"caption-attachment-2294\" style=\"width: 280px\" class=\"wp-caption alignleft\"><img loading=\"lazy\" decoding=\"async\" class=\"wp-image-2294 size-full\" src=\"https:\/\/klm-international.info\/media\/2018\/09\/12-0956-Rasco-vom-Erlengrund-1.jpg\" alt=\"\" width=\"280\" height=\"224\" srcset=\"https:\/\/klm-international.info\/media\/2018\/09\/12-0956-Rasco-vom-Erlengrund-1.jpg 280w, https:\/\/klm-international.info\/media\/2018\/09\/12-0956-Rasco-vom-Erlengrund-1-150x120.jpg 150w, https:\/\/klm-international.info\/media\/2018\/09\/12-0956-Rasco-vom-Erlengrund-1-100x80.jpg 100w, https:\/\/klm-international.info\/media\/2018\/09\/12-0956-Rasco-vom-Erlengrund-1-200x160.jpg 200w\" sizes=\"auto, (max-width: 280px) 100vw, 280px\" \/><figcaption id=\"caption-attachment-2294\" class=\"wp-caption-text\">KlM\u00a0R\u00fcde braun-weiss gemantelt<\/figcaption><\/figure>\n<div align=\"left\">Der Rassestandard beschreibt zwar nur das \u00e4u\u00dfere Erscheinungsbild unseres Kleinen M\u00fcnsterl\u00e4nders, aber je n\u00e4her unsere vierl\u00e4ufigen Jagdkameraden diesem Idealbild ihrer Rasse kommen, desto leistungsf\u00e4higer sind sie. \u00a0Eine gesunde Konstitution bef\u00e4higt sie zu hoher Leistung. Nat\u00fcrlich sind hierf\u00fcr ebenfalls die jagdlichen Anlagen ausschlaggebend.<\/div>\n<figure id=\"attachment_2300\" aria-describedby=\"caption-attachment-2300\" style=\"width: 300px\" class=\"wp-caption alignright\"><a href=\"https:\/\/klm-international.info\/media\/2018\/09\/8297-2.jpg\"><img loading=\"lazy\" decoding=\"async\" class=\"wp-image-2300 size-medium\" src=\"https:\/\/klm-international.info\/media\/2018\/09\/8297-2-300x248.jpg\" alt=\"\" width=\"300\" height=\"248\" srcset=\"https:\/\/klm-international.info\/media\/2018\/09\/8297-2-300x248.jpg 300w, https:\/\/klm-international.info\/media\/2018\/09\/8297-2-150x124.jpg 150w, https:\/\/klm-international.info\/media\/2018\/09\/8297-2-768x634.jpg 768w, https:\/\/klm-international.info\/media\/2018\/09\/8297-2-1024x846.jpg 1024w, https:\/\/klm-international.info\/media\/2018\/09\/8297-2-100x83.jpg 100w, https:\/\/klm-international.info\/media\/2018\/09\/8297-2-200x165.jpg 200w, https:\/\/klm-international.info\/media\/2018\/09\/8297-2-450x372.jpg 450w, https:\/\/klm-international.info\/media\/2018\/09\/8297-2-600x496.jpg 600w, https:\/\/klm-international.info\/media\/2018\/09\/8297-2-900x743.jpg 900w, https:\/\/klm-international.info\/media\/2018\/09\/8297-2.jpg 1200w\" sizes=\"auto, (max-width: 300px) 100vw, 300px\" \/><\/a><figcaption id=\"caption-attachment-2300\" class=\"wp-caption-text\">KlM R\u00fcde \u2013 Braunschimmel<\/figcaption><\/figure>\n<div align=\"left\">\u00a0<\/div>\n<div align=\"left\">Der KlM ist ein mittelgro\u00dfer, kr\u00e4ftiger Vorstehhund mit harmonischem K\u00f6rperbau, der bei viel Adel und Eleganz ausgeglichene Proportionen hat. \u00a0Er zeigt bei aufrechter Haltung flie\u00dfende K\u00f6rperlinien mit flach getragener Rute.<\/div>\n<p>Den Kleinen M\u00fcnsterl\u00e4nder gibt es in den Grundfarbschl\u00e4gen braun-wei\u00df und braun-schimmel. Selten gewordene Jungklaus\u00b4sche Abzeichen (lohfarbene Abzeichen an Fang, Auge und um das Waidloch) sind erlaubt.<\/p>\n<div align=\"left\">\u00a0<\/div>\n<div align=\"left\">\n<p>Die Widerristh\u00f6he der R\u00fcden ist mit 54 cm, der H\u00fcndinnen mit 52 cm festgelegt, jeweils mit zul\u00e4ssiger Gr\u00f6\u00dfenabweichung von plus\/minus 2 cm.\u00a0Sein Haarkleid ist sollte glatt bis leicht gewellt und vor allem dicht sein, damit es ihm im Wasser und in dornenreichen Gestr\u00fcppen einen guten Schutz bietet. Seine Vorderl\u00e4ufe sind gut befedert, die Hinterl\u00e4ufe behost und die Rute zeigt eine ausgepr\u00e4gte Fahne.<\/p>\n<\/div>\n<div align=\"left\"><a class=\"jcepopup\" title=\"\" href=\"http:\/\/www.kleine-muensterlaender.org\/images\/stories\/BilderKLM\/JungklauschesAbzeichen.jpg\" data-rel=\"lightbox-8\"><br \/>\n<\/a><br \/>\n<figure id=\"attachment_2297\" aria-describedby=\"caption-attachment-2297\" style=\"width: 300px\" class=\"wp-caption alignleft\"><a href=\"https:\/\/klm-international.info\/media\/2018\/09\/Bild-7-Jungklaussche-Abz.jpg\"><img loading=\"lazy\" decoding=\"async\" class=\"size-medium wp-image-2297\" src=\"https:\/\/klm-international.info\/media\/2018\/09\/Bild-7-Jungklaussche-Abz-300x203.jpg\" alt=\"\" width=\"300\" height=\"203\" srcset=\"https:\/\/klm-international.info\/media\/2018\/09\/Bild-7-Jungklaussche-Abz-300x203.jpg 300w, https:\/\/klm-international.info\/media\/2018\/09\/Bild-7-Jungklaussche-Abz-150x102.jpg 150w, https:\/\/klm-international.info\/media\/2018\/09\/Bild-7-Jungklaussche-Abz-768x520.jpg 768w, https:\/\/klm-international.info\/media\/2018\/09\/Bild-7-Jungklaussche-Abz-1024x694.jpg 1024w, https:\/\/klm-international.info\/media\/2018\/09\/Bild-7-Jungklaussche-Abz-100x68.jpg 100w, https:\/\/klm-international.info\/media\/2018\/09\/Bild-7-Jungklaussche-Abz-200x136.jpg 200w, https:\/\/klm-international.info\/media\/2018\/09\/Bild-7-Jungklaussche-Abz-450x305.jpg 450w, https:\/\/klm-international.info\/media\/2018\/09\/Bild-7-Jungklaussche-Abz-600x407.jpg 600w, https:\/\/klm-international.info\/media\/2018\/09\/Bild-7-Jungklaussche-Abz-900x610.jpg 900w, https:\/\/klm-international.info\/media\/2018\/09\/Bild-7-Jungklaussche-Abz.jpg 1200w\" sizes=\"auto, (max-width: 300px) 100vw, 300px\" \/><\/a><figcaption id=\"caption-attachment-2297\" class=\"wp-caption-text\">Jungklausches Abzeichen<\/figcaption><\/figure><\/p>\n<div>Seine Bewegungen sind harmonisch und raumgreifend.\u00a0Der Kleine M\u00fcnsterl\u00e4nder ist intelligent und lernf\u00e4hig, temperamentvoll und ausgeglichen, mit stabilem Wesen; mit aufmerksamer, freundlicher Grundhaltung gegen\u00fcber Menschen (familientauglich), guter sozialer Bindung und Orientierungsf\u00e4higkeit am F\u00fchrer (teamf\u00e4hig), mit passioniertem, ausdauerndem Beutetrieb, vielseitigen Jagdanlagen sowie guter Nervenst\u00e4rke und Wildsch\u00e4rfe.<\/div>\n<blockquote>\n<p>Eine ausf\u00fchrliche\u00a0Rassennomenklatur laut der\u00a0<a href=\"http:\/\/www.fci.be\/de\/nomenclature\/\" target=\"_blank\" rel=\"noopener noreferrer\">FCI<\/a>\u00a0finden\u00a0in diesem\u00a0 <a href=\"https:\/\/klm-international.info\/media\/2019\/11\/F.C.I.-Standard-2019-Kleiner-M\u00fcnsterl\u00e4nder.pdf\">PDF<\/a>.<\/p>\n<p>&nbsp;<\/p>\n<\/blockquote>\n<p>&nbsp;<\/p>\n<\/div>\n","protected":false},"excerpt":{"rendered":"<p>Der Rassestandard beschreibt zwar nur das \u00e4u\u00dfere Erscheinungsbild unseres Kleinen M\u00fcnsterl\u00e4nders, aber je n\u00e4her unsere vierl\u00e4ufigen Jagdkameraden diesem Idealbild ihrer Rasse kommen, desto leistungsf\u00e4higer sind sie. \u00a0Eine gesunde Konstitution bef\u00e4higt sie zu hoher Leistung. Nat\u00fcrlich sind hierf\u00fcr ebenfalls die jagdlichen Anlagen ausschlaggebend. \u00a0 Der KlM ist ein mittelgro\u00dfer, kr\u00e4ftiger Vorstehhund mit harmonischem K\u00f6rperbau, der bei [&hellip;]<\/p>\n","protected":false},"author":1,"featured_media":0,"parent":46,"menu_order":0,"comment_status":"closed","ping_status":"closed","template":"","meta":{"_exactmetrics_skip_tracking":false,"_exactmetrics_sitenote_active":false,"_exactmetrics_sitenote_note":"","_exactmetrics_sitenote_category":0,"footnotes":""},"class_list":["post-2291","page","type-page","status-publish","hentry"],"publishpress_future_workflow_manual_trigger":{"enabledWorkflows":[]},"_links":{"self":[{"href":"https:\/\/klm-international.info\/de\/wp-json\/wp\/v2\/pages\/2291","targetHints":{"allow":["GET"]}}],"collection":[{"href":"https:\/\/klm-international.info\/de\/wp-json\/wp\/v2\/pages"}],"about":[{"href":"https:\/\/klm-international.info\/de\/wp-json\/wp\/v2\/types\/page"}],"author":[{"embeddable":true,"href":"https:\/\/klm-international.info\/de\/wp-json\/wp\/v2\/users\/1"}],"replies":[{"embeddable":true,"href":"https:\/\/klm-international.info\/de\/wp-json\/wp\/v2\/comments?post=2291"}],"version-history":[{"count":9,"href":"https:\/\/klm-international.info\/de\/wp-json\/wp\/v2\/pages\/2291\/revisions"}],"predecessor-version":[{"id":5020,"href":"https:\/\/klm-international.info\/de\/wp-json\/wp\/v2\/pages\/2291\/revisions\/5020"}],"up":[{"embeddable":true,"href":"https:\/\/klm-international.info\/de\/wp-json\/wp\/v2\/pages\/46"}],"wp:attachment":[{"href":"https:\/\/klm-international.info\/de\/wp-json\/wp\/v2\/media?parent=2291"}],"curies":[{"name":"wp","href":"https:\/\/api.w.org\/{rel}","templated":true}]}}