{"id":2306,"date":"2017-03-14T16:23:32","date_gmt":"2017-03-14T15:23:32","guid":{"rendered":"https:\/\/klm-international.info\/?page_id=2306"},"modified":"2018-09-20T15:02:32","modified_gmt":"2018-09-20T13:02:32","slug":"leistungsprofil-und-pruefungen","status":"publish","type":"page","link":"https:\/\/klm-international.info\/de\/rasseportrait\/leistungsprofil-und-pruefungen\/","title":{"rendered":"Leistungsprofil und Pr\u00fcfungen"},"content":{"rendered":"<p>Seit \u00fcber 100 Jahren liegen die St\u00e4rken des Kleinen M\u00fcnsterl\u00e4nders im Vorstehen von Haar- und Federwild, welches er bei der Suche gefunden hat. Er sucht intelligent, planm\u00e4\u00dfig unter Ausnutzung des herrschenden Windes und in sichtbarem Kontakt zum F\u00fchrer. Er zeigt eine feine Nase, gute Spur- und F\u00e4hrtensicherheit, gibt Sichtlaut und oft auch Spurlaut. Er hat einen starken Spurwillen, ererbte Bringfreude und Wildsch\u00e4rfe. Daher kann er nicht nur gut vor dem Schuss sondern auch nach dem Schuss eingesetzt werden. Dieses ist im Feld, im Wasser und im Wald gleicherma\u00dfen der Fall. Er beherrscht das Nachsuchen und Apportieren ebenso wie die Schwei\u00dfarbeit, das St\u00f6bern wie auch das Buschieren unter dem Gewehr.<\/p>\n<p>Wegen dieser gro\u00dfen Bandbreite im jagdlichen Einsatz z\u00e4hlt der KlM zu den vielseitigen Jagdgebrauchshunden. Infolge seiner Lernf\u00e4higkeit und Intelligenz kann er sich schnell den unterschiedlichsten Jagdeinsatzbedingungen anpassen. Er kann sich auf die Feldjagd spezialisieren, ebenso auf die Wasserjagd, die Schwei\u00dfarbeit oder auch die St\u00f6berjagd und die Jagd an Schwarzwild. Da jagdlicher Erfolg von Anlagen und Erfahrung abh\u00e4ngt und Erfahrung von \u00dcbung kommt, verliert ein spezialisierter KlM nat\u00fcrlich mit der Zeit seine universelle, vielseitige Einsetzbarkeit. Dieses gilt f\u00fcr den einzelnen Hund. Werden jedoch viele Generationen nur noch auf einen spezialisierten Jagdeinsatz gez\u00fcchtet, so ver\u00e4ndert sich in diesen Blutlinien langsam aber sicher die genetische Anlage zur Vielseitigkeit mit allen damit zusammenh\u00e4ngenden Wesensmerkmalen und diese KlM verlieren ihr klassisches Profil.<\/p>\n<p>Auf den Pr\u00fcfungen wird zwischen Anlagepr\u00fcfungen und Leistungspr\u00fcfungen unterschieden. Alle Pr\u00fcfungen werden zentral im Zuchtbuch erfasst und in Deutschland in der zentralen Zuchtdatenbank \u201eDogbase\u201c verarbeitet. Die Anlagepr\u00fcfungen sind neben der Zuchtschau Voraussetzung f\u00fcr einen sp\u00e4teren Zuchteinsatz. Auf Anlagepr\u00fcfungen soll der junge Hund m\u00f6glichst nur im ersten Jahr nach seiner Geburt gef\u00fchrt werden, da dann bei ihm noch keine gro\u00dfen jagdlichen Erfahrungen vorliegen und so die ererbten, nat\u00fcrlichen Anlagen besser beurteilt werden k\u00f6nnen.<\/p>\n<p>Die Arbeitsf\u00e4cher im Fr\u00fchjahr (VJP) zeigen bei den KlM die Feldsuche, das Vorstehen und den Umgang mit der Hasenspur, die Qualit\u00e4t der Nase, die Vorstehanlage, die Passion, die Intelligenz sowie die Nervenst\u00e4rke bei der Schu\u00dfpr\u00fcfung. Der f\u00fcr einen m\u00f6glichen sp\u00e4teren Zuchteinsatz notwenige Sicht oder Spurlaut soll m\u00f6glichst ebenfalls festgestellt werden k\u00f6nnen.<\/p>\n<p>Die Arbeitsf\u00e4cher der Anlagenpr\u00fcfung im Herbst (HZP) wiederholen teilweise die F\u00e4cher des Fr\u00fchjahrs (Feldsuche, Vorstehen, Nasenqualit\u00e4t). Hier k\u00f6nnen dann die Fortschritte des Hundes seit dem Fr\u00fchjahr erkannt werden. Au\u00dferdem kommen die Wasserf\u00e4cher mit der flugbehinderten lebenden Ente (soweit rechtlich zul\u00e4ssig) und die Apportierf\u00e4cher auf den Schleppen hinzu.<\/p>\n<p>Die Arbeitsf\u00e4cher der Verbandsgebrauchspr\u00fcfung (VGP) sind sehr umfangreich und verteilen sich auf zwei Tage. Diese Pr\u00fcfung ist eine anspruchsvolle Leistungspr\u00fcfung, sie wird auch \u201eMeisterpr\u00fcfung\u201c f\u00fcr die Jagdgebrauchshunde genannt. Diese Pr\u00fcfung simuliert nahezu alle Arbeiten, die im normalen, vielseitigen Jagdgebrauch vorkommen und legt besondere Schwerpunkte auf den Gehorsam des Hundes. Hunde, die diese Pr\u00fcfung bestanden haben, k\u00f6nnen unter Ber\u00fccksichtigung weiterer Details in der Auslesezucht eingesetzt werden.<\/p>\n<p>Neben diesen drei Pr\u00fcfungen gibt es in Deutschland noch mehrere spezielle Leistungsbeweise und \u2013Pr\u00fcfungen, die ebenfalls in die Ahnentafeln eingetragen werden und so den Wert des Hundes erh\u00f6hen, jedoch in den meisten F\u00e4llen nicht zuchtrelevant sind. Beispiele daf\u00fcr sind die Apportiertreue am Fuchs, Gehorsam und Leistungsf\u00e4higkeit auf der Hasenspur, herausragende Nachsuchen- und Apportierleistungen, schwierige, erfolgreiche Schwei\u00dfarbeiten auf Reh- und Rot- oder Schwarzwild, die erfolgreiche St\u00f6berarbeit an wehrhaftem Schwarzwild usw.<\/p>\n<p>Leider sind die nationalen Pr\u00fcfungsordnungen in den Mitgliedsclubs von KlM-I nur sehr schwer international vergleichbar. Ein gro\u00dfes Problem ist auch, dass nicht in allen L\u00e4ndern die vielseitigen Arbeitsf\u00e4cher und damit die vielseitigen Leistungsanlagen eines KlM, wie sie oben beschrieben wurden, gepr\u00fcft werden. Die KlM werden nur auf spezielle Leistungsanlagen, vor allem auf Federwild gepr\u00fcft. Leider richtet sich dann ihr Wert auch nur nach dieser Spezialisierung. Die langfristigen Risiken dieser Vorgehensweise wurden vorn schon beschrieben. Schlimmer ist es nur noch dort, wo KlM ohne jede Leistungsanlagepr\u00fcfung gez\u00fcchtet werden d\u00fcrfen.<\/p>\n<p>In diesen L\u00e4ndern kann (noch) keine echte Leistungszucht f\u00fcr Kleine M\u00fcnsterl\u00e4nder betrieben werden. KlM-I bem\u00fcht sich hier in Kooperation mit den einzelnen nationalen Mitgliedsclubs und der F.C.I. um zuk\u00fcnftige L\u00f6sungen, damit das vielseitige Leistungsprofil des klassischen KlM nicht auf Dauer verlorengeht.<\/p>\n<div id='gallery-1' class='gallery galleryid-2306 gallery-columns-3 gallery-size-medium'><figure class='gallery-item'>\n\t\t\t<div class='gallery-icon landscape'>\n\t\t\t\t<a href='https:\/\/klm-international.info\/media\/2017\/03\/1-Foto-Vorstehen.jpg'><img loading=\"lazy\" decoding=\"async\" width=\"300\" height=\"200\" src=\"https:\/\/klm-international.info\/media\/2017\/03\/1-Foto-Vorstehen-300x200.jpg\" class=\"attachment-medium size-medium\" alt=\"\" srcset=\"https:\/\/klm-international.info\/media\/2017\/03\/1-Foto-Vorstehen-300x200.jpg 300w, https:\/\/klm-international.info\/media\/2017\/03\/1-Foto-Vorstehen-150x100.jpg 150w, https:\/\/klm-international.info\/media\/2017\/03\/1-Foto-Vorstehen-768x512.jpg 768w, https:\/\/klm-international.info\/media\/2017\/03\/1-Foto-Vorstehen-1024x683.jpg 1024w, https:\/\/klm-international.info\/media\/2017\/03\/1-Foto-Vorstehen-100x67.jpg 100w, https:\/\/klm-international.info\/media\/2017\/03\/1-Foto-Vorstehen-200x133.jpg 200w, https:\/\/klm-international.info\/media\/2017\/03\/1-Foto-Vorstehen-450x300.jpg 450w, https:\/\/klm-international.info\/media\/2017\/03\/1-Foto-Vorstehen-600x400.jpg 600w, https:\/\/klm-international.info\/media\/2017\/03\/1-Foto-Vorstehen-900x600.jpg 900w, https:\/\/klm-international.info\/media\/2017\/03\/1-Foto-Vorstehen.jpg 1300w\" sizes=\"auto, (max-width: 300px) 100vw, 300px\" \/><\/a>\n\t\t\t<\/div><\/figure><figure class='gallery-item'>\n\t\t\t<div class='gallery-icon landscape'>\n\t\t\t\t<a href='https:\/\/klm-international.info\/media\/2017\/03\/2-Foto-Wasser.jpg'><img loading=\"lazy\" decoding=\"async\" width=\"300\" height=\"200\" src=\"https:\/\/klm-international.info\/media\/2017\/03\/2-Foto-Wasser-300x200.jpg\" class=\"attachment-medium size-medium\" alt=\"\" srcset=\"https:\/\/klm-international.info\/media\/2017\/03\/2-Foto-Wasser-300x200.jpg 300w, https:\/\/klm-international.info\/media\/2017\/03\/2-Foto-Wasser-150x100.jpg 150w, https:\/\/klm-international.info\/media\/2017\/03\/2-Foto-Wasser-768x512.jpg 768w, https:\/\/klm-international.info\/media\/2017\/03\/2-Foto-Wasser-1024x683.jpg 1024w, https:\/\/klm-international.info\/media\/2017\/03\/2-Foto-Wasser-100x67.jpg 100w, https:\/\/klm-international.info\/media\/2017\/03\/2-Foto-Wasser-200x133.jpg 200w, https:\/\/klm-international.info\/media\/2017\/03\/2-Foto-Wasser-450x300.jpg 450w, https:\/\/klm-international.info\/media\/2017\/03\/2-Foto-Wasser-600x400.jpg 600w, https:\/\/klm-international.info\/media\/2017\/03\/2-Foto-Wasser-900x600.jpg 900w, https:\/\/klm-international.info\/media\/2017\/03\/2-Foto-Wasser.jpg 1300w\" sizes=\"auto, (max-width: 300px) 100vw, 300px\" \/><\/a>\n\t\t\t<\/div><\/figure><figure class='gallery-item'>\n\t\t\t<div class='gallery-icon landscape'>\n\t\t\t\t<a href='https:\/\/klm-international.info\/media\/2017\/03\/3-Foto-Apport-Hase.jpg'><img loading=\"lazy\" decoding=\"async\" width=\"300\" height=\"200\" src=\"https:\/\/klm-international.info\/media\/2017\/03\/3-Foto-Apport-Hase-300x200.jpg\" class=\"attachment-medium size-medium\" alt=\"\" srcset=\"https:\/\/klm-international.info\/media\/2017\/03\/3-Foto-Apport-Hase-300x200.jpg 300w, https:\/\/klm-international.info\/media\/2017\/03\/3-Foto-Apport-Hase-150x100.jpg 150w, https:\/\/klm-international.info\/media\/2017\/03\/3-Foto-Apport-Hase-768x512.jpg 768w, https:\/\/klm-international.info\/media\/2017\/03\/3-Foto-Apport-Hase-1024x683.jpg 1024w, https:\/\/klm-international.info\/media\/2017\/03\/3-Foto-Apport-Hase-100x67.jpg 100w, https:\/\/klm-international.info\/media\/2017\/03\/3-Foto-Apport-Hase-200x133.jpg 200w, https:\/\/klm-international.info\/media\/2017\/03\/3-Foto-Apport-Hase-450x300.jpg 450w, https:\/\/klm-international.info\/media\/2017\/03\/3-Foto-Apport-Hase-600x400.jpg 600w, https:\/\/klm-international.info\/media\/2017\/03\/3-Foto-Apport-Hase-900x600.jpg 900w, https:\/\/klm-international.info\/media\/2017\/03\/3-Foto-Apport-Hase.jpg 1300w\" sizes=\"auto, (max-width: 300px) 100vw, 300px\" \/><\/a>\n\t\t\t<\/div><\/figure><figure class='gallery-item'>\n\t\t\t<div class='gallery-icon landscape'>\n\t\t\t\t<a href='https:\/\/klm-international.info\/media\/2017\/03\/4-Foto-Apport-Fuchs.jpg'><img loading=\"lazy\" decoding=\"async\" width=\"300\" height=\"200\" src=\"https:\/\/klm-international.info\/media\/2017\/03\/4-Foto-Apport-Fuchs-300x200.jpg\" class=\"attachment-medium size-medium\" alt=\"\" srcset=\"https:\/\/klm-international.info\/media\/2017\/03\/4-Foto-Apport-Fuchs-300x200.jpg 300w, https:\/\/klm-international.info\/media\/2017\/03\/4-Foto-Apport-Fuchs-150x100.jpg 150w, https:\/\/klm-international.info\/media\/2017\/03\/4-Foto-Apport-Fuchs-768x512.jpg 768w, https:\/\/klm-international.info\/media\/2017\/03\/4-Foto-Apport-Fuchs-1024x683.jpg 1024w, https:\/\/klm-international.info\/media\/2017\/03\/4-Foto-Apport-Fuchs-100x67.jpg 100w, https:\/\/klm-international.info\/media\/2017\/03\/4-Foto-Apport-Fuchs-200x133.jpg 200w, https:\/\/klm-international.info\/media\/2017\/03\/4-Foto-Apport-Fuchs-450x300.jpg 450w, https:\/\/klm-international.info\/media\/2017\/03\/4-Foto-Apport-Fuchs-600x400.jpg 600w, https:\/\/klm-international.info\/media\/2017\/03\/4-Foto-Apport-Fuchs-900x600.jpg 900w, https:\/\/klm-international.info\/media\/2017\/03\/4-Foto-Apport-Fuchs.jpg 1300w\" sizes=\"auto, (max-width: 300px) 100vw, 300px\" \/><\/a>\n\t\t\t<\/div><\/figure><figure class='gallery-item'>\n\t\t\t<div class='gallery-icon landscape'>\n\t\t\t\t<a href='https:\/\/klm-international.info\/media\/2017\/03\/5-Foto-Schwei\u00dfarbeit.jpg'><img loading=\"lazy\" decoding=\"async\" width=\"300\" height=\"200\" src=\"https:\/\/klm-international.info\/media\/2017\/03\/5-Foto-Schwei\u00dfarbeit-300x200.jpg\" class=\"attachment-medium size-medium\" alt=\"\" srcset=\"https:\/\/klm-international.info\/media\/2017\/03\/5-Foto-Schwei\u00dfarbeit-300x200.jpg 300w, https:\/\/klm-international.info\/media\/2017\/03\/5-Foto-Schwei\u00dfarbeit-150x100.jpg 150w, https:\/\/klm-international.info\/media\/2017\/03\/5-Foto-Schwei\u00dfarbeit-768x512.jpg 768w, https:\/\/klm-international.info\/media\/2017\/03\/5-Foto-Schwei\u00dfarbeit-1024x683.jpg 1024w, https:\/\/klm-international.info\/media\/2017\/03\/5-Foto-Schwei\u00dfarbeit-100x67.jpg 100w, https:\/\/klm-international.info\/media\/2017\/03\/5-Foto-Schwei\u00dfarbeit-200x133.jpg 200w, https:\/\/klm-international.info\/media\/2017\/03\/5-Foto-Schwei\u00dfarbeit-450x300.jpg 450w, https:\/\/klm-international.info\/media\/2017\/03\/5-Foto-Schwei\u00dfarbeit-600x400.jpg 600w, https:\/\/klm-international.info\/media\/2017\/03\/5-Foto-Schwei\u00dfarbeit-900x600.jpg 900w, https:\/\/klm-international.info\/media\/2017\/03\/5-Foto-Schwei\u00dfarbeit.jpg 1300w\" sizes=\"auto, (max-width: 300px) 100vw, 300px\" \/><\/a>\n\t\t\t<\/div><\/figure><figure class='gallery-item'>\n\t\t\t<div class='gallery-icon landscape'>\n\t\t\t\t<a href='https:\/\/klm-international.info\/media\/2017\/03\/6-Foto-Saugatter.jpg'><img loading=\"lazy\" decoding=\"async\" width=\"300\" height=\"200\" src=\"https:\/\/klm-international.info\/media\/2017\/03\/6-Foto-Saugatter-300x200.jpg\" class=\"attachment-medium size-medium\" alt=\"\" srcset=\"https:\/\/klm-international.info\/media\/2017\/03\/6-Foto-Saugatter-300x200.jpg 300w, https:\/\/klm-international.info\/media\/2017\/03\/6-Foto-Saugatter-150x100.jpg 150w, https:\/\/klm-international.info\/media\/2017\/03\/6-Foto-Saugatter-768x512.jpg 768w, https:\/\/klm-international.info\/media\/2017\/03\/6-Foto-Saugatter-1024x683.jpg 1024w, https:\/\/klm-international.info\/media\/2017\/03\/6-Foto-Saugatter-100x67.jpg 100w, https:\/\/klm-international.info\/media\/2017\/03\/6-Foto-Saugatter-200x133.jpg 200w, https:\/\/klm-international.info\/media\/2017\/03\/6-Foto-Saugatter-450x300.jpg 450w, https:\/\/klm-international.info\/media\/2017\/03\/6-Foto-Saugatter-600x400.jpg 600w, https:\/\/klm-international.info\/media\/2017\/03\/6-Foto-Saugatter-900x600.jpg 900w, https:\/\/klm-international.info\/media\/2017\/03\/6-Foto-Saugatter.jpg 1300w\" sizes=\"auto, (max-width: 300px) 100vw, 300px\" \/><\/a>\n\t\t\t<\/div><\/figure>\n\t\t<\/div>\n\n<p>&nbsp;<\/p>\n","protected":false},"excerpt":{"rendered":"<p>Seit \u00fcber 100 Jahren liegen die St\u00e4rken des Kleinen M\u00fcnsterl\u00e4nders im Vorstehen von Haar- und Federwild, welches er bei der Suche gefunden hat. Er sucht intelligent, planm\u00e4\u00dfig unter Ausnutzung des herrschenden Windes und in sichtbarem Kontakt zum F\u00fchrer. Er zeigt eine feine Nase, gute Spur- und F\u00e4hrtensicherheit, gibt Sichtlaut und oft auch Spurlaut. Er hat [&hellip;]<\/p>\n","protected":false},"author":1,"featured_media":185,"parent":46,"menu_order":0,"comment_status":"closed","ping_status":"closed","template":"full-width-page.php","meta":{"_exactmetrics_skip_tracking":false,"_exactmetrics_sitenote_active":false,"_exactmetrics_sitenote_note":"","_exactmetrics_sitenote_category":0,"footnotes":""},"class_list":["post-2306","page","type-page","status-publish","has-post-thumbnail","hentry"],"publishpress_future_workflow_manual_trigger":{"enabledWorkflows":[]},"_links":{"self":[{"href":"https:\/\/klm-international.info\/de\/wp-json\/wp\/v2\/pages\/2306","targetHints":{"allow":["GET"]}}],"collection":[{"href":"https:\/\/klm-international.info\/de\/wp-json\/wp\/v2\/pages"}],"about":[{"href":"https:\/\/klm-international.info\/de\/wp-json\/wp\/v2\/types\/page"}],"author":[{"embeddable":true,"href":"https:\/\/klm-international.info\/de\/wp-json\/wp\/v2\/users\/1"}],"replies":[{"embeddable":true,"href":"https:\/\/klm-international.info\/de\/wp-json\/wp\/v2\/comments?post=2306"}],"version-history":[{"count":1,"href":"https:\/\/klm-international.info\/de\/wp-json\/wp\/v2\/pages\/2306\/revisions"}],"predecessor-version":[{"id":2309,"href":"https:\/\/klm-international.info\/de\/wp-json\/wp\/v2\/pages\/2306\/revisions\/2309"}],"up":[{"embeddable":true,"href":"https:\/\/klm-international.info\/de\/wp-json\/wp\/v2\/pages\/46"}],"wp:featuredmedia":[{"embeddable":true,"href":"https:\/\/klm-international.info\/de\/wp-json\/wp\/v2\/media\/185"}],"wp:attachment":[{"href":"https:\/\/klm-international.info\/de\/wp-json\/wp\/v2\/media?parent=2306"}],"curies":[{"name":"wp","href":"https:\/\/api.w.org\/{rel}","templated":true}]}}