{"id":2314,"date":"2017-03-14T16:23:32","date_gmt":"2017-03-14T15:23:32","guid":{"rendered":"https:\/\/klm-international.info\/?page_id=2314"},"modified":"2018-09-20T15:10:38","modified_gmt":"2018-09-20T13:10:38","slug":"zuchtschauen","status":"publish","type":"page","link":"https:\/\/klm-international.info\/de\/rasseportrait\/zuchtschauen\/","title":{"rendered":"Zuchtschauen"},"content":{"rendered":"<p>Auf Zuchtschauen der KlM-Clubs, oder auch auf Ausstellungen der nationalen F.C.I.-Landesorganisation, werden von F.C.I.-Richtern der K\u00f6rperbau und das Haar der KlM beurteilt. Diese ph\u00e4notypischen Merkmale des Hundes sind im F.C.I.-Standard KlM Nr. 102 \u2013 06.12.2004\/D festgelegt. Zust\u00e4ndig f\u00fcr die Aufstellung und die \u00c4nderung des Standards ist immer das Mutterland der Rasse. Die F.C.I. gew\u00e4hrleistet dann die weltweite Einhaltung der Kriterien der \u00e4u\u00dferen Erscheinung und der Bewegung f\u00fcr die Zucht der Hunde in den F.C.I.-Mitgliedsl\u00e4ndern.<\/p>\n<p>&nbsp;<\/p>\n<p>Auf den Zuchtschauen werden von den Zuchtrichtern die allgemeine Erscheinung, die wichtigen Proportionen, die Bestandteile und Gliedma\u00dfen des K\u00f6rpers, das Haarkleid und das Gangwerk in der Bewegung beurteilt. Dieses ist besonders wichtig, da die Beurteilung im Stand anders ausfallen kann als die Beurteilung in der Bewegung. Hunde k\u00f6nnen zum Beispiel manche physiologische Fehler muskul\u00e4r in der Bewegung gut ausgleichen. Andere physiologische Unvollkommenheiten fallen unter Umst\u00e4nden erst in der Bewegung des Hundes auf. Entscheidend ist schlie\u00dflich, wie gut der Hund f\u00fcr die k\u00f6rperlichen Herausforderungen auf der Jagd geeignet ist.<\/p>\n<p>&nbsp;<\/p>\n<p>Im Standard sind auch das Verhalten, der Charakter und das Wesen geregelt. Auf Zuchtschauen k\u00f6nnen diese Kriterien jedoch nur teilweise oder gar nicht bewertet werden. Das Gleiche gilt f\u00fcr die Leistungsanlagen. Auf Zuchtschauen k\u00f6nnen daher nur Teile der gesamten Rassemerkmale beurteilt werden.<\/p>\n<p>&nbsp;<\/p>\n<p>Die Zuchtrichter m\u00fcssen beurteilen, wie weit ein Hund allen Merkmalen einer Rasse entspricht. Es gibt folgende Bewertungen:<\/p>\n<ul>\n<li>\u201eVorz\u00fcglich\u201c(V), wenn der Hund den Rasse- und Geschlechtsmerkmalen in nahezu idealer, vollkommener Weise entspricht,<\/li>\n<li>\u201eSehr gut\u201c(SG), wenn der Hund ausgeglichene Proportionen hat, in guter Verfassung ist und die typischen Rassemerkmale besitzt \u2013 kurz ein Klassehund ist,<\/li>\n<li>\u201eGut\u201c(G), wenn der Hund die Hauptmerkmale der Rasse besitzt aber verschiedene Fehler aufweist,<\/li>\n<li>\u201eGen\u00fcgend\u201c(Ggd), wenn der Hund dem Typ der Rasse nahe kommt, jedoch ohne ihre allgemein bekannten Eigenschaften zu besitzen oder wenn seine k\u00f6rperliche Verfassung nicht \u00fcberzeugt,<\/li>\n<li>\u201eDisqualifiziert\u201c(Disq), wenn der Hund nicht dem Rassetyp entspricht, erhebliche Zahnfehler oder sonstige Anomalien hat, aggressives Verhalten zeigt oder Fehler hat, welche seine Gesundheit beeintr\u00e4chtigen k\u00f6nnen.<\/li>\n<\/ul>\n<p>&nbsp;<\/p>\n<p>Die Hundef\u00fchrer erhalten nach einer Zuchtschau auf dem Zeugnis eine Beschreibung der \u00e4u\u00dferen Erscheinung und der Bewegung des Hundes (Habitusbeschreibung), die auch die Gr\u00f6\u00dfenmessung, die Gebi\u00dfkontrolle sowie Auff\u00e4lligkeiten im Verhalten umfasst. Es ist grunds\u00e4tzlich sehr ratsam, den Hund f\u00fcr eine Vorstellung auf einer Zuchtschau vorzubereiten. Zum Beispiel sollten die Gebi\u00dfkontrolle und die Gr\u00f6\u00dfenmessung \u00f6fter ge\u00fcbt werden, um Schwierigkeiten auf der Zuchtschau zu vermeiden, wenn sich ein Hund nicht den Fang \u00f6ffnen l\u00e4sst oder dem Me\u00dfstab lieber ausweicht.<\/p>\n<p>Jedes F.C.I.-Mitgliedsland f\u00fchrt die Zuchtschauen in eigener Verantwortung durch.<\/p>\n<div id='gallery-1' class='gallery galleryid-2314 gallery-columns-3 gallery-size-large'><figure class='gallery-item'>\n\t\t\t<div class='gallery-icon landscape'>\n\t\t\t\t<a href='https:\/\/klm-international.info\/media\/2017\/03\/Foto-1.jpg'><img loading=\"lazy\" decoding=\"async\" width=\"640\" height=\"435\" src=\"https:\/\/klm-international.info\/media\/2017\/03\/Foto-1-1024x696.jpg\" class=\"attachment-large size-large\" alt=\"\" srcset=\"https:\/\/klm-international.info\/media\/2017\/03\/Foto-1-1024x696.jpg 1024w, https:\/\/klm-international.info\/media\/2017\/03\/Foto-1-150x102.jpg 150w, https:\/\/klm-international.info\/media\/2017\/03\/Foto-1-300x204.jpg 300w, https:\/\/klm-international.info\/media\/2017\/03\/Foto-1-768x522.jpg 768w, https:\/\/klm-international.info\/media\/2017\/03\/Foto-1-100x68.jpg 100w, https:\/\/klm-international.info\/media\/2017\/03\/Foto-1-200x136.jpg 200w, https:\/\/klm-international.info\/media\/2017\/03\/Foto-1-450x306.jpg 450w, https:\/\/klm-international.info\/media\/2017\/03\/Foto-1-600x408.jpg 600w, https:\/\/klm-international.info\/media\/2017\/03\/Foto-1-900x612.jpg 900w, https:\/\/klm-international.info\/media\/2017\/03\/Foto-1.jpg 1300w\" sizes=\"auto, (max-width: 640px) 100vw, 640px\" \/><\/a>\n\t\t\t<\/div><\/figure><figure class='gallery-item'>\n\t\t\t<div class='gallery-icon landscape'>\n\t\t\t\t<a href='https:\/\/klm-international.info\/media\/2017\/03\/Foto-2.jpg'><img loading=\"lazy\" decoding=\"async\" width=\"640\" height=\"427\" src=\"https:\/\/klm-international.info\/media\/2017\/03\/Foto-2-1024x683.jpg\" class=\"attachment-large size-large\" alt=\"\" srcset=\"https:\/\/klm-international.info\/media\/2017\/03\/Foto-2-1024x683.jpg 1024w, https:\/\/klm-international.info\/media\/2017\/03\/Foto-2-150x100.jpg 150w, https:\/\/klm-international.info\/media\/2017\/03\/Foto-2-300x200.jpg 300w, https:\/\/klm-international.info\/media\/2017\/03\/Foto-2-768x512.jpg 768w, https:\/\/klm-international.info\/media\/2017\/03\/Foto-2-100x67.jpg 100w, https:\/\/klm-international.info\/media\/2017\/03\/Foto-2-200x133.jpg 200w, https:\/\/klm-international.info\/media\/2017\/03\/Foto-2-450x300.jpg 450w, https:\/\/klm-international.info\/media\/2017\/03\/Foto-2-600x400.jpg 600w, https:\/\/klm-international.info\/media\/2017\/03\/Foto-2-900x600.jpg 900w, https:\/\/klm-international.info\/media\/2017\/03\/Foto-2.jpg 1300w\" sizes=\"auto, (max-width: 640px) 100vw, 640px\" \/><\/a>\n\t\t\t<\/div><\/figure><figure class='gallery-item'>\n\t\t\t<div class='gallery-icon landscape'>\n\t\t\t\t<a href='https:\/\/klm-international.info\/media\/2017\/03\/Foto-4.jpg'><img loading=\"lazy\" decoding=\"async\" width=\"640\" height=\"426\" src=\"https:\/\/klm-international.info\/media\/2017\/03\/Foto-4-1024x681.jpg\" class=\"attachment-large size-large\" alt=\"\" srcset=\"https:\/\/klm-international.info\/media\/2017\/03\/Foto-4-1024x681.jpg 1024w, https:\/\/klm-international.info\/media\/2017\/03\/Foto-4-150x100.jpg 150w, https:\/\/klm-international.info\/media\/2017\/03\/Foto-4-300x200.jpg 300w, https:\/\/klm-international.info\/media\/2017\/03\/Foto-4-768x511.jpg 768w, https:\/\/klm-international.info\/media\/2017\/03\/Foto-4-100x67.jpg 100w, https:\/\/klm-international.info\/media\/2017\/03\/Foto-4-200x133.jpg 200w, https:\/\/klm-international.info\/media\/2017\/03\/Foto-4-450x299.jpg 450w, https:\/\/klm-international.info\/media\/2017\/03\/Foto-4-600x399.jpg 600w, https:\/\/klm-international.info\/media\/2017\/03\/Foto-4-900x599.jpg 900w, https:\/\/klm-international.info\/media\/2017\/03\/Foto-4.jpg 1300w\" sizes=\"auto, (max-width: 640px) 100vw, 640px\" \/><\/a>\n\t\t\t<\/div><\/figure>\n\t\t<\/div>\n\n<p><span style=\"font-size: 8pt;\">Bilder bitte anklicken, um sie zu vergr\u00f6\u00dfern.<\/span><\/p>\n<hr \/>\n<p>Die Zuchtschauen finden meist zeitgleich mit den Pr\u00fcfungen statt. <a href=\"https:\/\/klm-international.info\/de\/internationale-pruefungen\/zuchtschauen-imp\/\">Berichte<\/a> dar\u00fcber finden Sie deshalb dort.<\/p>\n","protected":false},"excerpt":{"rendered":"<p>Auf Zuchtschauen der KlM-Clubs, oder auch auf Ausstellungen der nationalen F.C.I.-Landesorganisation, werden von F.C.I.-Richtern der K\u00f6rperbau und das Haar der KlM beurteilt. Diese ph\u00e4notypischen Merkmale des Hundes sind im F.C.I.-Standard KlM Nr. 102 \u2013 06.12.2004\/D festgelegt. Zust\u00e4ndig f\u00fcr die Aufstellung und die \u00c4nderung des Standards ist immer das Mutterland der Rasse. Die F.C.I. gew\u00e4hrleistet dann [&hellip;]<\/p>\n","protected":false},"author":1,"featured_media":185,"parent":46,"menu_order":0,"comment_status":"closed","ping_status":"closed","template":"full-width-page.php","meta":{"_exactmetrics_skip_tracking":false,"_exactmetrics_sitenote_active":false,"_exactmetrics_sitenote_note":"","_exactmetrics_sitenote_category":0,"footnotes":""},"class_list":["post-2314","page","type-page","status-publish","has-post-thumbnail","hentry"],"publishpress_future_workflow_manual_trigger":{"enabledWorkflows":[]},"_links":{"self":[{"href":"https:\/\/klm-international.info\/de\/wp-json\/wp\/v2\/pages\/2314","targetHints":{"allow":["GET"]}}],"collection":[{"href":"https:\/\/klm-international.info\/de\/wp-json\/wp\/v2\/pages"}],"about":[{"href":"https:\/\/klm-international.info\/de\/wp-json\/wp\/v2\/types\/page"}],"author":[{"embeddable":true,"href":"https:\/\/klm-international.info\/de\/wp-json\/wp\/v2\/users\/1"}],"replies":[{"embeddable":true,"href":"https:\/\/klm-international.info\/de\/wp-json\/wp\/v2\/comments?post=2314"}],"version-history":[{"count":3,"href":"https:\/\/klm-international.info\/de\/wp-json\/wp\/v2\/pages\/2314\/revisions"}],"predecessor-version":[{"id":2320,"href":"https:\/\/klm-international.info\/de\/wp-json\/wp\/v2\/pages\/2314\/revisions\/2320"}],"up":[{"embeddable":true,"href":"https:\/\/klm-international.info\/de\/wp-json\/wp\/v2\/pages\/46"}],"wp:featuredmedia":[{"embeddable":true,"href":"https:\/\/klm-international.info\/de\/wp-json\/wp\/v2\/media\/185"}],"wp:attachment":[{"href":"https:\/\/klm-international.info\/de\/wp-json\/wp\/v2\/media?parent=2314"}],"curies":[{"name":"wp","href":"https:\/\/api.w.org\/{rel}","templated":true}]}}