{"id":2734,"date":"2013-05-31T12:00:55","date_gmt":"2013-05-31T10:00:55","guid":{"rendered":"https:\/\/klm-international.info\/?page_id=2734"},"modified":"2018-09-21T14:34:59","modified_gmt":"2018-09-21T12:34:59","slug":"herzlich-willkommen","status":"publish","type":"page","link":"https:\/\/klm-international.info\/de\/herzlich-willkommen\/","title":{"rendered":"Herzlich willkommen"},"content":{"rendered":"<p>Wir freuen uns \u00fcber Ihr Interesse an den Kleinen M\u00fcnsterl\u00e4ndern (KlM). Wir sind die Internationale Dachorganisation der nationalen KlM-Clubs, die sich seit 2006 uns angeschlossen haben. Wir wollen diese sch\u00f6ne, alte Jagdhunderasse, den klassischen KlM, bewahren und international st\u00e4rken. Wir arbeiten mit unseren Mitgliedsclubs daf\u00fcr, unsere Rasse gesund und leistungsf\u00e4hig zu erhalten. Das hei\u00dft, wir haben uns in erster Linie der internationalen Leistungszucht der KlM verschrieben!<\/p>\n<p>&nbsp;<\/p>\n<p>Die Federation Cynologique Internationale (F.C.I.) sorgt seit vielen Jahrzehnten daf\u00fcr, dass in allen Mitgliedsstaaten Rassehunde nach dem gleichen \u201eStandard\u201c gez\u00fcchtet werden. Einheitlich und vergleichbar wird in allen Mitgliedsstaaten als \u201eStandard\u201c jedoch nur der K\u00f6rperbau und das Haar beurteilt und nach diesen Kriterien gez\u00fcchtet. Daf\u00fcr geben die nationalen F.C.I.-Organisationen ein F.C.I.-Pedigree f\u00fcr die Welpen aus, welches dokumentiert, dass die Welpen aus einer Rassezucht stammen.<\/p>\n<p>&nbsp;<\/p>\n<p>Bei Jagdhunden wie die KlM gen\u00fcgt es jedoch nicht, dass die Hunde mit vergleichbarem K\u00f6rperbau und Haar gez\u00fcchtet werden. Sie m\u00fcssen auch ihre jagdlichen Aufgaben beherrschen, sonst w\u00e4ren es ja keine Jagdhunde sondern Sport- oder Begleithunde oder Gebrauchshunde f\u00fcr andere spezielle Eins\u00e4tze. Und hier beginnen die Probleme:<\/p>\n<ul>\n<li>die Jagdverh\u00e4ltnisse sind international sehr verschieden<\/li>\n<li>die Rechtsverh\u00e4ltnisse, wie z.B. der Tierschutz oder die Organisation der Jagdaus\u00fcbung sind international sehr verschieden<\/li>\n<li>die jagdlichen Traditionen sind international sehr verschieden<\/li>\n<li>die Wildarten, die haupts\u00e4chlich bejagd werden k\u00f6nnen, sind abh\u00e4ngig von den unterschiedlichen Landschaftsstrukturen in den verschiedenen L\u00e4ndern.<\/li>\n<\/ul>\n<p>&nbsp;<\/p>\n<p>Woran soll sich denn nun die Rassezucht von Jagdhunden orientieren? Wir kennen bei den Jagdhunden Spezialisten mit fokussierten Einsatzgebieten wie zum Beispiel Schwei\u00dfhunde, Feldhunde oder Apportierhunde. Und dann gibt es noch Generalisten wie zum Beispiel die Kontinentalen Vorstehhunde. Diese arbeiten im Feld, im Wald und im Wasser, vor dem Schuss und nach dem Schuss. Diese Rassen werden auch vielseitige Jagdhunde genannt. Der KlM ist ein vielseitiger Jagdhund!<\/p>\n<p>&nbsp;<\/p>\n<p>Wird er aber auch international als vielseitige Jagdhunderasse gez\u00fcchtet und erhalten? \u2013 Leider nein! Die F.C.I. hat es ihren Mitgliedsstaaten \u00fcberlassen, ob sie die jagdlichen Eignungen bei der Zuchtvoraussetzung \u00fcberhaupt pr\u00fcfen wollen und wenn ja, nach welchen Kriterien und Ma\u00dfst\u00e4ben die Pr\u00fcfungen stattfinden sollen.<\/p>\n<p>&nbsp;<\/p>\n<p>Unsere Mitgliedsclubs bei KlM-International (KlM-I) wollen den KlM als Jagdhund f\u00fcr die J\u00e4ger z\u00fcchten. Die J\u00e4ger brauchen gesunde, zuverl\u00e4ssige und leistungsstarke Hunde, die gut mit ihnen zusammen arbeiten k\u00f6nnen. Manche J\u00e4ger legen auch viel Wert darauf, dass ihr Hund nicht allein ein guter Jagdkamerad sondern auch daheim ein beliebtes Familienmitglied ist \u2013 so wie der KlM.<\/p>\n<p>&nbsp;<\/p>\n<p>Wenn wir die KlM als \u201evielseitige\u201c Jagdhunderasse, wie sie im internationalen F.C.I.-Standard bezeichnet wird, langfristig erhalten wollen, so m\u00fcssen wir international eng zusammenarbeiten, Erfahrungen austauschen, die Zucht, die Gesundheit und die Leistungsf\u00e4higkeit unserer KlM f\u00f6rdern, starkes Erbgut identifizieren und gute Blutlinien \u00fcber die nationalen Grenzen hinweg austauschen. Da gibt es sehr viel zu tun. Vertrauensvolle internationale Zusammenarbeit festigt einerseits auch die Rassezucht, sie braucht aber auch Zeit und ist nur in kleinen Schritten m\u00f6glich. Alles erfolgt auf freiwilliger Basis. Aber mit Geduld und Hartn\u00e4ckigkeit k\u00f6nnen wir viel f\u00fcr die Zukunft der Rasse unserer kleinen Jagdkameraden und auch f\u00fcr eine tierschutzgerechte, \u201efaire\u201c Jagdaus\u00fcbung in unseren L\u00e4ndern tun.<\/p>\n<p>&nbsp;<\/p>\n<p>&nbsp;<\/p>\n<p>&nbsp;<\/p>\n<p>Bernd-Dieter Jesinghausen, Ehrenpr\u00e4sident, Schwabach, im Mai 2013<\/p>\n","protected":false},"excerpt":{"rendered":"<p>Wir freuen uns \u00fcber Ihr Interesse an den Kleinen M\u00fcnsterl\u00e4ndern (KlM). Wir sind die Internationale Dachorganisation der nationalen KlM-Clubs, die sich seit 2006 uns angeschlossen haben. Wir wollen diese sch\u00f6ne, alte Jagdhunderasse, den klassischen KlM, bewahren und international st\u00e4rken. Wir arbeiten mit unseren Mitgliedsclubs daf\u00fcr, unsere Rasse gesund und leistungsf\u00e4hig zu erhalten. Das hei\u00dft, wir [&hellip;]<\/p>\n","protected":false},"author":1,"featured_media":0,"parent":0,"menu_order":0,"comment_status":"closed","ping_status":"closed","template":"","meta":{"_exactmetrics_skip_tracking":false,"_exactmetrics_sitenote_active":false,"_exactmetrics_sitenote_note":"","_exactmetrics_sitenote_category":0,"footnotes":""},"class_list":["post-2734","page","type-page","status-publish","hentry"],"publishpress_future_workflow_manual_trigger":{"enabledWorkflows":[]},"_links":{"self":[{"href":"https:\/\/klm-international.info\/de\/wp-json\/wp\/v2\/pages\/2734","targetHints":{"allow":["GET"]}}],"collection":[{"href":"https:\/\/klm-international.info\/de\/wp-json\/wp\/v2\/pages"}],"about":[{"href":"https:\/\/klm-international.info\/de\/wp-json\/wp\/v2\/types\/page"}],"author":[{"embeddable":true,"href":"https:\/\/klm-international.info\/de\/wp-json\/wp\/v2\/users\/1"}],"replies":[{"embeddable":true,"href":"https:\/\/klm-international.info\/de\/wp-json\/wp\/v2\/comments?post=2734"}],"version-history":[{"count":2,"href":"https:\/\/klm-international.info\/de\/wp-json\/wp\/v2\/pages\/2734\/revisions"}],"predecessor-version":[{"id":2746,"href":"https:\/\/klm-international.info\/de\/wp-json\/wp\/v2\/pages\/2734\/revisions\/2746"}],"wp:attachment":[{"href":"https:\/\/klm-international.info\/de\/wp-json\/wp\/v2\/media?parent=2734"}],"curies":[{"name":"wp","href":"https:\/\/api.w.org\/{rel}","templated":true}]}}