{"id":299,"date":"2017-03-30T15:20:13","date_gmt":"2017-03-30T13:20:13","guid":{"rendered":"http:\/\/web6304.softwerk25.konto.name\/international\/?page_id=299"},"modified":"2022-12-12T05:27:11","modified_gmt":"2022-12-12T04:27:11","slug":"service","status":"publish","type":"page","link":"https:\/\/klm-international.info\/de\/service\/","title":{"rendered":"Service"},"content":{"rendered":"<h2>Formulare und Regelwerke<\/h2>\n<ul>\n<li><a href=\"https:\/\/klm-international.info\/de\/service\/formulare\/\">Formulare<\/a><\/li>\n<li><a href=\"https:\/\/klm-international.info\/de\/service\/regelwerke\/ \u200e\">Regelwerke<\/a><\/li>\n<\/ul>\n<header class=\"entry-header\">\n<hr \/>\n<h2 class=\"entry-title\">Literatur<\/h2>\n<\/header>\n<div id=\"literatur\" class=\"entry-content\">\n<p>Interessante und empfehlenswerte Literatur<\/p>\n<\/div>\n<div id=\"literatur\" class=\"entry-content\">\n<p><img loading=\"lazy\" decoding=\"async\" class=\"size-medium wp-image-6211 alignleft\" src=\"https:\/\/klm-international.info\/media\/2022\/12\/Bok-208x300.jpg\" alt=\"\" width=\"208\" height=\"300\" srcset=\"https:\/\/klm-international.info\/media\/2022\/12\/Bok-208x300.jpg 208w, https:\/\/klm-international.info\/media\/2022\/12\/Bok-711x1024.jpg 711w, https:\/\/klm-international.info\/media\/2022\/12\/Bok-104x150.jpg 104w, https:\/\/klm-international.info\/media\/2022\/12\/Bok-768x1106.jpg 768w, https:\/\/klm-international.info\/media\/2022\/12\/Bok.jpg 833w\" sizes=\"auto, (max-width: 208px) 100vw, 208px\" \/><\/p>\n<p><strong>Anke Meyer &amp; Atle R\u00f8rnes<\/strong><\/p>\n<h4>\nKleiner M\u00fcnsterl\u00e4nder Historia-Tr\u00e4ning-Jakt-Prov<\/h4>\n<p>Das erste Kleine-M\u00fcnsterl\u00e4nder-Buch in skandinavischen Sprachen (schwedisch und norwegisch) ist mehr als nur ein Buch \u00fcber die Rasse Kleiner M\u00fcnsterl\u00e4nder. Der gr\u00f6\u00dfte Teil des Buches ist ein praxisnaher Ratgeber f\u00fcr die Ausbildung des Welpen und die anschlie\u00dfende Phase des Einjagens bis hin zur Jagd selbst. Dar\u00fcber hinaus beschreibt das Buch nat\u00fcrlich die Eigenschaften und die Geschichte der Rasse, die Verbandspr\u00fcfungen, geht auf gesundheitliche Fragen ein und beantwortet h\u00e4ufig gestellte Fragen von Welpenbesitzern. 78 wundersch\u00f6ne Bilder untermalen die Texte ansprechend. Bestellung der schwedischen Version: <a href=\"&#x6d;a&#x69;&#108;&#x74;&#111;&#x3a;&#x61;n&#x6b;&#101;&#x40;&#116;&#x61;&#108;l&#x68;&#101;&#x64;&#46;&#x63;&#111;m\">&#97;&#x6e;&#107;&#x65;&#64;&#x74;a&#x6c;l&#104;&#x65;&#100;&#x2e;&#99;&#x6f;m<\/a>. Norwegische Version: <a href=\"&#x6d;&#x61;&#105;lt&#x6f;&#x3a;&#97;&#116;j&#x40;&#x6c;&#105;&#118;e&#x2e;&#x6e;&#x6f;\">&#x61;&#x74;&#x6a;&#x40;&#108;&#105;&#118;&#101;&#46;no<\/a><\/p>\n<p>Den f\u00f6rsta Kleiner-M\u00fcnsterl\u00e4nder-boken p\u00e5 skandinaviska spr\u00e5k (svenska och norska) \u00e4r mer \u00e4n bara en bok om rasen Kleiner M\u00fcnsterl\u00e4nder. Den st\u00f6rsta delen av boken \u00e4r en praktisk v\u00e4gledning f\u00f6r tr\u00e4ningen av valpen och den efterf\u00f6ljande injagningen fram till sj\u00e4lva jakten. Dessutom beskriver boken givetvis rasens egenskaper och historia, tyska proven, g\u00e5r in p\u00e5 h\u00e4lsofr\u00e5gor och svarar p\u00e5 de vanligaste fr\u00e5gorna fr\u00e5n valp\u00e4gare. 78 vackra bilder ackompanjerar texterna p\u00e5 ett tilltalande s\u00e4tt. Best\u00e4ll via <a href=\"http:\/\/www.tranul\u00f6karnas-hundskola.com\/bok__kleiner_muensterlaender_.html\">http:\/\/www.tranul\u00f6karnas-hundskola.com\/bok__kleiner_muensterlaender_.html<\/a><\/p>\n<p>The first Kleiner-M\u00fcnster-book in Scandinavian languages (Swedish and Norwegian) is more than just a book about the Kleiner M\u00fcnsterl\u00e4nder breed. The largest part of the book is a practical guide for the training of the puppy and the subsequent phase of hunting up to the hunt itself. In addition, the book of course describes the characteristics and history of the breed, the association tests, goes into health questions and answers frequently asked questions from puppy owners. 78 beautiful pictures accompany the texts in an appealing way. Order the Swedish version: <a href=\"&#x6d;&#97;i&#x6c;&#116;o&#x3a;&#97;n&#x6b;&#101;&#64;&#x74;&#97;l&#x6c;&#104;e&#x64;&#46;c&#x6f;&#109;\">&#x61;&#x6e;&#x6b;&#x65;&#x40;&#x74;&#x61;&#x6c;&#x6c;&#x68;&#x65;&#x64;&#x2e;&#x63;&#x6f;&#x6d;<\/a>. Norwegian version: <a href=\"&#109;a&#x69;l&#x74;o&#x3a;a&#x74;&#106;&#x40;&#108;&#x69;&#118;&#x65;&#46;n&#111;\">&#97;t&#x6a;&#64;&#x6c;i&#x76;e&#x2e;n&#x6f;<\/a><\/p>\n<\/div>\n","protected":false},"excerpt":{"rendered":"<p>Formulare und Regelwerke Formulare Regelwerke Literatur Interessante und empfehlenswerte Literatur Anke Meyer &amp; Atle R\u00f8rnes Kleiner M\u00fcnsterl\u00e4nder Historia-Tr\u00e4ning-Jakt-Prov Das erste Kleine-M\u00fcnsterl\u00e4nder-Buch in skandinavischen Sprachen (schwedisch und norwegisch) ist mehr als nur ein Buch \u00fcber die Rasse Kleiner M\u00fcnsterl\u00e4nder. Der gr\u00f6\u00dfte Teil des Buches ist ein praxisnaher Ratgeber f\u00fcr die Ausbildung des Welpen und die anschlie\u00dfende [&hellip;]<\/p>\n","protected":false},"author":1,"featured_media":0,"parent":0,"menu_order":0,"comment_status":"closed","ping_status":"closed","template":"","meta":{"_exactmetrics_skip_tracking":false,"_exactmetrics_sitenote_active":false,"_exactmetrics_sitenote_note":"","_exactmetrics_sitenote_category":0,"footnotes":""},"class_list":["post-299","page","type-page","status-publish","hentry"],"publishpress_future_workflow_manual_trigger":{"enabledWorkflows":[]},"_links":{"self":[{"href":"https:\/\/klm-international.info\/de\/wp-json\/wp\/v2\/pages\/299","targetHints":{"allow":["GET"]}}],"collection":[{"href":"https:\/\/klm-international.info\/de\/wp-json\/wp\/v2\/pages"}],"about":[{"href":"https:\/\/klm-international.info\/de\/wp-json\/wp\/v2\/types\/page"}],"author":[{"embeddable":true,"href":"https:\/\/klm-international.info\/de\/wp-json\/wp\/v2\/users\/1"}],"replies":[{"embeddable":true,"href":"https:\/\/klm-international.info\/de\/wp-json\/wp\/v2\/comments?post=299"}],"version-history":[{"count":11,"href":"https:\/\/klm-international.info\/de\/wp-json\/wp\/v2\/pages\/299\/revisions"}],"predecessor-version":[{"id":6221,"href":"https:\/\/klm-international.info\/de\/wp-json\/wp\/v2\/pages\/299\/revisions\/6221"}],"wp:attachment":[{"href":"https:\/\/klm-international.info\/de\/wp-json\/wp\/v2\/media?parent=299"}],"curies":[{"name":"wp","href":"https:\/\/api.w.org\/{rel}","templated":true}]}}