{"id":304,"date":"2017-03-30T15:35:13","date_gmt":"2017-03-30T13:35:13","guid":{"rendered":"http:\/\/web6304.softwerk25.konto.name\/international\/?page_id=304"},"modified":"2020-01-15T22:00:08","modified_gmt":"2020-01-15T21:00:08","slug":"autoren-verfasser-und-uebersetzer","status":"publish","type":"page","link":"https:\/\/klm-international.info\/de\/impressum\/autoren-verfasser-und-uebersetzer\/","title":{"rendered":"Autoren &#8211; Verfasser und \u00dcbersetzer"},"content":{"rendered":"<p><img loading=\"lazy\" decoding=\"async\" src=\"https:\/\/klm-international.info\/media\/images\/Bilder\/bdj2.jpg\" alt=\"bdj2\" width=\"350\" height=\"328\" \/><\/p>\n<p class=\"art-postcontent\">\u2020 1.1.2020 &#8211; (bdj) Bernd Dieter Jesinghausen, <br \/>\nSchwabenstra\u00dfe 25, <br \/>\nD-91126 Schwabach,<br \/>\n<a href=\"mailto:bd&#64;je&#115;&#105;&#110;&#103;&#104;&#97;&#117;&#115;&#101;&#110;&#46;&#99;&#111;&#109;\">&#98;&#x64;&#64;&#x6a;&#101;&#x73;&#105;&#x6e;&#103;&#x68;&#97;&#x75;s&#x65;n&#x2e;c&#x6f;m<\/a>, <br \/>\n0049 \/ (0) 9122 \/ 73395<\/p>\n<p class=\"art-postcontent\"><strong>Englische \u00dcbersetzung:<br \/>\n<img loading=\"lazy\" decoding=\"async\" src=\"https:\/\/klm-international.info\/media\/images\/Bilder\/ken_bremer.jpg\" alt=\"ken bremer\" width=\"350\" height=\"432\" \/><\/strong><br \/>\n(kb) Ken Bremer<br \/>\n6805 Fox Run<br \/>\nCrystal Lake, IL 60012<br \/>\nCell: 312-375-2796<br \/>\n<a href=\"&#x6d;&#97;&#105;&#x6c;&#x74;&#111;&#58;&#x6b;&#x62;&#114;&#101;&#x6d;&#x65;&#114;&#64;&#x70;&#x6f;&#119;&#101;&#x72;&#x75;&#115;&#101;&#x72;&#x2e;&#99;&#111;&#x6d;\">&#x6b;&#x77;&#x62;&#x72;&#101;&#109;&#101;&#114;&#64;gm&#x61;&#x69;&#x6c;&#x2e;&#x63;&#111;&#109;<\/a><\/p>\n<p class=\"art-postcontent\"><strong>Franz\u00f6sische \u00dcbersetzung:<br \/>\n<img loading=\"lazy\" decoding=\"async\" src=\"https:\/\/klm-international.info\/media\/images\/Bilder\/Germain-Klein.jpg\" alt=\"Germain-Klein\" width=\"350\" height=\"541\" \/><br \/>\n<\/strong><\/p>\n<p class=\"art-postcontent\">(gk) Germain Klein<br \/>\n2 rue de la Ville<br \/>\nF-67460 Souffelweyersheim<br \/>\n<a href=\"&#x6d;a&#x69;&#108;&#x74;&#111;:&#x6b;&#108;&#x65;&#105;n&#x2e;&#103;&#x65;&#114;m&#x61;i&#x6e;&#46;&#x36;&#x37;&#64;&#x67;&#109;&#x61;&#105;l&#x2e;&#99;&#x6f;&#109;\">&#107;&#x6c;e&#105;&#x6e;&#46;&#103;&#x65;r&#x6d;&#x61;&#105;&#x6e;&#46;&#54;&#x37;&#64;&#103;&#x6d;a&#x69;&#x6c;&#46;&#x63;&#x6f;&#109;<\/a><br \/>\nT\u00e9l. 0033 06 76 04 43 72<\/p>\n<hr \/>\n<p class=\"art-postcontent\">Der Verband bedankt sich herzlich f\u00fcr den gro\u00dfen Einsatz und das Engagement der beiden \u00dcbersetzer Germain Klein (franz\u00f6sisch) und Ken Bremer (englisch). Die Autoren freuen sich \u00fcber Fragen, Anregungen und Kommentare.<\/p>\n","protected":false},"excerpt":{"rendered":"<p>\u2020 1.1.2020 &#8211; (bdj) Bernd Dieter Jesinghausen, Schwabenstra\u00dfe 25, D-91126 Schwabach, &#x62;d&#x40;&#106;e&#x73;&#105;&#x6e;&#x67;h&#x61;&#117;s&#x65;&#110;&#x2e;&#99;o&#x6d;, 0049 \/ (0) 9122 \/ 73395 Englische \u00dcbersetzung: (kb) Ken Bremer 6805 Fox Run Crystal Lake, IL 60012 Cell: 312-375-2796 &#x6b;&#x77;&#x62;&#x72;&#x65;&#x6d;&#101;&#114;&#64;&#103;mail&#x2e;&#x63;&#x6f;&#x6d; Franz\u00f6sische \u00dcbersetzung: (gk) Germain Klein 2 rue de la Ville F-67460 Souffelweyersheim &#x6b;&#x6c;&#x65;&#x69;&#110;&#46;&#103;&#101;rma&#x69;&#x6e;&#x2e;&#x36;&#x37;&#64;&#103;&#109;ail&#x2e;&#x63;&#x6f;&#x6d; T\u00e9l. 0033 06 76 04 43 72 Der Verband [&hellip;]<\/p>\n","protected":false},"author":1,"featured_media":0,"parent":152,"menu_order":0,"comment_status":"closed","ping_status":"closed","template":"","meta":{"_exactmetrics_skip_tracking":false,"_exactmetrics_sitenote_active":false,"_exactmetrics_sitenote_note":"","_exactmetrics_sitenote_category":0,"footnotes":""},"class_list":["post-304","page","type-page","status-publish","hentry"],"publishpress_future_workflow_manual_trigger":{"enabledWorkflows":[]},"_links":{"self":[{"href":"https:\/\/klm-international.info\/de\/wp-json\/wp\/v2\/pages\/304","targetHints":{"allow":["GET"]}}],"collection":[{"href":"https:\/\/klm-international.info\/de\/wp-json\/wp\/v2\/pages"}],"about":[{"href":"https:\/\/klm-international.info\/de\/wp-json\/wp\/v2\/types\/page"}],"author":[{"embeddable":true,"href":"https:\/\/klm-international.info\/de\/wp-json\/wp\/v2\/users\/1"}],"replies":[{"embeddable":true,"href":"https:\/\/klm-international.info\/de\/wp-json\/wp\/v2\/comments?post=304"}],"version-history":[{"count":6,"href":"https:\/\/klm-international.info\/de\/wp-json\/wp\/v2\/pages\/304\/revisions"}],"predecessor-version":[{"id":4491,"href":"https:\/\/klm-international.info\/de\/wp-json\/wp\/v2\/pages\/304\/revisions\/4491"}],"up":[{"embeddable":true,"href":"https:\/\/klm-international.info\/de\/wp-json\/wp\/v2\/pages\/152"}],"wp:attachment":[{"href":"https:\/\/klm-international.info\/de\/wp-json\/wp\/v2\/media?parent=304"}],"curies":[{"name":"wp","href":"https:\/\/api.w.org\/{rel}","templated":true}]}}