{"id":362,"date":"2017-07-18T13:48:17","date_gmt":"2017-07-18T11:48:17","guid":{"rendered":"http:\/\/web6304.softwerk25.konto.name\/international\/?page_id=362"},"modified":"2020-05-19T11:17:56","modified_gmt":"2020-05-19T09:17:56","slug":"formulare","status":"publish","type":"page","link":"https:\/\/klm-international.info\/de\/service\/formulare\/","title":{"rendered":"Formulare"},"content":{"rendered":"<p>Hier k\u00f6nnen Sie eine F\u00fclle von aktuellen Formularen, Dokumenten, Anmeldeb\u00f6gen usw. herunterladen.<\/p>\n<p><strong>Um die Formulare ausf\u00fcllen zu k\u00f6nnen, m\u00fcssen Sie diese auf Ihren Computer laden<\/strong>. Die ausgef\u00fcllten Formulare speichern Sie dann auf Ihrem Computer oder drucken diese aus.<\/p>\n<p>Die Formulare sind als .pdf, .xls oder .doc-Dateien auf unserem Server gespeichert, teilweise sind also Microsoft Excel oder Microsoft Word n\u00f6tig.<\/p>\n<p>&nbsp;<\/p>\n<ul>\n<li><a href=\"https:\/\/klm-international.info\/media\/2020\/05\/Lautnachweisformular_3.2020.pdf\">Lautnachweisformular_3.2020<\/a><\/li>\n<li><a href=\"https:\/\/klm-international.info\/media\/2020\/05\/Lautbest\u00e4tigung_Vorgehensweise_3.2020.pdf\">Lautbest\u00e4tigung_Vorgehensweise_3.2020<\/a><\/li>\n<\/ul>\n<p>&nbsp;<\/p>\n<ul>\n<li><a href=\"https:\/\/klm-international.info\/media\/2019\/12\/Meldung-ausl\u00e4ndischer-Deckakt-18.11.19.pdf\">Meldung-ausl\u00e4ndischer-Deckakt-18.11.19<\/a><\/li>\n<\/ul>\n<p>&nbsp;<\/p>\n<ul>\n<li><a href=\"https:\/\/klm-international.info\/media\/2018\/08\/Formblatt-IMP-1-A-Nennung-Hunde-2018-08.pdf\" target=\"_blank\" rel=\"noopener noreferrer\">Nennung IMP-A- Hunde <\/a><\/li>\n<li><a href=\"https:\/\/klm-international.info\/media\/2018\/08\/Formblatt-IMP-1-B-Nennung-Hunde-2018-08.pdf\" target=\"_blank\" rel=\"noopener noreferrer\">Nennung IMP-B-Hunde<\/a><\/li>\n<li><a href=\"https:\/\/klm-international.info\/media\/2017\/07\/IMP-Nennung-Richter-2017.pdf\" target=\"_blank\" rel=\"noopener noreferrer\">Nennung IMP-Richter<\/a><\/li>\n<\/ul>\n<p>&nbsp;<\/p>\n","protected":false},"excerpt":{"rendered":"<p>Hier k\u00f6nnen Sie eine F\u00fclle von aktuellen Formularen, Dokumenten, Anmeldeb\u00f6gen usw. herunterladen. Um die Formulare ausf\u00fcllen zu k\u00f6nnen, m\u00fcssen Sie diese auf Ihren Computer laden. Die ausgef\u00fcllten Formulare speichern Sie dann auf Ihrem Computer oder drucken diese aus. Die Formulare sind als .pdf, .xls oder .doc-Dateien auf unserem Server gespeichert, teilweise sind also Microsoft Excel [&hellip;]<\/p>\n","protected":false},"author":2,"featured_media":0,"parent":299,"menu_order":0,"comment_status":"closed","ping_status":"closed","template":"","meta":{"_exactmetrics_skip_tracking":false,"_exactmetrics_sitenote_active":false,"_exactmetrics_sitenote_note":"","_exactmetrics_sitenote_category":0,"footnotes":""},"class_list":["post-362","page","type-page","status-publish","hentry"],"publishpress_future_workflow_manual_trigger":{"enabledWorkflows":[]},"_links":{"self":[{"href":"https:\/\/klm-international.info\/de\/wp-json\/wp\/v2\/pages\/362","targetHints":{"allow":["GET"]}}],"collection":[{"href":"https:\/\/klm-international.info\/de\/wp-json\/wp\/v2\/pages"}],"about":[{"href":"https:\/\/klm-international.info\/de\/wp-json\/wp\/v2\/types\/page"}],"author":[{"embeddable":true,"href":"https:\/\/klm-international.info\/de\/wp-json\/wp\/v2\/users\/2"}],"replies":[{"embeddable":true,"href":"https:\/\/klm-international.info\/de\/wp-json\/wp\/v2\/comments?post=362"}],"version-history":[{"count":15,"href":"https:\/\/klm-international.info\/de\/wp-json\/wp\/v2\/pages\/362\/revisions"}],"predecessor-version":[{"id":4911,"href":"https:\/\/klm-international.info\/de\/wp-json\/wp\/v2\/pages\/362\/revisions\/4911"}],"up":[{"embeddable":true,"href":"https:\/\/klm-international.info\/de\/wp-json\/wp\/v2\/pages\/299"}],"wp:attachment":[{"href":"https:\/\/klm-international.info\/de\/wp-json\/wp\/v2\/media?parent=362"}],"curies":[{"name":"wp","href":"https:\/\/api.w.org\/{rel}","templated":true}]}}