{"id":45,"date":"2017-03-14T16:23:32","date_gmt":"2017-03-14T15:23:32","guid":{"rendered":"http:\/\/web6304.softwerk25.konto.name\/international\/?page_id=45"},"modified":"2026-04-01T15:26:48","modified_gmt":"2026-04-01T13:26:48","slug":"mitgliedsvereine","status":"publish","type":"page","link":"https:\/\/klm-international.info\/de\/mitgliedsvereine\/","title":{"rendered":"Mitgliedsvereine"},"content":{"rendered":"<p><span style=\"font-size: 8pt;\">Bewegen Sie die Maus \u00fcber die Karte. Bei Klick erreichen Sie die Webseite des Vereins.<\/span><\/p>\n<div id=\"membercards\">\n<div id=\"BE\" class=\"member\">\n<h2><img loading=\"lazy\" decoding=\"async\" class=\"alignnone\" src=\"https:\/\/klm-international.info\/media\/2017\/03\/BE.png\" width=\"27\" height=\"27\" \/>\u00a0BELGIEN<\/h2>\n<p><a href=\"http:\/\/kleinemunsterlandervereniging.be\" target=\"_blank\" rel=\"noopener noreferrer\">www.kleinemunsterlandervereniging.be<\/a><\/p>\n<p>Pr\u00e4sident<br \/>\n<strong>Philip van der Biest<\/strong><br \/>\nGentsestraat 13<br \/>\nB-9520 Zonnegem<br \/>\n<a href=\"&#109;&#x61;i&#108;&#x74;o&#58;&#x70;h&#105;&#x6c;i&#112;&#x2e;v&#97;&#x6e;&#46;&#100;&#x65;r&#46;&#x62;i&#101;&#x73;t&#64;&#x74;e&#108;&#x65;n&#x65;&#x74;&#46;&#x62;&#x65;\">&#x70;h&#x69;&#108;&#x69;&#112;&#46;&#x76;&#97;&#x6e;&#46;d&#x65;&#114;&#x2e;&#98;i&#x65;s&#x74;&#64;&#x74;&#x65;l&#x65;&#110;&#x65;&#116;&#46;&#x62;&#101;<\/a><\/p>\n<\/div>\n<div id=\"DK\" class=\"member\">\n<h2><img loading=\"lazy\" decoding=\"async\" class=\"alignnone\" src=\"https:\/\/klm-international.info\/media\/2017\/03\/DK.png\" width=\"27\" height=\"27\" \/>\u00a0D\u00c4NEMARK<\/h2>\n<p>Dansk M\u00fcnsterl\u00e4nder Klub<br \/>\nInternetseite: <a href=\"http:\/\/www.dmk-online.dk\" target=\"_blank\" rel=\"noopener noreferrer\">www.dmk-online.dk<\/a><br \/>\nVorsitzender: <br \/>\n<strong>Christian N\u00f8hr Hansen<\/strong><br \/>\nEngholmvej 13<br \/>\nDK-4000 Roskilde<br \/>\n+45 23 30 02 03\u00a0 <a href=\"&#x6d;&#97;&#105;l&#x74;&#x6f;&#58;r&#x69;&#x69;&#115;ho&#x6a;&#100;&#109;k&#x40;&#x67;&#109;a&#x69;&#x6c;&#46;&#99;o&#x6d;\"><br \/>\n<\/a><a href=\"&#109;&#x61;i&#x6c;&#x74;&#111;&#x3a;c&#110;&#x68;&#64;&#x70;o&#115;&#x74;&#46;&#x74;e&#108;&#x65;&#46;&#x64;&#x6b;\">cnh&#64;post&#46;&#116;&#101;&#108;&#101;&#46;&#100;&#107;<\/a><\/p>\n<\/div>\n<div id=\"DE\" class=\"member\">\n<h2><img loading=\"lazy\" decoding=\"async\" class=\"alignnone\" src=\"https:\/\/klm-international.info\/media\/2017\/03\/DE.png\" width=\"27\" height=\"27\" \/>\u00a0DEUTSCHLAND<\/h2>\n<p>Verband f\u00fcr Kleine M\u00fcnsterl\u00e4nder Vorstehhunde e.V.<br \/>\n<a href=\"http:\/\/www.kleine-muensterlaender.org\" target=\"_blank\" rel=\"noopener noreferrer\">www.kleine-muensterlaender.org<\/a><\/p>\n<p>Pr\u00e4sident:<br \/>\n<strong>Peter Wessling<\/strong><br \/>\nBersenbr\u00fcck<br \/>\n<a href=\"&#x6d;&#97;i&#x6c;&#x74;&#111;:&#x70;&#114;a&#x65;&#x73;&#105;d&#x65;&#110;t&#x40;&#x6b;&#108;e&#x69;&#x6e;&#101;&#x2d;&#x6d;&#117;e&#x6e;&#x73;&#116;e&#x72;&#108;a&#x65;&#x6e;&#100;e&#x72;&#46;o&#x72;&#x67;\">prae&#115;&#105;&#100;&#101;&#110;&#x74;&#x40;&#x6b;&#x6c;&#x65;&#x69;&#x6e;e-mu&#101;&#110;&#115;&#116;&#101;&#x72;&#x6c;&#x61;&#x65;&#x6e;&#x64;&#x65;&#x72;&#46;org<\/a><\/p>\n<\/div>\n<div id=\"FI\" class=\"member\">\n<h2><img loading=\"lazy\" decoding=\"async\" class=\"alignnone\" src=\"https:\/\/klm-international.info\/media\/2017\/03\/FI.png\" width=\"27\" height=\"27\" \/>\u00a0FINNLAND<\/h2>\n<p>Saksanseisojakerho ry &#8211; Suomen M\u00fcnsterikerho ry<\/p>\n<p><a href=\"http:\/\/www.munsterikerho.com\" target=\"_blank\" rel=\"noopener noreferrer\">www.munsterikerho.com<\/a><\/p>\n<p>Pr\u00e4sident:<\/p>\n<div dir=\"ltr\">Piia Perkki\u00f6<\/div>\n<div dir=\"ltr\">Silkkil\u00e4ntie 128<\/div>\n<div dir=\"ltr\">FIN-21570 Sauvo<\/div>\n<div dir=\"ltr\">\u00a0<\/div>\n<p>Tel +358505624752<\/p>\n<p><a href=\"&#x6d;&#97;&#105;l&#x74;&#x6f;&#58;t&#x69;&#x69;&#110;aj&#x2e;&#97;&#105;k&#x69;&#x6f;&#64;g&#x6d;&#x61;&#105;&#108;&#46;&#x63;&#x6f;&#109;\" target=\"_blank\" rel=\"noopener\">&#x70;&#105;&#105;a&#x2e;&#x70;&#101;r&#x6b;&#x6b;&#105;o&#x40;&#x67;&#109;a&#x69;&#x6c;&#46;c&#x6f;&#x6d;<\/a><\/p>\n<p>&nbsp;<\/p>\n<\/div>\n<div id=\"FR\" class=\"member\">\n<h2><img loading=\"lazy\" decoding=\"async\" class=\"alignnone\" src=\"https:\/\/klm-international.info\/media\/2017\/03\/FR.png\" width=\"27\" height=\"27\" \/>\u00a0FRANKREICH<\/h2>\n<p>Club Francais des Epagneuls de M\u00fcnster et du Langhaar<br \/>\n\u00a0<a href=\"http:\/\/www.cfeml.com\" target=\"_blank\" rel=\"noopener noreferrer\">www.cfeml.com<\/a><\/p>\n<p>Pr\u00e4sident:<br \/>\n<strong>Jimmy Leclercq<\/strong><br \/>\n80 Rue des Hauts Champs<br \/>\nF-76230 Quincampoix<br \/>\nTel: +33 673 99 76 53<br \/>\nMail:ji&#109;&#109;&#121;&#108;&#x65;&#x63;&#x6c;&#x65;&#x72;cq&#64;&#119;&#97;&#110;&#x61;&#x64;&#x6f;&#x6f;&#x2e;fr<\/p>\n<p>Kontaktperson zu Deutschland:<\/p>\n<p>Roger Aeberhard, 4 La Mothe, 52500 Anrosey<br \/>\n&#104;u&#x6e;d&#x65;g&#x65;l&#x61;u&#x74;&#64;&#x77;&#97;&#x6e;&#97;&#x64;&#111;&#x6f;&#46;&#x66;&#114;<br \/>\nTel: 0033 686 57 75 25<\/p>\n<p>&nbsp;<\/p>\n<p>&nbsp;<\/p>\n<\/div>\n<div id=\"US\" class=\"member\">\n<h2><img loading=\"lazy\" decoding=\"async\" class=\"alignnone\" src=\"https:\/\/klm-international.info\/media\/2017\/03\/US.png\" width=\"27\" height=\"27\" \/>\u00a0NORDAMERIKA\u00a0<\/h2>\n<p>ASSOZIIERTER MITGLIEDSVEREIN<\/p>\n<p>Kleine M\u00fcnsterl\u00e4nder Group North America (KlM-GNA)<br \/>\n<a href=\"https:\/\/klm-gna.org\" target=\"_blank\" rel=\"noopener noreferrer\">klm-gna.org<\/a><\/p>\n<p>Pr\u00e4sident<br \/>\n<strong>David Golfetto<\/strong><br \/>\n28120 Grand Duke Drive<br \/>\nFarmington Hills, MI USA 48334<br \/>\nTel.: + 1 (734)751 4642<br \/>\nMail:\u00a0<a href=\"dgol&#102;&#101;&#116;&#116;&#111;&#x40;&#x6f;&#x75;&#x74;&#x6c;&#x6f;&#x6f;k&#46;co&#109;\">&#100;&#x67;&#111;&#x6c;&#102;&#x65;&#116;&#x74;&#111;&#x40;&#111;&#x75;t&#x6c;o&#x6f;k&#x2e;c&#x6f;m<\/a><\/p>\n<p>Kontaktperson zu Deutschland:<br \/>\nKen Bremer<br \/>\n6805 Fox Run<br \/>\nCrystal Lake, IL 60012<br \/>\nTel.: +1 (312) 375 &#8211; 2796<br \/>\n<a href=\"&#x6d;&#97;&#x69;&#x6c;&#116;&#x6f;&#58;k&#x77;&#98;r&#x65;&#109;e&#x72;&#64;g&#x6d;&#97;&#x69;&#x6c;&#46;&#x63;&#x6f;&#109;\">&#107;&#x77;&#98;&#x72;e&#109;&#x65;&#114;&#x40;g&#x6d;a&#105;&#x6c;&#46;&#x63;o&#x6d;<\/a><\/p>\n<\/div>\n<div id=\"NL\" class=\"member\">\n<h2><img loading=\"lazy\" decoding=\"async\" class=\"alignnone\" src=\"https:\/\/klm-international.info\/media\/2017\/03\/NL.png\" width=\"27\" height=\"27\" \/>\u00a0NIEDERLANDE<\/h2>\n<p>Nederlandse Vereniging van Heidewachtelliefhebbers<br \/>\n<a href=\"http:\/\/www.heidewachtelvereniging.nl\" target=\"_blank\" rel=\"noopener noreferrer\">www.heidewachtelvereniging.nl<\/a><\/p>\n<p>Vorsitzende:<br \/>\n<strong>Martine Brenkman-Bongers<\/strong><br \/>\n<a href=\"&#x6d;&#x61;&#105;lt&#x6f;&#x3a;&#118;&#111;o&#x72;&#x7a;&#105;&#116;t&#x65;&#x72;&#x40;&#104;ei&#x64;&#x65;&#119;&#97;c&#x68;&#x74;&#101;&#108;v&#x65;&#x72;&#101;&#110;i&#x67;&#x69;&#x6e;&#103;&#46;n&#x6c;\">&#118;&#x6f;&#x6f;r&#122;&#x69;t&#116;&#x65;&#x72;&#64;&#x68;&#x65;i&#100;&#x65;w&#97;&#x63;&#x68;&#116;&#x65;&#x6c;v&#101;&#x72;e&#110;&#x69;&#x67;&#105;&#x6e;&#x67;&#46;&#110;&#x6c;<\/a><\/p>\n<\/div>\n<div id=\"NO\" class=\"member\">\n<p>&nbsp;<\/p>\n<\/div>\n<div id=\"AT\" class=\"member\">\n<h2><img loading=\"lazy\" decoding=\"async\" class=\"alignnone\" src=\"https:\/\/klm-international.info\/media\/2017\/03\/AT.png\" width=\"27\" height=\"27\" \/>\u00a0\u00d6STERREICH<\/h2>\n<p>\u00d6sterreichischer Verein f\u00fcr Gro\u00dfe und Kleine M\u00fcnsterl\u00e4nder<br \/>\n<a href=\"http:\/\/www.dermuensterlaender.com\">www.dermuensterlaender.com<\/a><\/p>\n<p>Pr\u00e4sident:<br \/>\n<strong>Mag. Philipp Ita<\/strong><br \/>\nStift 1<br \/>\n3321 Ardagger<br \/>\nTel.: 0043\/664\/8417042<br \/>\n<a href=\"&#x6d;&#97;&#x69;&#x6c;t&#x6f;&#58;p&#x72;&#97;e&#x73;&#105;&#x64;&#x65;n&#x74;&#64;d&#x65;&#114;m&#x75;&#101;&#x6e;&#x73;&#116;&#x65;&#x72;l&#x61;&#101;n&#x64;&#101;r&#x2e;&#97;&#x74;\">&#x70;&#x72;&#x61;&#x65;&#x73;&#x69;&#x64;&#101;&#110;&#116;&#64;&#100;ermu&#x65;&#x6e;&#x73;&#x74;&#x65;&#x72;&#x6c;&#x61;&#101;&#110;&#100;&#101;&#114;&#46;at<\/a><\/p>\n<\/div>\n<div id=\"SE\" class=\"member\">\n<h2><img loading=\"lazy\" decoding=\"async\" class=\"alignnone\" src=\"https:\/\/klm-international.info\/media\/2017\/03\/SE.png\" width=\"27\" height=\"27\" \/>\u00a0SCHWEDEN<\/h2>\n<p>Svenska Vorstehklubben<br \/>\n<a href=\"http:\/\/www.vorsteh.se\" target=\"_blank\" rel=\"noopener noreferrer\">www.vorsteh.se<\/a><\/p>\n<p>Vorsitzender:<br \/>\n<b>Maud Rahm<br \/>\n<\/b>Granhultav\u00e4gen21<br \/>\nS-434 99 Kungsbacka<br \/>\nSweden<b><br \/>\n<\/b>Mail:\u00a0<a href=\"&#x6f;&#114;&#x64;&#x66;o&#x72;&#97;n&#x64;&#101;n&#x40;&#118;&#x6f;&#x72;s&#x74;&#101;h&#x2e;&#115;e\">&#111;&#x72;d&#102;&#x6f;r&#97;&#x6e;d&#101;&#x6e;&#64;&#118;&#x6f;r&#115;&#x74;e&#104;&#x2e;s&#101;<\/a><\/p>\n<p>Kontaktperson zu Deutschland:<\/p>\n<p>Heinz Wester <br \/>\nKungshusby 24, Grindtorp <br \/>\nS-745 99 Enk\u00f6ping <br \/>\nTele: +46 70 299 38 80 <br \/>\n<a class=\"moz-txt-link-abbreviated\" href=\"mail&#116;&#111;&#58;&#104;&#101;&#x69;&#x6e;&#x7a;&#x40;&#x73;&#x6d;&#x61;rthu&#110;&#116;&#105;&#110;&#103;&#x2e;&#x73;&#x65;\">&#x68;e&#x69;&#110;z&#x40;&#115;&#x6d;&#x61;r&#x74;&#104;u&#x6e;&#116;&#x69;&#110;g&#x2e;&#115;e<\/a><\/p>\n<\/div>\n<div id=\"CH\" class=\"member\">\n<h2><img loading=\"lazy\" decoding=\"async\" class=\"alignnone\" src=\"https:\/\/klm-international.info\/media\/2017\/03\/CH.png\" width=\"27\" height=\"27\" \/>\u00a0SCHWEIZ<\/h2>\n<p>Schweizer Klub f\u00fcr Kleine M\u00fcnsterl\u00e4nder<br \/>\n<a href=\"http:\/\/www.klm-muensterlaender.ch\" target=\"_blank\" rel=\"noopener noreferrer\">www.klm-muensterlaender.ch<\/a><br \/>\nPr\u00e4sident:<br \/>\n<strong>Urs Hoppler<\/strong><br \/>\nSchulstra\u00dfe 11<br \/>\nCH-8965 Berikon<br \/>\nTel.: 0041\/566336017<br \/>\n<a href=\"&#x6d;&#x61;&#105;lt&#x6f;&#x3a;&#112;&#114;a&#x65;&#x73;&#105;&#100;e&#x6e;&#x74;&#x40;&#107;lm&#x2d;&#x6d;&#117;&#101;n&#x73;&#x74;&#101;&#114;l&#x61;&#x65;&#110;&#100;e&#x72;&#x2e;&#x63;&#104;\">&#x70;&#114;a&#x65;&#115;i&#x64;&#101;n&#x74;&#64;k&#x6c;&#109;-&#x6d;&#117;e&#x6e;&#115;t&#x65;&#114;l&#x61;&#101;n&#x64;&#101;r&#x2e;&#99;h<\/a><\/p>\n<\/div>\n<div id=\"CZ\" class=\"member\">\n<h2><img loading=\"lazy\" decoding=\"async\" class=\"alignnone\" src=\"https:\/\/klm-international.info\/media\/2017\/03\/CZ.png\" width=\"27\" height=\"27\" \/>\u00a0TSCHECHIEN<\/h2>\n<p>Klub dlouhosrstych oharu<br \/>\n<a href=\"http:\/\/www.ohardlouhosrsty.cz\" target=\"_blank\" rel=\"noopener noreferrer\">www.ohardlouhosrsty.cz<\/a><\/p>\n<p>Pr\u00e4sident<br \/>\n<strong>Ing. Ji\u0159\u00ed Kec<\/strong><br \/>\n34194 Srni 170<br \/>\nphone: 0042\/420376599318<br \/>\n<a href=\"mailto:Kec&#46;s&#117;&#109;&#97;&#118;&#97;&#64;&#115;&#101;&#122;&#110;&#97;&#109;&#46;&#99;&#122;\">K&#101;&#x63;&#x2e;s&#117;&#x6d;&#x61;v&#97;&#x40;&#x73;e&#122;&#x6e;&#x61;m&#46;&#x63;&#x7a;<\/a><\/p>\n<p>Kontaktperson zu Deutschland:<br \/>\nPetr Buba<br \/>\nNov\u00fd Dv\u016fr 33<br \/>\nKn\u011b\u017eeves u Rakovn\u00edka<br \/>\nPS\u010c 27001<br \/>\nphone: 0042\/606265615<br \/>\n<a href=\"&#x6d;&#x61;&#x69;&#x6c;&#x74;&#x6f;&#x3a;&#x50;&#x2e;&#x42;&#x75;&#x62;&#x61;&#x40;&#x73;&#x65;&#x7a;&#x6e;&#x61;&#x6d;&#x2e;&#x63;&#122;\">&#x50;&#x2e;&#x42;&#x75;&#98;&#97;&#64;se&#x7a;&#x6e;&#x61;&#x6d;&#x2e;&#99;&#122;<\/a><\/p>\n<\/div>\n<\/div>\n","protected":false},"excerpt":{"rendered":"<p>Bewegen Sie die Maus \u00fcber die Karte. Bei Klick erreichen Sie die Webseite des Vereins. \u00a0BELGIEN www.kleinemunsterlandervereniging.be Pr\u00e4sident Philip van der Biest Gentsestraat 13 B-9520 Zonnegem &#x70;&#x68;&#x69;&#x6c;&#x69;&#x70;&#x2e;&#x76;&#x61;&#x6e;&#x2e;&#100;&#101;&#114;&#46;&#98;&#105;&#101;st&#64;tel&#x65;&#x6e;&#x65;&#x74;&#x2e;&#x62;&#x65; \u00a0D\u00c4NEMARK Dansk M\u00fcnsterl\u00e4nder Klub Internetseite: www.dmk-online.dk Vorsitzender: Christian N\u00f8hr Hansen Engholmvej 13 DK-4000 Roskilde +45 23 30 02 03\u00a0 &#x63;&#x6e;&#104;&#64;p&#x6f;&#x73;&#x74;&#46;&#116;e&#x6c;&#x65;&#x2e;&#100;&#107; \u00a0DEUTSCHLAND Verband f\u00fcr Kleine M\u00fcnsterl\u00e4nder Vorstehhunde e.V. www.kleine-muensterlaender.org [&hellip;]<\/p>\n","protected":false},"author":1,"featured_media":0,"parent":0,"menu_order":0,"comment_status":"closed","ping_status":"closed","template":"page-weltkarte.php","meta":{"_exactmetrics_skip_tracking":false,"_exactmetrics_sitenote_active":false,"_exactmetrics_sitenote_note":"","_exactmetrics_sitenote_category":0,"footnotes":""},"class_list":["post-45","page","type-page","status-publish","hentry"],"publishpress_future_workflow_manual_trigger":{"enabledWorkflows":[]},"_links":{"self":[{"href":"https:\/\/klm-international.info\/de\/wp-json\/wp\/v2\/pages\/45","targetHints":{"allow":["GET"]}}],"collection":[{"href":"https:\/\/klm-international.info\/de\/wp-json\/wp\/v2\/pages"}],"about":[{"href":"https:\/\/klm-international.info\/de\/wp-json\/wp\/v2\/types\/page"}],"author":[{"embeddable":true,"href":"https:\/\/klm-international.info\/de\/wp-json\/wp\/v2\/users\/1"}],"replies":[{"embeddable":true,"href":"https:\/\/klm-international.info\/de\/wp-json\/wp\/v2\/comments?post=45"}],"version-history":[{"count":65,"href":"https:\/\/klm-international.info\/de\/wp-json\/wp\/v2\/pages\/45\/revisions"}],"predecessor-version":[{"id":7723,"href":"https:\/\/klm-international.info\/de\/wp-json\/wp\/v2\/pages\/45\/revisions\/7723"}],"wp:attachment":[{"href":"https:\/\/klm-international.info\/de\/wp-json\/wp\/v2\/media?parent=45"}],"curies":[{"name":"wp","href":"https:\/\/api.w.org\/{rel}","templated":true}]}}