{"id":48,"date":"2017-03-14T16:23:33","date_gmt":"2017-03-14T15:23:33","guid":{"rendered":"http:\/\/web6304.softwerk25.konto.name\/international\/?page_id=48"},"modified":"2022-10-26T10:52:44","modified_gmt":"2022-10-26T08:52:44","slug":"internationale-pruefungen","status":"publish","type":"page","link":"https:\/\/klm-international.info\/de\/internationale-pruefungen\/","title":{"rendered":"Internationale Pr\u00fcfungen"},"content":{"rendered":"<h2>Zielvorstellungen<\/h2>\n<p>Die F.C.I. vereinheitlicht international im Rassestandard das Exterieur, also die \u00e4u\u00dfere Erscheinung. Die jagdliche Leistungs\u00fcberpr\u00fcfung variiert dagegen in den L\u00e4ndern aufgrund von Traditionen und rechtlichen Rahmenbedingungen. Ein Vergleich der Pr\u00fcfungsergebnisse international ist daher schwierig bis unm\u00f6glich. Um den Kleinen und Gro\u00dfen M\u00fcnsterl\u00e4nder international als vielseitigen Jagdgebrauchshund vor und nach dem Schuss im Feld, Wald und Wasser zu erhalten und die jagdlichen Leistungen international vergleichbar \u00fcberpr\u00fcfen zu k\u00f6nnen, arbeitet seit 2007 ein Ausschuss von KlM-International an einer internationalen Pr\u00fcfungsordnung f\u00fcr eine Internationale M\u00fcnsterl\u00e4nderpr\u00fcfung (IMP). Ziel war die Entwicklung einer Pr\u00fcfungsordnung, die jagdnah und praktisch ist und zuchtrelevante Kriterien ber\u00fccksichtigt, denn KlM-I hat erkannt, dass Jagdhundezucht l\u00e4ngst nicht mehr allein national zu steuern ist.<\/p>\n<p>Die Pr\u00fcfungsordnung wurde in zwei Probel\u00e4ufen in 2010 in \u00d6sterreich und 2011 in Deutschland getestet. Die Erfahrungen aus diesen beiden Probel\u00e4ufen sind in die \u00dcberarbeitung der Pr\u00fcfungsordnung eingeflossen. Die Pr\u00fcfungsordnung wurde von der Hauptversammlung von KlM-International 2012 beschlossen und seither regelm\u00e4\u00dfig weiterentwickelt.<\/p>\n<p>In der Hauptversammlung 2012 entstand weiterhin der Vorschlag, neben der anspruchsvollen Pr\u00fcfungsordnung auf Ausleseniveau f\u00fcr die IMP eine weitere Pr\u00fcfungsordnung auf etwas reduziertem Niveau zu entwickeln. Auch diese jagdliche Leistungspr\u00fcfung soll der Feststellung des Zuchtpotentials dienen und zwar auf \u201eBasis \u2013 Niveau\u201c. Damit k\u00f6nnen zwei Internationale M\u00fcnsterl\u00e4nder Pr\u00fcfungen angeboten werden. Die bereits beschossene Pr\u00fcfungsordnung wurde in IMP A umbenannt. Beide Pr\u00fcfungen k\u00f6nnen k\u00fcnftig in der gleichen Rahmenveranstaltung ausgeschrieben werden und die Hundef\u00fchrer k\u00f6nnen sich f\u00fcr eine Variante entscheiden.<\/p>\n<p>Die IMP A (Auslese) ist eine Zuchtpr\u00fcfung auf Ausleseniveau. Die IMP B (Basis) ist dagegen eine Zuchtpr\u00fcfung auf gutem Leistungsniveau. Bei der IMP A ist die nationale Zuchtzulassung Voraussetzung, wogegen die IMP B als Leistungsanlagenpr\u00fcfung ohne vorangegangene Zuchtzulassung absolviert werden kann. \u00c4hnliche Pr\u00fcfungen der Leistungsanlagen werden in verschiedenen KlM-I Mitgliedsl\u00e4ndern mit der Jugendpr\u00fcfung sowie der Herbstzuchtpr\u00fcfung bereits seit langem praktiziert. Hier werden sie in einer Pr\u00fcfung zusammengefasst. Seit 2016 erf\u00fcllt eine bestandene IMP B die Voraussetzungen zur Zucht im Mutterland Deutschland. Ob dies auch in anderen Mitgliedsl\u00e4ndern m\u00f6glich ist, muss zuk\u00fcnftig noch mit den nationalen KlM-I Mitgliedsl\u00e4ndern beraten werden. Im Rahmen von Kompromissen verlangt gegebenenfalls das nationale Land Zusatzleistungen, um die Zuchtzulassung zur Leistungszucht zu erreichen.<\/p>\n<h2>Nennformulare<\/h2>\n<p>Die <a href=\"https:\/\/klm-international.info\/de\/service\/formulare\/#N\">Nennformulare<\/a> f\u00fcr die Zulassung einer Internationalen M\u00fcnsterl\u00e4nder Pr\u00fcfung \u00a0finden Sie im Bereich Service<\/p>\n<h2>Ergebnisse<\/h2>\n<ul>\n<li><a href=\"https:\/\/klm-international.info\/de\/internationale-pruefungen\/ergebnisse-der-imp\/\">Ergebnisse der Pr\u00fcfungen<\/a><\/li>\n<li><a href=\"https:\/\/klm-international.info\/de\/internationale-pruefungen\/presseberichte-imp\/\">Berichte der Pr\u00fcfungen<\/a><\/li>\n<li><a href=\"https:\/\/klm-international.info\/de\/section\/zuchtschau\/\">Berichte von Zuchtschauen<\/a><\/li>\n<\/ul>\n<h2>Pr\u00fcfungsordnung<\/h2>\n<ul>\n<li><a href=\"https:\/\/klm-international.info\/media\/2022\/10\/IMP-Variante-A-mit-Fuchs-Version-2022.pdf\">Pr\u00fcfungsordnung: IMP Variante A mit Fuchs Version 2022<\/a><\/li>\n<li><a href=\"https:\/\/klm-international.info\/media\/2022\/10\/IMP-Variante-B-Version-2022.pdf\">Pr\u00fcfungsordnung: IMP Variante B Version 2022<\/a><\/li>\n<li><a href=\"https:\/\/klm-international.info\/de\/internationale-pruefungen\/andere-pruefungsordnungen\/\">Pr\u00fcfungsordnungen anderer Mitgliedsl\u00e4nder<\/a><\/li>\n<\/ul>\n<p>&nbsp;<\/p>\n","protected":false},"excerpt":{"rendered":"<p>Zielvorstellungen Die F.C.I. vereinheitlicht international im Rassestandard das Exterieur, also die \u00e4u\u00dfere Erscheinung. Die jagdliche Leistungs\u00fcberpr\u00fcfung variiert dagegen in den L\u00e4ndern aufgrund von Traditionen und rechtlichen Rahmenbedingungen. Ein Vergleich der Pr\u00fcfungsergebnisse international ist daher schwierig bis unm\u00f6glich. Um den Kleinen und Gro\u00dfen M\u00fcnsterl\u00e4nder international als vielseitigen Jagdgebrauchshund vor und nach dem Schuss im Feld, Wald [&hellip;]<\/p>\n","protected":false},"author":1,"featured_media":210,"parent":0,"menu_order":0,"comment_status":"closed","ping_status":"closed","template":"","meta":{"_exactmetrics_skip_tracking":false,"_exactmetrics_sitenote_active":false,"_exactmetrics_sitenote_note":"","_exactmetrics_sitenote_category":0,"footnotes":""},"class_list":["post-48","page","type-page","status-publish","has-post-thumbnail","hentry"],"publishpress_future_workflow_manual_trigger":{"enabledWorkflows":[]},"_links":{"self":[{"href":"https:\/\/klm-international.info\/de\/wp-json\/wp\/v2\/pages\/48","targetHints":{"allow":["GET"]}}],"collection":[{"href":"https:\/\/klm-international.info\/de\/wp-json\/wp\/v2\/pages"}],"about":[{"href":"https:\/\/klm-international.info\/de\/wp-json\/wp\/v2\/types\/page"}],"author":[{"embeddable":true,"href":"https:\/\/klm-international.info\/de\/wp-json\/wp\/v2\/users\/1"}],"replies":[{"embeddable":true,"href":"https:\/\/klm-international.info\/de\/wp-json\/wp\/v2\/comments?post=48"}],"version-history":[{"count":49,"href":"https:\/\/klm-international.info\/de\/wp-json\/wp\/v2\/pages\/48\/revisions"}],"predecessor-version":[{"id":6138,"href":"https:\/\/klm-international.info\/de\/wp-json\/wp\/v2\/pages\/48\/revisions\/6138"}],"wp:featuredmedia":[{"embeddable":true,"href":"https:\/\/klm-international.info\/de\/wp-json\/wp\/v2\/media\/210"}],"wp:attachment":[{"href":"https:\/\/klm-international.info\/de\/wp-json\/wp\/v2\/media?parent=48"}],"curies":[{"name":"wp","href":"https:\/\/api.w.org\/{rel}","templated":true}]}}