{"id":644,"date":"2018-06-11T08:05:50","date_gmt":"2018-06-11T06:05:50","guid":{"rendered":"https:\/\/klm-international.info\/?page_id=644"},"modified":"2024-10-07T10:14:17","modified_gmt":"2024-10-07T08:14:17","slug":"praesidium","status":"publish","type":"page","link":"https:\/\/klm-international.info\/de\/klmi\/praesidium\/","title":{"rendered":"Pr\u00e4sidium"},"content":{"rendered":"<p>&nbsp;<\/p>\n<div class=\"praesidium\">\n<div id='gallery-1' class='gallery galleryid-644 gallery-columns-2 gallery-size-medium'><figure class='gallery-item'>\n\t\t\t<div class='gallery-icon landscape'>\n\t\t\t\t<a href='https:\/\/klm-international.info\/media\/2024\/10\/IMGP3454.jpg'><img loading=\"lazy\" decoding=\"async\" width=\"300\" height=\"199\" src=\"https:\/\/klm-international.info\/media\/2024\/10\/IMGP3454-300x199.jpg\" class=\"attachment-medium size-medium\" alt=\"\" aria-describedby=\"gallery-1-7083\" srcset=\"https:\/\/klm-international.info\/media\/2024\/10\/IMGP3454-300x199.jpg 300w, https:\/\/klm-international.info\/media\/2024\/10\/IMGP3454-1024x680.jpg 1024w, https:\/\/klm-international.info\/media\/2024\/10\/IMGP3454-150x100.jpg 150w, https:\/\/klm-international.info\/media\/2024\/10\/IMGP3454-768x510.jpg 768w, https:\/\/klm-international.info\/media\/2024\/10\/IMGP3454.jpg 1200w\" sizes=\"auto, (max-width: 300px) 100vw, 300px\" \/><\/a>\n\t\t\t<\/div>\n\t\t\t\t<figcaption class='wp-caption-text gallery-caption' id='gallery-1-7083'>\n\t\t\t\tPr\u00e4sidentin Martina Maubach,Paulstr. 75 52353 D\u00fcren Fon: +49 0171 4995200 eMail: &#112;&#x72;&#x61;e&#115;&#x69;d&#101;&#x6e;&#x74;i&#110;&#x40;k&#108;&#x6d;&#x2d;i&#110;&#x74;e&#114;&#x6e;&#x61;&#116;&#105;&#x6f;n&#97;&#x6c;&#x2e;&#105;&#x6e;&#x66;o\n\t\t\t\t<\/figcaption><\/figure><figure class='gallery-item'>\n\t\t\t<div class='gallery-icon portrait'>\n\t\t\t\t<a href='https:\/\/klm-international.info\/media\/2017\/03\/1-Foto-Dietrich-Berning.jpg'><img loading=\"lazy\" decoding=\"async\" width=\"230\" height=\"300\" src=\"https:\/\/klm-international.info\/media\/2017\/03\/1-Foto-Dietrich-Berning-230x300.jpg\" class=\"attachment-medium size-medium\" alt=\"\" aria-describedby=\"gallery-1-106\" srcset=\"https:\/\/klm-international.info\/media\/2017\/03\/1-Foto-Dietrich-Berning-230x300.jpg 230w, https:\/\/klm-international.info\/media\/2017\/03\/1-Foto-Dietrich-Berning-115x150.jpg 115w, https:\/\/klm-international.info\/media\/2017\/03\/1-Foto-Dietrich-Berning-768x1000.jpg 768w, https:\/\/klm-international.info\/media\/2017\/03\/1-Foto-Dietrich-Berning-786x1024.jpg 786w, https:\/\/klm-international.info\/media\/2017\/03\/1-Foto-Dietrich-Berning-100x130.jpg 100w, https:\/\/klm-international.info\/media\/2017\/03\/1-Foto-Dietrich-Berning-150x195.jpg 150w, https:\/\/klm-international.info\/media\/2017\/03\/1-Foto-Dietrich-Berning-200x261.jpg 200w, https:\/\/klm-international.info\/media\/2017\/03\/1-Foto-Dietrich-Berning-300x391.jpg 300w, https:\/\/klm-international.info\/media\/2017\/03\/1-Foto-Dietrich-Berning-450x586.jpg 450w, https:\/\/klm-international.info\/media\/2017\/03\/1-Foto-Dietrich-Berning-600x782.jpg 600w, https:\/\/klm-international.info\/media\/2017\/03\/1-Foto-Dietrich-Berning-900x1172.jpg 900w, https:\/\/klm-international.info\/media\/2017\/03\/1-Foto-Dietrich-Berning.jpg 998w\" sizes=\"auto, (max-width: 230px) 100vw, 230px\" \/><\/a>\n\t\t\t<\/div>\n\t\t\t\t<figcaption class='wp-caption-text gallery-caption' id='gallery-1-106'>\n\t\t\t\tEhrenpr\u00e4sident Dietrich Berning, Provinzialstra\u00dfe 24, D-46499 Hamminkeln, &#100;&#x69;e&#x74;r&#105;&#x63;&#104;&#x5f;b&#101;&#x72;&#110;&#x69;n&#x67;&#x40;&#116;&#x2d;o&#x6e;l&#105;&#x6e;&#101;&#x2e;d&#101;, 0049 \/ (0) 2873 \/ 261\n\t\t\t\t<\/figcaption><\/figure><figure class='gallery-item'>\n\t\t\t<div class='gallery-icon portrait'>\n\t\t\t\t<a href='https:\/\/klm-international.info\/media\/2017\/03\/3-Foto-Cor-Bottenheft.jpg'><img loading=\"lazy\" decoding=\"async\" width=\"230\" height=\"300\" src=\"https:\/\/klm-international.info\/media\/2017\/03\/3-Foto-Cor-Bottenheft-230x300.jpg\" class=\"attachment-medium size-medium\" alt=\"\" aria-describedby=\"gallery-1-108\" srcset=\"https:\/\/klm-international.info\/media\/2017\/03\/3-Foto-Cor-Bottenheft-230x300.jpg 230w, https:\/\/klm-international.info\/media\/2017\/03\/3-Foto-Cor-Bottenheft-115x150.jpg 115w, https:\/\/klm-international.info\/media\/2017\/03\/3-Foto-Cor-Bottenheft-768x1000.jpg 768w, https:\/\/klm-international.info\/media\/2017\/03\/3-Foto-Cor-Bottenheft-786x1024.jpg 786w, https:\/\/klm-international.info\/media\/2017\/03\/3-Foto-Cor-Bottenheft-100x130.jpg 100w, https:\/\/klm-international.info\/media\/2017\/03\/3-Foto-Cor-Bottenheft-150x195.jpg 150w, https:\/\/klm-international.info\/media\/2017\/03\/3-Foto-Cor-Bottenheft-200x261.jpg 200w, https:\/\/klm-international.info\/media\/2017\/03\/3-Foto-Cor-Bottenheft-300x391.jpg 300w, https:\/\/klm-international.info\/media\/2017\/03\/3-Foto-Cor-Bottenheft-450x586.jpg 450w, https:\/\/klm-international.info\/media\/2017\/03\/3-Foto-Cor-Bottenheft-600x782.jpg 600w, https:\/\/klm-international.info\/media\/2017\/03\/3-Foto-Cor-Bottenheft-900x1172.jpg 900w, https:\/\/klm-international.info\/media\/2017\/03\/3-Foto-Cor-Bottenheft.jpg 998w\" sizes=\"auto, (max-width: 230px) 100vw, 230px\" \/><\/a>\n\t\t\t<\/div>\n\t\t\t\t<figcaption class='wp-caption-text gallery-caption' id='gallery-1-108'>\n\t\t\t\tEhrenvizepr\u00e4sident Cor Bottenheft, Jan van Nassaupark 78, NL-3844 BS Harderwijk,&#99;&#x2e;&#98;&#x6f;&#116;&#x74;&#101;&#x6e;&#104;&#x65;&#102;&#x74;&#64;&#x63;&#97;&#x69;&#119;&#x61;&#121;&#x2e;&#110;&#x6c;,0031 \/ 341415335\n\t\t\t\t<\/figcaption><\/figure><figure class='gallery-item'>\n\t\t\t<div class='gallery-icon portrait'>\n\t\t\t\t<a href='https:\/\/klm-international.info\/media\/2017\/03\/4-Foto-Henrik-Raae-Andersen.jpg'><img loading=\"lazy\" decoding=\"async\" width=\"230\" height=\"300\" src=\"https:\/\/klm-international.info\/media\/2017\/03\/4-Foto-Henrik-Raae-Andersen-230x300.jpg\" class=\"attachment-medium size-medium\" alt=\"\" aria-describedby=\"gallery-1-109\" srcset=\"https:\/\/klm-international.info\/media\/2017\/03\/4-Foto-Henrik-Raae-Andersen-230x300.jpg 230w, https:\/\/klm-international.info\/media\/2017\/03\/4-Foto-Henrik-Raae-Andersen-115x150.jpg 115w, https:\/\/klm-international.info\/media\/2017\/03\/4-Foto-Henrik-Raae-Andersen-768x1000.jpg 768w, https:\/\/klm-international.info\/media\/2017\/03\/4-Foto-Henrik-Raae-Andersen-786x1024.jpg 786w, https:\/\/klm-international.info\/media\/2017\/03\/4-Foto-Henrik-Raae-Andersen-100x130.jpg 100w, https:\/\/klm-international.info\/media\/2017\/03\/4-Foto-Henrik-Raae-Andersen-150x195.jpg 150w, https:\/\/klm-international.info\/media\/2017\/03\/4-Foto-Henrik-Raae-Andersen-200x261.jpg 200w, https:\/\/klm-international.info\/media\/2017\/03\/4-Foto-Henrik-Raae-Andersen-300x391.jpg 300w, https:\/\/klm-international.info\/media\/2017\/03\/4-Foto-Henrik-Raae-Andersen-450x586.jpg 450w, https:\/\/klm-international.info\/media\/2017\/03\/4-Foto-Henrik-Raae-Andersen-600x782.jpg 600w, https:\/\/klm-international.info\/media\/2017\/03\/4-Foto-Henrik-Raae-Andersen-900x1172.jpg 900w, https:\/\/klm-international.info\/media\/2017\/03\/4-Foto-Henrik-Raae-Andersen.jpg 998w\" sizes=\"auto, (max-width: 230px) 100vw, 230px\" \/><\/a>\n\t\t\t<\/div>\n\t\t\t\t<figcaption class='wp-caption-text gallery-caption' id='gallery-1-109'>\n\t\t\t\tEhrenvizepr\u00e4sident Henrik Raae Andersen, Lunderodvej 82, Marup, DK-4340 T\u00f8ll\u00f8se,&#x65;l&#x76;&#101;r&#x64;&#97;&#x6d;&#x73;&#64;&#x61;&#100;s&#x6c;&#104;&#x6f;&#109;e&#x2e;&#100;k, 0045 \/ 25786665\n\t\t\t\t<\/figcaption><\/figure><figure class='gallery-item'>\n\t\t\t<div class='gallery-icon portrait'>\n\t\t\t\t<a href='https:\/\/klm-international.info\/media\/2018\/11\/d00c4881-81ae-4dc5-b55f-ac488ae9ee54.jpg'><img loading=\"lazy\" decoding=\"async\" width=\"212\" height=\"300\" src=\"https:\/\/klm-international.info\/media\/2018\/11\/d00c4881-81ae-4dc5-b55f-ac488ae9ee54-212x300.jpg\" class=\"attachment-medium size-medium\" alt=\"\" aria-describedby=\"gallery-1-3248\" srcset=\"https:\/\/klm-international.info\/media\/2018\/11\/d00c4881-81ae-4dc5-b55f-ac488ae9ee54-212x300.jpg 212w, https:\/\/klm-international.info\/media\/2018\/11\/d00c4881-81ae-4dc5-b55f-ac488ae9ee54-106x150.jpg 106w, https:\/\/klm-international.info\/media\/2018\/11\/d00c4881-81ae-4dc5-b55f-ac488ae9ee54-768x1087.jpg 768w, https:\/\/klm-international.info\/media\/2018\/11\/d00c4881-81ae-4dc5-b55f-ac488ae9ee54-724x1024.jpg 724w, https:\/\/klm-international.info\/media\/2018\/11\/d00c4881-81ae-4dc5-b55f-ac488ae9ee54-100x142.jpg 100w, https:\/\/klm-international.info\/media\/2018\/11\/d00c4881-81ae-4dc5-b55f-ac488ae9ee54-150x212.jpg 150w, https:\/\/klm-international.info\/media\/2018\/11\/d00c4881-81ae-4dc5-b55f-ac488ae9ee54-200x283.jpg 200w, https:\/\/klm-international.info\/media\/2018\/11\/d00c4881-81ae-4dc5-b55f-ac488ae9ee54-300x425.jpg 300w, https:\/\/klm-international.info\/media\/2018\/11\/d00c4881-81ae-4dc5-b55f-ac488ae9ee54-450x637.jpg 450w, https:\/\/klm-international.info\/media\/2018\/11\/d00c4881-81ae-4dc5-b55f-ac488ae9ee54-600x849.jpg 600w, https:\/\/klm-international.info\/media\/2018\/11\/d00c4881-81ae-4dc5-b55f-ac488ae9ee54.jpg 848w\" sizes=\"auto, (max-width: 212px) 100vw, 212px\" \/><\/a>\n\t\t\t<\/div>\n\t\t\t\t<figcaption class='wp-caption-text gallery-caption' id='gallery-1-3248'>\n\t\t\t\tVizepr\u00e4sident Philipp Ita, Stift 1, A-3321 Ardagger, &#x70;&#x72;&#x61;&#101;&#115;id&#x65;&#x6e;&#x74;&#64;&#100;er&#x6d;&#x75;&#x65;&#110;&#115;te&#x72;&#x6c;&#x61;&#101;&#110;de&#x72;&#x2e;&#x61;&#116;, 0043 \/ (0) 664 8417042\n\t\t\t\t<\/figcaption><\/figure><figure class='gallery-item'>\n\t\t\t<div class='gallery-icon portrait'>\n\t\t\t\t<a href='https:\/\/klm-international.info\/media\/2022\/10\/108F57A3-D01E-437C-B81A-09BD642E0CD5_1_105_c.jpeg'><img loading=\"lazy\" decoding=\"async\" width=\"223\" height=\"300\" src=\"https:\/\/klm-international.info\/media\/2022\/10\/108F57A3-D01E-437C-B81A-09BD642E0CD5_1_105_c-223x300.jpeg\" class=\"attachment-medium size-medium\" alt=\"\" aria-describedby=\"gallery-1-6119\" srcset=\"https:\/\/klm-international.info\/media\/2022\/10\/108F57A3-D01E-437C-B81A-09BD642E0CD5_1_105_c-223x300.jpeg 223w, https:\/\/klm-international.info\/media\/2022\/10\/108F57A3-D01E-437C-B81A-09BD642E0CD5_1_105_c-760x1024.jpeg 760w, https:\/\/klm-international.info\/media\/2022\/10\/108F57A3-D01E-437C-B81A-09BD642E0CD5_1_105_c-111x150.jpeg 111w, https:\/\/klm-international.info\/media\/2022\/10\/108F57A3-D01E-437C-B81A-09BD642E0CD5_1_105_c.jpeg 764w\" sizes=\"auto, (max-width: 223px) 100vw, 223px\" \/><\/a>\n\t\t\t<\/div>\n\t\t\t\t<figcaption class='wp-caption-text gallery-caption' id='gallery-1-6119'>\n\t\t\t\tVizepr\u00e4sident Christian Nohr Hansen, Engholmvej 13, DK-4000 Roskilde, cnh&#64;post&#46;tele&#46;dk, +45 23 30 02 03\n\t\t\t\t<\/figcaption><\/figure><figure class='gallery-item'>\n\t\t\t<div class='gallery-icon portrait'>\n\t\t\t\t<a href='https:\/\/klm-international.info\/media\/2023\/10\/Ernst-mit-Crusoe-1.jpg'><img loading=\"lazy\" decoding=\"async\" width=\"259\" height=\"300\" src=\"https:\/\/klm-international.info\/media\/2023\/10\/Ernst-mit-Crusoe-1-259x300.jpg\" class=\"attachment-medium size-medium\" alt=\"\" aria-describedby=\"gallery-1-6607\" srcset=\"https:\/\/klm-international.info\/media\/2023\/10\/Ernst-mit-Crusoe-1-259x300.jpg 259w, https:\/\/klm-international.info\/media\/2023\/10\/Ernst-mit-Crusoe-1-884x1024.jpg 884w, https:\/\/klm-international.info\/media\/2023\/10\/Ernst-mit-Crusoe-1-130x150.jpg 130w, https:\/\/klm-international.info\/media\/2023\/10\/Ernst-mit-Crusoe-1-768x890.jpg 768w, https:\/\/klm-international.info\/media\/2023\/10\/Ernst-mit-Crusoe-1.jpg 1036w\" sizes=\"auto, (max-width: 259px) 100vw, 259px\" \/><\/a>\n\t\t\t<\/div>\n\t\t\t\t<figcaption class='wp-caption-text gallery-caption' id='gallery-1-6607'>\n\t\t\t\t Gesch\u00e4ftsf\u00fchrer Ernst Zeimetz, Forsthausstr. 8, D-56288 Kastellaun, mail: &#x65;&#x72;&#x6e;&#115;&#116;&#64;z&#x65;&#x69;&#x6d;&#x65;&#116;&#122;&#46;d&#x65;\n\t\t\t\t<\/figcaption><\/figure>\n\t\t<\/div>\n\n<\/div>\n<p>&nbsp;<\/p>\n<p>&nbsp;<\/p>\n","protected":false},"excerpt":{"rendered":"<p>&nbsp; &nbsp; &nbsp;<\/p>\n","protected":false},"author":1,"featured_media":0,"parent":652,"menu_order":0,"comment_status":"closed","ping_status":"closed","template":"","meta":{"_exactmetrics_skip_tracking":false,"_exactmetrics_sitenote_active":false,"_exactmetrics_sitenote_note":"","_exactmetrics_sitenote_category":0,"footnotes":""},"class_list":["post-644","page","type-page","status-publish","hentry"],"publishpress_future_workflow_manual_trigger":{"enabledWorkflows":[]},"_links":{"self":[{"href":"https:\/\/klm-international.info\/de\/wp-json\/wp\/v2\/pages\/644","targetHints":{"allow":["GET"]}}],"collection":[{"href":"https:\/\/klm-international.info\/de\/wp-json\/wp\/v2\/pages"}],"about":[{"href":"https:\/\/klm-international.info\/de\/wp-json\/wp\/v2\/types\/page"}],"author":[{"embeddable":true,"href":"https:\/\/klm-international.info\/de\/wp-json\/wp\/v2\/users\/1"}],"replies":[{"embeddable":true,"href":"https:\/\/klm-international.info\/de\/wp-json\/wp\/v2\/comments?post=644"}],"version-history":[{"count":18,"href":"https:\/\/klm-international.info\/de\/wp-json\/wp\/v2\/pages\/644\/revisions"}],"predecessor-version":[{"id":7086,"href":"https:\/\/klm-international.info\/de\/wp-json\/wp\/v2\/pages\/644\/revisions\/7086"}],"up":[{"embeddable":true,"href":"https:\/\/klm-international.info\/de\/wp-json\/wp\/v2\/pages\/652"}],"wp:attachment":[{"href":"https:\/\/klm-international.info\/de\/wp-json\/wp\/v2\/media?parent=644"}],"curies":[{"name":"wp","href":"https:\/\/api.w.org\/{rel}","templated":true}]}}