{"id":652,"date":"2018-06-11T08:05:50","date_gmt":"2018-06-11T06:05:50","guid":{"rendered":"https:\/\/klm-international.info\/?page_id=652"},"modified":"2018-09-20T17:12:27","modified_gmt":"2018-09-20T15:12:27","slug":"klmi","status":"publish","type":"page","link":"https:\/\/klm-international.info\/de\/klmi\/","title":{"rendered":"Historie \u2013 Entstehung KlM-International"},"content":{"rendered":"<p><strong>Entstehung KlM-International<\/strong><\/p>\n<p>&nbsp;<\/p>\n<p>Unsere KlM wurden zu Beginn des 20. Jahrhunderts schnell \u00fcber die deutschen Landesgrenzen hinaus bekannt und bei den J\u00e4gern beliebt. Schon 1921 wurde der Niederl\u00e4ndische Heidewachtel-Club gegr\u00fcndet. 1947 wurde er neu gegr\u00fcndet. In den 40-er Jahren verlagerte sich das Pr\u00fcfungsgeschehen bei den KlM immer mehr von Deutschland nach \u00d6sterreich. In Tschechien wurde 1935 eine KlM-Organisation gegr\u00fcndet. KlM wurden in den skandinavischen L\u00e4ndern gez\u00fcchtet und gef\u00fchrt. 1968 wurde der d\u00e4nische KlM-Club gegr\u00fcndet, welcher sich sehr aktiv und erfolgreich bis heute weiterentwickelte. In Frankreich und Luxemburg wurden ebenfalls KlM gez\u00fcchtet und auch auf Ausstellungen sehr erfolgreich vorgestellt. Internationale Pr\u00fcfungen fanden vornehmlich in \u00d6sterreich und Tschechien statt. Man kann also sagen, dass die KlM schon im vergangenen Jahrhundert eine internationale Historie hatten. Die Zahlen waren noch \u00fcberschaubar und viele Z\u00fcchter und F\u00fchrer \u00fcber die Grenzen hinweg in Kontakt. Ausstellungen und Pr\u00fcfungen verbanden die Aktivit\u00e4ten.<\/p>\n<figure id=\"attachment_86\" aria-describedby=\"caption-attachment-86\" style=\"width: 1300px\" class=\"wp-caption alignnone\"><img loading=\"lazy\" decoding=\"async\" class=\"wp-image-86 size-full\" src=\"http:\/\/www.klm-international.info\/media\/2017\/03\/1-Foto-Feldpruefung-1976-in-Daenemark.jpg\" alt=\"\" width=\"1300\" height=\"771\" srcset=\"https:\/\/klm-international.info\/media\/2017\/03\/1-Foto-Feldpruefung-1976-in-Daenemark.jpg 1300w, https:\/\/klm-international.info\/media\/2017\/03\/1-Foto-Feldpruefung-1976-in-Daenemark-300x178.jpg 300w, https:\/\/klm-international.info\/media\/2017\/03\/1-Foto-Feldpruefung-1976-in-Daenemark-768x455.jpg 768w, https:\/\/klm-international.info\/media\/2017\/03\/1-Foto-Feldpruefung-1976-in-Daenemark-1024x607.jpg 1024w, https:\/\/klm-international.info\/media\/2017\/03\/1-Foto-Feldpruefung-1976-in-Daenemark-100x59.jpg 100w, https:\/\/klm-international.info\/media\/2017\/03\/1-Foto-Feldpruefung-1976-in-Daenemark-150x89.jpg 150w, https:\/\/klm-international.info\/media\/2017\/03\/1-Foto-Feldpruefung-1976-in-Daenemark-200x119.jpg 200w, https:\/\/klm-international.info\/media\/2017\/03\/1-Foto-Feldpruefung-1976-in-Daenemark-450x267.jpg 450w, https:\/\/klm-international.info\/media\/2017\/03\/1-Foto-Feldpruefung-1976-in-Daenemark-600x356.jpg 600w, https:\/\/klm-international.info\/media\/2017\/03\/1-Foto-Feldpruefung-1976-in-Daenemark-900x534.jpg 900w\" sizes=\"auto, (max-width: 1300px) 100vw, 1300px\" \/><figcaption id=\"caption-attachment-86\" class=\"wp-caption-text\">Feldpr\u00fcfung 1976 in D\u00e4nemark v.l.n.r.: R\u00fcde \u201eDirck\u201c 01182\/75 mit F\u00fchrer E. Danielsen, 1. Vorsitzender des D\u00e4nischen M\u00fcnsterl\u00e4nder-Klubs; H\u00fcndin \u201eSteengards Assi\u201c 26419\/74, Int. Ausstellung Otterup 1976 beste H\u00fcndin, mit F\u00fchrer P. Porsild; R\u00fcde \u201eDachs von der Ochtum\u201c 74-0823 F\u00fchrer Rolf Kanngieser (Deutschland)<\/figcaption><\/figure>\n<p>Leider entwickelten sich nach dem zweiten Weltkrieg die nationalen Zucht- und Pr\u00fcfungsaktivit\u00e4ten immer mehr auseinander. Das lag zum einen an den unterschiedlichen jagdlichen Traditionen, den verschiedenartigen Jagd- und Wildverh\u00e4ltnissen sowie den rechtlichen Rahmenbedingungen. Dazu kam, dass im Ausland die Zuchtvereine nicht selbst\u00e4ndig waren und bis heute von ihren nationalen F.C.I. Mitgliedsorganisationen abh\u00e4ngig sind, welche auch die Ahnentafeln ausstellen. Zum anderen lag es auch daran, dass es keine systematischen grenz\u00fcbergreifenden Kooperationen oder Koordination gab. Zucht- und Pr\u00fcfungsaktivit\u00e4ten kamen nur durch einzelne Z\u00fcchter und F\u00fchrer \u00fcber die Grenzen hinweg zustande.<\/p>\n<p>&nbsp;<\/p>\n<p>In den 90-er Jahren und weit bis in das neue Jahrtausend hinein waren ausl\u00e4ndische F\u00fchrerinnen und F\u00fchrer mit ihren KlM auf unseren deutschen Pr\u00fcfungs- und Zuchtschauveranstaltungen selten geworden. Die guten Kontakte und der rege Erfahrungsaustausch mit den KlM-Freunden insbesondere aus dem benachbarten Ausland waren eingeschlafen bis auf vereinzelte Verbindungen auf Z\u00fcchterebene. Es wuchs das Problem, dass sich in manchen L\u00e4ndern eigene KlM-Hundetypen entwickelten, abh\u00e4ngig von unterschiedlichen praktischen und traditionellen Jagdverh\u00e4ltnissen. Der urspr\u00fcngliche und vielseitige Charakter der KlM drohte langsam zu verw\u00e4ssern und in nationalen Varianten zu m\u00fcnden. Die Zahl der im Ausland gew\u00f6lften KlM war inzwischen gr\u00f6\u00dfer als in Deutschland. Die F.C.I., als internationale Vereinigung der Rassezuchtverb\u00e4nde, sorgte zwar f\u00fcr die Einhaltung des Rassestandards im K\u00f6rperbau und Haar \u2013 nicht aber f\u00fcr einheitliche Leistungsstandards. Eine breite, internationale Leistungszucht nach vergleichbaren Kriterien war nicht m\u00f6glich. Nach unserer Auffassung sollte der KlM jedoch als vielseitiger Jagdgebrauchshund langfristig erhalten bleiben. Nur, wie konnte dies erreicht werden?<\/p>\n<p>&nbsp;<\/p>\n<p>Seit einigen Jahren hatten es in Deutschland die kontinentalen Vorstehhunderassen Deutsch Drahthaar und Deutsch Kurzhaar sowie einige andere Jagdhunderassen wie z.B. die Teckel vorgemacht: Sie hatten Weltverb\u00e4nde f\u00fcr ihre Rassen gegr\u00fcndet. Internationale Pr\u00fcfungen werden auf der Grundlage einheitlicher Pr\u00fcfungsordnungen durchgef\u00fchrt. Ein direkter Einfluss auf die Zuchtentwicklung und \u2013steuerung ist zwar auch in den Weltverb\u00e4nden nur sehr begrenzt m\u00f6glich, da die Zuchtentscheidungen immer in den H\u00e4nden der nationalen F.C.I. Mitgliedsorganisationen liegen. Und das Verh\u00e4ltnis eines nationalen Rasseverbands zu seiner F.C.I. Mitgliedsorganisation von Land zu Land unterschiedlich ist. Trotzdem kann in einem Weltverband vieles grenz\u00fcbergreifend diskutiert, koordiniert, abgestimmt oder vereinheitlicht werden. Auch der regelm\u00e4\u00dfige Erfahrungsaustausch ist sehr wichtig. F\u00fcr dieses alles ist der menschliche, pers\u00f6nliche Kontakt entscheidend.<\/p>\n<figure id=\"attachment_82\" aria-describedby=\"caption-attachment-82\" style=\"width: 1300px\" class=\"wp-caption alignnone\"><img loading=\"lazy\" decoding=\"async\" class=\"wp-image-82 size-full\" src=\"http:\/\/www.klm-international.info\/media\/2017\/03\/2-Foto-Pressegespraech.jpg\" alt=\"\" width=\"1300\" height=\"605\" srcset=\"https:\/\/klm-international.info\/media\/2017\/03\/2-Foto-Pressegespraech.jpg 1300w, https:\/\/klm-international.info\/media\/2017\/03\/2-Foto-Pressegespraech-300x140.jpg 300w, https:\/\/klm-international.info\/media\/2017\/03\/2-Foto-Pressegespraech-768x357.jpg 768w, https:\/\/klm-international.info\/media\/2017\/03\/2-Foto-Pressegespraech-1024x477.jpg 1024w, https:\/\/klm-international.info\/media\/2017\/03\/2-Foto-Pressegespraech-100x47.jpg 100w, https:\/\/klm-international.info\/media\/2017\/03\/2-Foto-Pressegespraech-150x70.jpg 150w, https:\/\/klm-international.info\/media\/2017\/03\/2-Foto-Pressegespraech-200x93.jpg 200w, https:\/\/klm-international.info\/media\/2017\/03\/2-Foto-Pressegespraech-450x209.jpg 450w, https:\/\/klm-international.info\/media\/2017\/03\/2-Foto-Pressegespraech-600x279.jpg 600w, https:\/\/klm-international.info\/media\/2017\/03\/2-Foto-Pressegespraech-900x419.jpg 900w\" sizes=\"auto, (max-width: 1300px) 100vw, 1300px\" \/><figcaption id=\"caption-attachment-82\" class=\"wp-caption-text\">2. Internationales Treffen am 29.09.2005 v.l.n.r.: Lena Gillstedt (Schweden), Bernd-Dieter Jesinghausen (Deutschland), Tom McDonald (Nordamerika), Dr. J\u00fcrgen B\u00f6hm (Deutschland), Henrik Raae Andersen (D\u00e4nemark), Petr Buba (Tschechien), Cor Bottenheft (Niederlande), Urs Hoppler (Schweiz)<\/figcaption><\/figure>\n<p>So kam es nach mehrj\u00e4hrigen Vorbereitungen im Fr\u00fchjahr 2006 zur Gr\u00fcndung eines Weltverbandes f\u00fcr die<br \/>\nKlM-Rasse: KlM-International (KlM-I).<\/p>\n<p>&nbsp;<\/p>\n<p>Vier Jahre waren n\u00f6tig, bevor am 20. Mai 2006 in Fulda\/Almendorf die Vertreter von acht ausl\u00e4ndischen KlM-Vereinen zusammenkamen. Es waren G\u00e4ste aus USA, \u00d6sterreich, Holland, D\u00e4nemark, Frankreich, Tschechien, Schweiz und Schweden gekommen, um an der Gr\u00fcndungsversammlung teilzunehmen. Bis heute sind noch die KlM-Vereine aus Belgien und Norwegen dazu gesto\u00dfen. Viele Fragen standen erst einmal im Raum:<\/p>\n<ul>\n<li>Welche Ziele wollen wir verfolgen?<\/li>\n<li>Wie kann man Zucht-und Pr\u00fcfungsergebnisse miteinander vergleichen?<\/li>\n<li>Welche jagdlichen, organisatorischen und rechtlichen Bedingungen sind zu ber\u00fccksichtigen?<\/li>\n<li>Welche Traditionen spielen eine gro\u00dfe Rolle?<\/li>\n<li>Will vielleicht das deutsche Mutterland der Rasse die gewachsenen ausl\u00e4ndischen Vereine durch KlM-I an die Leine nehmen, um die Entwicklungen besser kontrollieren zu k\u00f6nnen?<\/li>\n<li>Wo sollen die Schwerpunkte der Arbeit in den n\u00e4chsten Jahren liegen?<\/li>\n<li>Welche Vorteile haben die Z\u00fcchter und F\u00fchrer von KlM-I? usw.<\/li>\n<\/ul>\n<p>&nbsp;<\/p>\n<p>Es wurde viel diskutiert und die freundliche Grundstimmung, der Wunsch, Gemeinsamkeiten zu st\u00e4rken sowie die pers\u00f6nlichen Kontakte wurden immer besser. Der Abend wurde immer l\u00e4nger und heute erinnern sich die Teilnehmer noch gerne an die Gespr\u00e4che und die gem\u00fctlichen Stunden im Hotel Berghof im Dorf Almendorf bei Fulda.<\/p>\n<figure id=\"attachment_83\" aria-describedby=\"caption-attachment-83\" style=\"width: 1300px\" class=\"wp-caption alignnone\"><img loading=\"lazy\" decoding=\"async\" class=\"wp-image-83 size-full\" src=\"http:\/\/www.klm-international.info\/media\/2017\/03\/3-Foto-Gruendungsversammlung.jpg\" alt=\"\" width=\"1300\" height=\"720\" srcset=\"https:\/\/klm-international.info\/media\/2017\/03\/3-Foto-Gruendungsversammlung.jpg 1300w, https:\/\/klm-international.info\/media\/2017\/03\/3-Foto-Gruendungsversammlung-300x166.jpg 300w, https:\/\/klm-international.info\/media\/2017\/03\/3-Foto-Gruendungsversammlung-768x425.jpg 768w, https:\/\/klm-international.info\/media\/2017\/03\/3-Foto-Gruendungsversammlung-1024x567.jpg 1024w, https:\/\/klm-international.info\/media\/2017\/03\/3-Foto-Gruendungsversammlung-100x55.jpg 100w, https:\/\/klm-international.info\/media\/2017\/03\/3-Foto-Gruendungsversammlung-150x83.jpg 150w, https:\/\/klm-international.info\/media\/2017\/03\/3-Foto-Gruendungsversammlung-200x111.jpg 200w, https:\/\/klm-international.info\/media\/2017\/03\/3-Foto-Gruendungsversammlung-450x249.jpg 450w, https:\/\/klm-international.info\/media\/2017\/03\/3-Foto-Gruendungsversammlung-600x332.jpg 600w, https:\/\/klm-international.info\/media\/2017\/03\/3-Foto-Gruendungsversammlung-900x498.jpg 900w\" sizes=\"auto, (max-width: 1300px) 100vw, 1300px\" \/><figcaption id=\"caption-attachment-83\" class=\"wp-caption-text\">Gr\u00fcndungsversammlung am 20.05.2006 in Fulda Die Gr\u00fcndungsmitglieder<\/figcaption><\/figure>\n<p>Am n\u00e4chsten Tag wurden dann einstimmig die Gr\u00fcndung des Weltverbandes sowie die Satzung beschlossen und das erste Pr\u00e4sidium gew\u00e4hlt. Neben dem Pr\u00e4sidenten, der regelm\u00e4\u00dfig aus dem Mutterland der Rasse kommt, stehen zwei Vizepr\u00e4sidenten aus dem Ausland sowie ein Gesch\u00e4ftsf\u00fchrer auf Vorschlag des Pr\u00e4sidenten. Gew\u00e4hlt wurden neben Bernd-Dieter Jesinghausen Cor Bottenheft aus den Niederlanden und Henrik R. Andersen aus D\u00e4nemark. Gesch\u00e4ftsf\u00fchrer wurde Dr. J\u00fcrgen B\u00f6hm, dessen Nachfolgerin seit 2010 Jacqueline Mette wurde. KlM-I vereinigt zurzeit ca. 10.000 Mitglieder. Ca. 2.700 Welpen kommen j\u00e4hrlich in den Mitgliedsvereinen zur Welt.<\/p>\n<figure id=\"attachment_84\" aria-describedby=\"caption-attachment-84\" style=\"width: 1300px\" class=\"wp-caption alignnone\"><img loading=\"lazy\" decoding=\"async\" class=\"wp-image-84 size-full\" src=\"http:\/\/www.klm-international.info\/media\/2017\/03\/4-Foto-Hauptversammlung.jpg\" alt=\"\" width=\"1300\" height=\"831\" srcset=\"https:\/\/klm-international.info\/media\/2017\/03\/4-Foto-Hauptversammlung.jpg 1300w, https:\/\/klm-international.info\/media\/2017\/03\/4-Foto-Hauptversammlung-300x192.jpg 300w, https:\/\/klm-international.info\/media\/2017\/03\/4-Foto-Hauptversammlung-768x491.jpg 768w, https:\/\/klm-international.info\/media\/2017\/03\/4-Foto-Hauptversammlung-1024x655.jpg 1024w, https:\/\/klm-international.info\/media\/2017\/03\/4-Foto-Hauptversammlung-100x64.jpg 100w, https:\/\/klm-international.info\/media\/2017\/03\/4-Foto-Hauptversammlung-150x96.jpg 150w, https:\/\/klm-international.info\/media\/2017\/03\/4-Foto-Hauptversammlung-200x128.jpg 200w, https:\/\/klm-international.info\/media\/2017\/03\/4-Foto-Hauptversammlung-450x288.jpg 450w, https:\/\/klm-international.info\/media\/2017\/03\/4-Foto-Hauptversammlung-600x384.jpg 600w, https:\/\/klm-international.info\/media\/2017\/03\/4-Foto-Hauptversammlung-900x575.jpg 900w\" sizes=\"auto, (max-width: 1300px) 100vw, 1300px\" \/><figcaption id=\"caption-attachment-84\" class=\"wp-caption-text\">Hauptversammlung 18.07.2010 in N\u00fcrnberg Die Vertreter der Mitgliedsl\u00e4nder v.l.n.r.: Urs Hoppler und Ernst Krebs (Schweiz), Atle Johannesen (Norwegen), Ji\u0159\u00ed Kec und Petr Buba (Tschechien), Peter H\u00fcbler und Thomas Niederecker (\u00d6sterreich), Cor Bottenheft (Niederlande), Nanda Adriaansen (Belgien), Tom McDonald (Nordamerika), Henrik Raae Andersen (D\u00e4nemark) kniend<\/figcaption><\/figure>\n<p>Es wurde auch eine sogenannte Kooperationsvereinbarung zwischen KlM-I einerseits und der F.C.I. sowie dem VDH (Verband f\u00fcr das Deutsche Hundewesen) andererseits geschlossen. Diese muss jedoch noch Seitens der F.C.I. mit Leben erf\u00fcllt werden und darf nicht nur auf dem Papier stehen bleiben.<\/p>\n<p>&nbsp;<\/p>\n<p>Das erste gr\u00f6\u00dfere Projekt sollte die Entwicklung einer internationalen Auslesepr\u00fcfung f\u00fcr unsere KlM sein. Eine Arbeitsgruppe, in der KlM-Vertreter aus \u00d6sterreich, der Tschechischen Republik, Niederlande, Frankreich und Deutschland zusammenarbeiteten, entwickelte zwei Jahre lang das Konzept f\u00fcr die Pr\u00fcfungsordnung. Der Verband f\u00fcr Gro\u00dfe M\u00fcnsterl\u00e4nder Jagdhunde beteiligte sich ebenfalls an der Arbeit. Anschlie\u00dfend wurden Probel\u00e4ufe der neuen Pr\u00fcfungsordnung in \u00d6sterreich und in Deutschland durchgef\u00fchrt. Alle Erfahrungen wurden sorgf\u00e4ltig ausgewertet und die Pr\u00fcfungsordnung mit dem Namen Internationale M\u00fcnsterl\u00e4nder-Pr\u00fcfung (IMP) wurde abschlie\u00dfend von der Hauptversammlung von KlM-I 2012 verabschiedet und beschlossen.<\/p>\n<p>&nbsp;<\/p>\n<p>Ohne Geduld, Beharrlichkeit und guter Zusammenarbeit k\u00f6nnen wir den langen Weg, der noch vor uns liegt, nicht bestehen, um unseren Z\u00fcchtern weltweit eine langfristig stabile, gesunde und leistungsf\u00e4hige Zuchtbasis f\u00fcr den klassischen Kleinen M\u00fcnsterl\u00e4nder zu garantieren und viele vergleichbare, verl\u00e4ssliche Informationen \u00fcber das Zuchtmaterial, \u00fcber Pr\u00fcfungen, Gesundheitsrisiken, Blutlinien usw. anzubieten.<\/p>\n<p>&nbsp;<\/p>\n<p>Diese Motivation w\u00fcnschen wir allen Beteiligten! Nur so k\u00f6nnen wir langfristig das Potential, welches in der 150-j\u00e4hrigen Zucht steckt, bewahren und weiterentwickeln sowie ihren Wert erhalten.<\/p>\n<p>&nbsp;<\/p>\n<p><a href=\"http:\/\/www.klm-international.info\/media\/2017\/03\/klmi_webicon.jpg\"><img loading=\"lazy\" decoding=\"async\" class=\"alignleft wp-image-7 size-thumbnail\" src=\"http:\/\/www.klm-international.info\/media\/2017\/03\/klmi_webicon-150x150.jpg\" alt=\"\" width=\"150\" height=\"150\" srcset=\"https:\/\/klm-international.info\/media\/2017\/03\/klmi_webicon-150x150.jpg 150w, https:\/\/klm-international.info\/media\/2017\/03\/klmi_webicon-300x300.jpg 300w, https:\/\/klm-international.info\/media\/2017\/03\/klmi_webicon-100x100.jpg 100w, https:\/\/klm-international.info\/media\/2017\/03\/klmi_webicon-200x200.jpg 200w, https:\/\/klm-international.info\/media\/2017\/03\/klmi_webicon-450x450.jpg 450w, https:\/\/klm-international.info\/media\/2017\/03\/klmi_webicon.jpg 512w\" sizes=\"auto, (max-width: 150px) 100vw, 150px\" \/><\/a><\/p>\n<p>&nbsp;<\/p>\n<p>Das \u201eStrichh\u00fcndchen\u201c wurde 2004 von Heiner Meiling entworfen und ist das Logo von KlM-International.<\/p>\n<p>&nbsp;<\/p>\n<p>&nbsp;<\/p>\n<p>&nbsp;<\/p>\n<p>&nbsp;<\/p>\n<p>&nbsp;<\/p>\n<p>&nbsp;<\/p>\n","protected":false},"excerpt":{"rendered":"<p>Entstehung KlM-International &nbsp; Unsere KlM wurden zu Beginn des 20. Jahrhunderts schnell \u00fcber die deutschen Landesgrenzen hinaus bekannt und bei den J\u00e4gern beliebt. Schon 1921 wurde der Niederl\u00e4ndische Heidewachtel-Club gegr\u00fcndet. 1947 wurde er neu gegr\u00fcndet. In den 40-er Jahren verlagerte sich das Pr\u00fcfungsgeschehen bei den KlM immer mehr von Deutschland nach \u00d6sterreich. In Tschechien wurde [&hellip;]<\/p>\n","protected":false},"author":1,"featured_media":0,"parent":0,"menu_order":0,"comment_status":"closed","ping_status":"closed","template":"full-width-page.php","meta":{"_exactmetrics_skip_tracking":false,"_exactmetrics_sitenote_active":false,"_exactmetrics_sitenote_note":"","_exactmetrics_sitenote_category":0,"footnotes":""},"class_list":["post-652","page","type-page","status-publish","hentry"],"publishpress_future_workflow_manual_trigger":{"enabledWorkflows":[]},"_links":{"self":[{"href":"https:\/\/klm-international.info\/de\/wp-json\/wp\/v2\/pages\/652","targetHints":{"allow":["GET"]}}],"collection":[{"href":"https:\/\/klm-international.info\/de\/wp-json\/wp\/v2\/pages"}],"about":[{"href":"https:\/\/klm-international.info\/de\/wp-json\/wp\/v2\/types\/page"}],"author":[{"embeddable":true,"href":"https:\/\/klm-international.info\/de\/wp-json\/wp\/v2\/users\/1"}],"replies":[{"embeddable":true,"href":"https:\/\/klm-international.info\/de\/wp-json\/wp\/v2\/comments?post=652"}],"version-history":[{"count":2,"href":"https:\/\/klm-international.info\/de\/wp-json\/wp\/v2\/pages\/652\/revisions"}],"predecessor-version":[{"id":656,"href":"https:\/\/klm-international.info\/de\/wp-json\/wp\/v2\/pages\/652\/revisions\/656"}],"wp:attachment":[{"href":"https:\/\/klm-international.info\/de\/wp-json\/wp\/v2\/media?parent=652"}],"curies":[{"name":"wp","href":"https:\/\/api.w.org\/{rel}","templated":true}]}}