{"id":703,"date":"2018-08-06T09:49:28","date_gmt":"2018-08-06T07:49:28","guid":{"rendered":"https:\/\/klm-international.info\/?page_id=703"},"modified":"2020-06-29T14:31:25","modified_gmt":"2020-06-29T12:31:25","slug":"regelwerke","status":"publish","type":"page","link":"https:\/\/klm-international.info\/de\/service\/regelwerke\/","title":{"rendered":"Regelwerke"},"content":{"rendered":"<p>verbindlich geltende Richtlinien und Vereinbarungen.<\/p>\n<h2>E<\/h2>\n<ul>\n<li><a href=\"https:\/\/klm-international.info\/media\/2018\/08\/Ehrenordnung-KlM-I.pdf\" target=\"_blank\" rel=\"noopener noreferrer\">Ehrenordnung KlM-I<\/a>. Richtlinien zur Ernennung von Ehrenmitgliedern, zur Verleihung von Ehrenabzeichen und anderen Auszeichnungen<\/li>\n<\/ul>\n<h2>I<\/h2>\n<ul>\n<li><a href=\"https:\/\/klm-international.info\/media\/2018\/08\/IMP-Variante-A-mit-Fuchs-neu-2017-30.07.18.pdf\" target=\"_blank\" rel=\"noopener noreferrer\">Pr\u00fcfungsordnung f\u00fcr die\u00a0Internationale M\u00fcnsterl\u00e4nderpr\u00fcfung Auslese\u00a0(<strong>IMP-A<\/strong>)\u00a0Variante A<\/a><\/li>\n<li><a href=\"https:\/\/klm-international.info\/media\/2018\/08\/IMP-Variante-B-28.03.18.pdf\" target=\"_blank\" rel=\"noopener noreferrer\">Pr\u00fcfungsordnung f\u00fcr die Internationale M\u00fcnsterl\u00e4nderpr\u00fcfung Basis (<strong>IMP-B<\/strong>) Variante B<\/a><\/li>\n<\/ul>\n<h2>R<\/h2>\n<ul>\n<li><strong>Rassestandard<\/strong> f\u00fcr den Kleinen M\u00fcnsterl\u00e4nder: <a href=\"https:\/\/klm-international.info\/media\/2019\/11\/F.C.I.-Standard-2019-Kleiner-M\u00fcnsterl\u00e4nder.pdf\">F.C.I. Standard 2019<\/a><\/li>\n<\/ul>\n<h2>S<\/h2>\n<ul>\n<li><a href=\"https:\/\/klm-international.info\/de\/klmi\/satzung\/\">Satzung<\/a>.\u00a0Satzung\u00a0f\u00fcr den\u00a0Verband Kleine M\u00fcnsterl\u00e4nder-International (KlM-I)<\/li>\n<\/ul>\n<p>&nbsp;<\/p>\n<p>&nbsp;<\/p>\n","protected":false},"excerpt":{"rendered":"<p>verbindlich geltende Richtlinien und Vereinbarungen. E Ehrenordnung KlM-I. Richtlinien zur Ernennung von Ehrenmitgliedern, zur Verleihung von Ehrenabzeichen und anderen Auszeichnungen I Pr\u00fcfungsordnung f\u00fcr die\u00a0Internationale M\u00fcnsterl\u00e4nderpr\u00fcfung Auslese\u00a0(IMP-A)\u00a0Variante A Pr\u00fcfungsordnung f\u00fcr die Internationale M\u00fcnsterl\u00e4nderpr\u00fcfung Basis (IMP-B) Variante B R Rassestandard f\u00fcr den Kleinen M\u00fcnsterl\u00e4nder: F.C.I. Standard 2019 S Satzung.\u00a0Satzung\u00a0f\u00fcr den\u00a0Verband Kleine M\u00fcnsterl\u00e4nder-International (KlM-I) &nbsp; &nbsp;<\/p>\n","protected":false},"author":1,"featured_media":0,"parent":299,"menu_order":0,"comment_status":"closed","ping_status":"closed","template":"","meta":{"_exactmetrics_skip_tracking":false,"_exactmetrics_sitenote_active":false,"_exactmetrics_sitenote_note":"","_exactmetrics_sitenote_category":0,"footnotes":""},"class_list":["post-703","page","type-page","status-publish","hentry"],"publishpress_future_workflow_manual_trigger":{"enabledWorkflows":[]},"_links":{"self":[{"href":"https:\/\/klm-international.info\/de\/wp-json\/wp\/v2\/pages\/703","targetHints":{"allow":["GET"]}}],"collection":[{"href":"https:\/\/klm-international.info\/de\/wp-json\/wp\/v2\/pages"}],"about":[{"href":"https:\/\/klm-international.info\/de\/wp-json\/wp\/v2\/types\/page"}],"author":[{"embeddable":true,"href":"https:\/\/klm-international.info\/de\/wp-json\/wp\/v2\/users\/1"}],"replies":[{"embeddable":true,"href":"https:\/\/klm-international.info\/de\/wp-json\/wp\/v2\/comments?post=703"}],"version-history":[{"count":14,"href":"https:\/\/klm-international.info\/de\/wp-json\/wp\/v2\/pages\/703\/revisions"}],"predecessor-version":[{"id":5019,"href":"https:\/\/klm-international.info\/de\/wp-json\/wp\/v2\/pages\/703\/revisions\/5019"}],"up":[{"embeddable":true,"href":"https:\/\/klm-international.info\/de\/wp-json\/wp\/v2\/pages\/299"}],"wp:attachment":[{"href":"https:\/\/klm-international.info\/de\/wp-json\/wp\/v2\/media?parent=703"}],"curies":[{"name":"wp","href":"https:\/\/api.w.org\/{rel}","templated":true}]}}