{"id":893,"date":"2018-09-19T14:16:14","date_gmt":"2018-09-19T12:16:14","guid":{"rendered":"https:\/\/klm-international.info\/?page_id=893"},"modified":"2018-09-19T14:17:23","modified_gmt":"2018-09-19T12:17:23","slug":"andere-pruefungsordnungen","status":"publish","type":"page","link":"https:\/\/klm-international.info\/de\/internationale-pruefungen\/andere-pruefungsordnungen\/","title":{"rendered":"Andere Pr\u00fcfungsordnungen"},"content":{"rendered":"<p>Pr\u00fcfungsordnungen andere Mitgliedsl\u00e4nder<\/p>\n<h2>Frankreich<\/h2>\n<p><a href=\"https:\/\/klm-international.info\/bicp-brevet-international-de-chasse-pratique-internationales-jagdpraxis-zeugnis-fuer-vorstehunde-im-feld-und-im-wasser\/\">Frankreich: BICP\u00a0<\/a><\/p>\n<hr \/>\n<h2>Tschechien<\/h2>\n<p><a href=\"https:\/\/klm-international.info\/pruefungsordnung-fuer-jagdhunde-in-der-tschechischen-republik\/\">Tschechien: Pr\u00fcfungsordnung f\u00fcr Jagdhunde in Tschechien und Anzahl Hunde und Richter sowie die Dateien aus dem Anhang<\/a><\/p>\n<p>Punktetabellen der Pr\u00fcfungsarten (Tschechien)<\/p>\n<ul>\n<li><a href=\"https:\/\/klm-international.info\/media\/2018\/08\/Herbstpr\u00fcfung-Punktetabelle.pdf\">Herbstpr\u00fcfung Punktetabelle<\/a><\/li>\n<li><a href=\"https:\/\/klm-international.info\/media\/2018\/08\/Memorials-Punktetabelle.pdf\">Memorials Punktetabelle<\/a><\/li>\n<li><a href=\"https:\/\/klm-international.info\/media\/2018\/08\/Anlagenpr\u00fcfung-Punktetabelle.pdf\">Anlagenpr\u00fcfung Punktetabelle<\/a><\/li>\n<li><a href=\"https:\/\/klm-international.info\/media\/2018\/08\/Vielsetigkeitspr\u00fcfung-Punktetabelle.pdf\">Vielsetigkeitspr\u00fcfung Punktetabelle<\/a><\/li>\n<li><a href=\"https:\/\/klm-international.info\/media\/2018\/08\/Spezielle-Wasserpr\u00fcfung-Punktetabelle.pdf\">Spezielle Wasserpr\u00fcfung Punktetabelle<\/a><\/li>\n<li><a href=\"https:\/\/klm-international.info\/media\/2018\/08\/Waldpr\u00fcfung-Punktetabelle.pdf\">Waldpr\u00fcfung Punktetabelle<\/a><\/li>\n<\/ul>\n<p>&nbsp;<\/p>\n","protected":false},"excerpt":{"rendered":"<p>Pr\u00fcfungsordnungen andere Mitgliedsl\u00e4nder Frankreich Frankreich: BICP\u00a0 Tschechien Tschechien: Pr\u00fcfungsordnung f\u00fcr Jagdhunde in Tschechien und Anzahl Hunde und Richter sowie die Dateien aus dem Anhang Punktetabellen der Pr\u00fcfungsarten (Tschechien) Herbstpr\u00fcfung Punktetabelle Memorials Punktetabelle Anlagenpr\u00fcfung Punktetabelle Vielsetigkeitspr\u00fcfung Punktetabelle Spezielle Wasserpr\u00fcfung Punktetabelle Waldpr\u00fcfung Punktetabelle &nbsp;<\/p>\n","protected":false},"author":1,"featured_media":0,"parent":48,"menu_order":0,"comment_status":"closed","ping_status":"closed","template":"","meta":{"_exactmetrics_skip_tracking":false,"_exactmetrics_sitenote_active":false,"_exactmetrics_sitenote_note":"","_exactmetrics_sitenote_category":0,"footnotes":""},"class_list":["post-893","page","type-page","status-publish","hentry"],"publishpress_future_workflow_manual_trigger":{"enabledWorkflows":[]},"_links":{"self":[{"href":"https:\/\/klm-international.info\/de\/wp-json\/wp\/v2\/pages\/893","targetHints":{"allow":["GET"]}}],"collection":[{"href":"https:\/\/klm-international.info\/de\/wp-json\/wp\/v2\/pages"}],"about":[{"href":"https:\/\/klm-international.info\/de\/wp-json\/wp\/v2\/types\/page"}],"author":[{"embeddable":true,"href":"https:\/\/klm-international.info\/de\/wp-json\/wp\/v2\/users\/1"}],"replies":[{"embeddable":true,"href":"https:\/\/klm-international.info\/de\/wp-json\/wp\/v2\/comments?post=893"}],"version-history":[{"count":2,"href":"https:\/\/klm-international.info\/de\/wp-json\/wp\/v2\/pages\/893\/revisions"}],"predecessor-version":[{"id":895,"href":"https:\/\/klm-international.info\/de\/wp-json\/wp\/v2\/pages\/893\/revisions\/895"}],"up":[{"embeddable":true,"href":"https:\/\/klm-international.info\/de\/wp-json\/wp\/v2\/pages\/48"}],"wp:attachment":[{"href":"https:\/\/klm-international.info\/de\/wp-json\/wp\/v2\/media?parent=893"}],"curies":[{"name":"wp","href":"https:\/\/api.w.org\/{rel}","templated":true}]}}