{"id":901,"date":"2018-09-19T14:21:30","date_gmt":"2018-09-19T12:21:30","guid":{"rendered":"https:\/\/klm-international.info\/?page_id=901"},"modified":"2023-02-25T10:55:09","modified_gmt":"2023-02-25T09:55:09","slug":"po-imp-a","status":"publish","type":"page","link":"https:\/\/klm-international.info\/de\/internationale-pruefungen\/po-imp-a\/","title":{"rendered":"PO IMP-A"},"content":{"rendered":"<p>Laden Sie sich diese Pr\u00fcfungsordnung als PDF herunter: \u00a0\u00a0<a href=\"http:\/\/IMP Variante A mit Fuchs Version 2023\"> IMP Variante A mit Fuchs Version 2023<\/a><\/p>\n<p><strong>Inhalte der Pr\u00fcfungsordnung f\u00fcr die\u00a0<\/strong><strong>Internationale M\u00fcnsterl\u00e4nderpr\u00fcfung Auslese\u00a0<\/strong><strong>(IMP-A)\u00a0<\/strong><strong>Variante A<\/strong><\/p>\n<p style=\"padding-left: 30px;\">I. Zweck der Pr\u00fcfung <br \/>\nII. Veranstaltung der Pr\u00fcfung <br \/>\nIII. Ordnungsvorschriften <br \/>\nIV. Durchf\u00fchrung der Pr\u00fcfung <br \/>\nV. Aufgaben der Internationalen Richter \u2013 das Bewertungssystem <br \/>\nVI. \u00dcbersicht \u00fcber die Pr\u00fcfungsf\u00e4cher <br \/>\nVII. Bestimmungen f\u00fcr die einzelnen Pr\u00fcfungsf\u00e4cher<\/p>\n<p style=\"padding-left: 30px;\">1.Waldarbeit <br \/>\n1.1. Schwei\u00dfarbeit<br \/>\n1.2. Freies Verlorensuchen von Haarnutzwild\/Fuchs\/Raubwild<br \/>\n1.3. Bringen von Haarnutzwild\/Fuchs\/Raubwild bzw. Federwild <br \/>\n1.4. St\u00f6bern <br \/>\n1.5. Buschieren<\/p>\n<p style=\"padding-left: 30px;\">2. Wasserarbeit <br \/>\n2.1. Schussfestigkeit<br \/>\n2.2. Verlorensuchen im deckungsreichen Gew\u00e4sser<br \/>\n2.3. St\u00f6bern mit Ente im deckungsreichen Gew\u00e4sser<br \/>\n2.4. Bringen von Ente<\/p>\n<p style=\"padding-left: 30px;\">3. Feldarbeit <br \/>\n3.1. Nasengebrauch <br \/>\n3.2. Suche <br \/>\n3.3. Paarsuche im Feld <br \/>\n3.4. Vorstehen <br \/>\n3.5. Manieren am Wild und Nachziehen <br \/>\n3.6. Freiverlorensuchen von Federwild<\/p>\n<p style=\"padding-left: 30px;\">4. Gehorsam <br \/>\n4.1. Verhalten auf dem Stand <br \/>\n4.2. Leinenf\u00fchrigkeit <br \/>\n4.3. Folgen frei bei Fu\u00df und Ablegen <br \/>\n4.4. Benehmen vor er\u00e4ugtem Haar- und Federwild <br \/>\n4.5. Schussruhe<\/p>\n<p style=\"padding-left: 30px;\">5. Allgemeine Eigenschaften <br \/>\n5.1. Jagdverstand und Passion <br \/>\n5.2. Teamf\u00e4higkeit <br \/>\n5.3. Wesen<\/p>\n<p style=\"padding-left: 30px;\">VIII. Einspruchsordnung<\/p>\n<p style=\"padding-left: 30px;\">IX. Internationale Leistungsrichter<\/p>\n","protected":false},"excerpt":{"rendered":"<p>Laden Sie sich diese Pr\u00fcfungsordnung als PDF herunter: \u00a0\u00a0 IMP Variante A mit Fuchs Version 2023 Inhalte der Pr\u00fcfungsordnung f\u00fcr die\u00a0Internationale M\u00fcnsterl\u00e4nderpr\u00fcfung Auslese\u00a0(IMP-A)\u00a0Variante A I. Zweck der Pr\u00fcfung II. Veranstaltung der Pr\u00fcfung III. Ordnungsvorschriften IV. Durchf\u00fchrung der Pr\u00fcfung V. Aufgaben der Internationalen Richter \u2013 das Bewertungssystem VI. \u00dcbersicht \u00fcber die Pr\u00fcfungsf\u00e4cher VII. Bestimmungen f\u00fcr die [&hellip;]<\/p>\n","protected":false},"author":1,"featured_media":0,"parent":48,"menu_order":0,"comment_status":"closed","ping_status":"closed","template":"","meta":{"_exactmetrics_skip_tracking":false,"_exactmetrics_sitenote_active":false,"_exactmetrics_sitenote_note":"","_exactmetrics_sitenote_category":0,"footnotes":""},"class_list":["post-901","page","type-page","status-publish","hentry"],"publishpress_future_workflow_manual_trigger":{"enabledWorkflows":[]},"_links":{"self":[{"href":"https:\/\/klm-international.info\/de\/wp-json\/wp\/v2\/pages\/901","targetHints":{"allow":["GET"]}}],"collection":[{"href":"https:\/\/klm-international.info\/de\/wp-json\/wp\/v2\/pages"}],"about":[{"href":"https:\/\/klm-international.info\/de\/wp-json\/wp\/v2\/types\/page"}],"author":[{"embeddable":true,"href":"https:\/\/klm-international.info\/de\/wp-json\/wp\/v2\/users\/1"}],"replies":[{"embeddable":true,"href":"https:\/\/klm-international.info\/de\/wp-json\/wp\/v2\/comments?post=901"}],"version-history":[{"count":3,"href":"https:\/\/klm-international.info\/de\/wp-json\/wp\/v2\/pages\/901\/revisions"}],"predecessor-version":[{"id":6306,"href":"https:\/\/klm-international.info\/de\/wp-json\/wp\/v2\/pages\/901\/revisions\/6306"}],"up":[{"embeddable":true,"href":"https:\/\/klm-international.info\/de\/wp-json\/wp\/v2\/pages\/48"}],"wp:attachment":[{"href":"https:\/\/klm-international.info\/de\/wp-json\/wp\/v2\/media?parent=901"}],"curies":[{"name":"wp","href":"https:\/\/api.w.org\/{rel}","templated":true}]}}