{"id":903,"date":"2018-09-19T14:22:00","date_gmt":"2018-09-19T12:22:00","guid":{"rendered":"https:\/\/klm-international.info\/?page_id=903"},"modified":"2018-10-04T18:01:22","modified_gmt":"2018-10-04T16:01:22","slug":"po-imp-b","status":"publish","type":"page","link":"https:\/\/klm-international.info\/de\/internationale-pruefungen\/po-imp-b\/","title":{"rendered":"PO IMP-B"},"content":{"rendered":"<p>Laden Sie sich diese <a href=\"https:\/\/klm-international.info\/media\/2018\/08\/IMP-Variante-B-28.03.18.pdf\" target=\"_blank\" rel=\"noopener\">Pr\u00fcfungsordnung als PDF<\/a>.<\/p>\n<h2>Inhalte\u00a0der Pr\u00fcfungsordnung f\u00fcr die Internationale M\u00fcnsterl\u00e4nderpr\u00fcfung Basis (IMP-B) Variante B<\/h2>\n<p style=\"padding-left: 30px;\">I.Zweck der Pr\u00fcfung<\/p>\n<p style=\"padding-left: 30px;\">II.Veranstaltung der Pr\u00fcfung<\/p>\n<p style=\"padding-left: 30px;\">III.Ordnungsvorschriften<\/p>\n<p style=\"padding-left: 30px;\">IV.Durchf\u00fchrung der Pr\u00fcfung<\/p>\n<p style=\"padding-left: 30px;\">V. Aufgaben der Internationalen Richter \u2013 das Bewertungssystem<\/p>\n<p style=\"padding-left: 30px;\">VI.\u00dcbersicht \u00fcber die Pr\u00fcfungsf\u00e4cher<\/p>\n<p style=\"padding-left: 30px;\">VII.Bestimmungen f\u00fcr die einzelnen Pr\u00fcfungsf\u00e4cher<\/p>\n<p style=\"padding-left: 30px;\">1.Waldarbeit<br \/>\n1.1. Freies Verlorensuchen von Haarnutzwild<br \/>\n1.2. Bringen von Haarnutz- bzw. Federwild<br \/>\n1.3. St\u00f6bern<\/p>\n<p style=\"padding-left: 30px;\">2. Wasserarbeit<br \/>\n2.1. Schussfestigkeit<br \/>\n2.2. Verlorensuchen im deckungsreichen Gew\u00e4sser<br \/>\n2.3. St\u00f6bern mit Ente im deckungsreichen Gew\u00e4sser<br \/>\n2.4. Bringen von Ente<\/p>\n<p style=\"padding-left: 30px;\">3. Feldarbeit<br \/>\n3.1. Nasengebrauch<br \/>\n3.2. Einzelsuche<br \/>\n3.3. Vorstehen und Nachziehen<br \/>\n3.4. Schussfestigkeit<br \/>\n3.5. Spurarbeit<\/p>\n<p style=\"padding-left: 30px;\">4. Allgemeine Eigenschaften<a id=\"POandere\"><\/a><br \/>\n4.1. Passion und Jagdverstand<br \/>\n4.2. Teamf\u00e4higkeit<br \/>\n4.3. Wesen<\/p>\n<p style=\"padding-left: 30px;\">VIII.Einspruchsordnung<\/p>\n<p style=\"padding-left: 30px;\">IX.Internationale Leistungsrichter<\/p>\n","protected":false},"excerpt":{"rendered":"<p>Laden Sie sich diese Pr\u00fcfungsordnung als PDF. Inhalte\u00a0der Pr\u00fcfungsordnung f\u00fcr die Internationale M\u00fcnsterl\u00e4nderpr\u00fcfung Basis (IMP-B) Variante B I.Zweck der Pr\u00fcfung II.Veranstaltung der Pr\u00fcfung III.Ordnungsvorschriften IV.Durchf\u00fchrung der Pr\u00fcfung V. Aufgaben der Internationalen Richter \u2013 das Bewertungssystem VI.\u00dcbersicht \u00fcber die Pr\u00fcfungsf\u00e4cher VII.Bestimmungen f\u00fcr die einzelnen Pr\u00fcfungsf\u00e4cher 1.Waldarbeit 1.1. Freies Verlorensuchen von Haarnutzwild 1.2. Bringen von Haarnutz- bzw. [&hellip;]<\/p>\n","protected":false},"author":1,"featured_media":0,"parent":48,"menu_order":0,"comment_status":"closed","ping_status":"closed","template":"full-width-page.php","meta":{"_exactmetrics_skip_tracking":false,"_exactmetrics_sitenote_active":false,"_exactmetrics_sitenote_note":"","_exactmetrics_sitenote_category":0,"footnotes":""},"class_list":["post-903","page","type-page","status-publish","hentry"],"publishpress_future_workflow_manual_trigger":{"enabledWorkflows":[]},"_links":{"self":[{"href":"https:\/\/klm-international.info\/de\/wp-json\/wp\/v2\/pages\/903","targetHints":{"allow":["GET"]}}],"collection":[{"href":"https:\/\/klm-international.info\/de\/wp-json\/wp\/v2\/pages"}],"about":[{"href":"https:\/\/klm-international.info\/de\/wp-json\/wp\/v2\/types\/page"}],"author":[{"embeddable":true,"href":"https:\/\/klm-international.info\/de\/wp-json\/wp\/v2\/users\/1"}],"replies":[{"embeddable":true,"href":"https:\/\/klm-international.info\/de\/wp-json\/wp\/v2\/comments?post=903"}],"version-history":[{"count":3,"href":"https:\/\/klm-international.info\/de\/wp-json\/wp\/v2\/pages\/903\/revisions"}],"predecessor-version":[{"id":3202,"href":"https:\/\/klm-international.info\/de\/wp-json\/wp\/v2\/pages\/903\/revisions\/3202"}],"up":[{"embeddable":true,"href":"https:\/\/klm-international.info\/de\/wp-json\/wp\/v2\/pages\/48"}],"wp:attachment":[{"href":"https:\/\/klm-international.info\/de\/wp-json\/wp\/v2\/media?parent=903"}],"curies":[{"name":"wp","href":"https:\/\/api.w.org\/{rel}","templated":true}]}}