{"id":2457,"date":"2018-09-20T16:57:05","date_gmt":"2018-09-20T14:57:05","guid":{"rendered":"https:\/\/klm-international.info\/?page_id=2457"},"modified":"2020-05-11T13:55:38","modified_gmt":"2020-05-11T11:55:38","slug":"legal-notice","status":"publish","type":"page","link":"https:\/\/klm-international.info\/en\/legal-notice\/","title":{"rendered":"Legal Notice"},"content":{"rendered":"<p class=\"art-postcontent\"><strong>(kb 08.01.2015)<\/strong><\/p>\n<p class=\"art-postcontent\">You are on the website of the &#8220;Verband f\u00fcr Kleine M\u00fcnsterl\u00e4nder &#8211; International&#8221;.<\/p>\n<p class=\"art-postcontent\">President of the club is:<\/p>\n<p class=\"art-postcontent\">Dietrich Berning, <br \/>\nProvinzialstra\u00dfe 24, <br \/>\nD-46499 Hamminkeln,<br \/>\ndietrich_berning@t-online. <a href=\"&#x6d;&#x61;&#x69;&#x6c;&#x74;&#x6f;&#x3a;&#x62;&#x64;&#x6a;&#x40;&#109;&#101;&#110;&#116;&#105;&#115;&#45;consul&#x74;&#x69;&#x6e;&#x67;&#x2e;&#x64;&#x65;\">de<\/a>, <br \/>\n0049 \/ (0) 2873 \/ 261<\/p>\n<p>Managing Director:<\/p>\n<p class=\"art-postcontent\">Beate Mitmeier<br \/>\nAm Waldesrand 3, Seifersdorf<br \/>\n01744 Dippoldiswalde<br \/>\n0049 \/ (0) 351 \/ 811 9458<br \/>\n<a href=\"&#109;&#x61;&#105;&#x6c;t&#x6f;:&#109;&#x69;&#116;&#x6d;e&#x69;e&#114;&#x40;&#107;&#x6c;e&#x69;n&#101;&#x2d;&#109;&#x75;e&#x6e;s&#116;&#x65;&#114;&#x6c;a&#x65;n&#100;&#x65;&#114;&#x2e;o&#x72;g\">&#x6d;&#x69;&#x74;&#x6d;&#101;&#105;&#101;r&#64;&#x6b;&#x6c;&#x65;&#x69;&#x6e;&#101;&#45;&#109;ue&#x6e;&#x73;&#x74;&#x65;&#x72;&#108;&#97;&#101;nd&#x65;&#x72;&#x2e;&#x6f;&#x72;&#103;<\/a>, <\/p>\n<p>\n<strong>Please note:<\/strong><br \/>\nThe contents of our pages have been created with the utmost care. For the correctness, completeness and currentness of the contents, however, we can assume no liability.<\/p>\n<p><strong>Liability for links<\/strong><br \/>\nOur offer contains links to external websites of third parties, on whose content we have no influence. Therefore, we can assume no liability for this external content. The respective provider or operator of those sites is always responsible for the contents of the linked pages. The linked sites were checked for possible violations of the law at the time of linking. Illegal contents were not observed at the time of linking. However, a permanent monitoring of the linked sites is not realistic without concrete evidence of a violation of law. Upon becoming aware of violations, we will immediately remove these links.<\/p>\n<p><strong>Copyright<\/strong><br \/>\nContent and works created by the website operators on these pages are subject to German copyright law. The reproduction, editing, distribution and any kind of exploitation outside the limits of copyright law require the written consent of the respective author or creator. Downloads and copies of this site are permitted for private, non-commercial use only. Insofar as the content on this site was not created by the operator, the rights of third parties will be respected. Especially content by third parties will be identified as such. Should you become aware of a copyright infringement, please point this out to us. If we become aware of violations, we will immediately remove this content.<\/p>\n<p><strong>Data Protection<\/strong><br \/>\nThe use of our Web site is normally possible without giving personal data. Insofar as personal data (e.g. name, address or eMail addresses) are collected on our pages, this is on a voluntary basis, if possible. This data will not be passed on to third parties without your explicit consent.<br \/>\nWe would like to point out that data transmission on the Internet (e.g. when communicating by E-Mail) may be subject to security lapses. Complete protection of data against access by third parties is not possible.<\/p>\n<p>The use of contact data published as part of the obligation to post a legal notice in order to send unsolicited advertisements and information materials is hereby expressly prohibited. The website operators expressly reserve the right to take legal action in the case of unsolicited promotional information, such as spam E-mails.<\/p>\n<p class=\"art-postcontent\">Source of the disclaimer (excerpt): Disclaimer from eRecht24, the portal for internet law<br \/>\nS\u00f6ren Siebert<br \/>\nSource of the flag icons for the menu item \u201eMember Clubs&#8221;: flaggenbilder.de<\/p>\n<p>&nbsp;<\/p>\n","protected":false},"excerpt":{"rendered":"<p>(kb 08.01.2015) You are on the website of the &#8220;Verband f\u00fcr Kleine M\u00fcnsterl\u00e4nder &#8211; International&#8221;. President of the club is: Dietrich Berning, Provinzialstra\u00dfe 24, D-46499 Hamminkeln, dietrich_berning@t-online. de, 0049 \/ (0) 2873 \/ 261 Managing Director: Beate Mitmeier Am Waldesrand 3, Seifersdorf 01744 Dippoldiswalde 0049 \/ (0) 351 \/ 811 9458 &#x6d;&#105;&#116;&#x6d;&#x65;&#105;&#101;&#x72;&#x40;&#107;&#108;&#x65;&#x69;&#110;&#101;&#x2d;&#x6d;&#117;&#101;&#x6e;&#x73;&#116;&#101;&#x72;&#x6c;&#97;&#101;&#x6e;&#x64;&#101;&#114;&#x2e;&#x6f;&#114;&#103;, Please note: The [&hellip;]<\/p>\n","protected":false},"author":1,"featured_media":0,"parent":0,"menu_order":0,"comment_status":"closed","ping_status":"closed","template":"","meta":{"_exactmetrics_skip_tracking":false,"_exactmetrics_sitenote_active":false,"_exactmetrics_sitenote_note":"","_exactmetrics_sitenote_category":0,"footnotes":""},"class_list":["post-2457","page","type-page","status-publish","hentry"],"publishpress_future_workflow_manual_trigger":{"enabledWorkflows":[]},"_links":{"self":[{"href":"https:\/\/klm-international.info\/en\/wp-json\/wp\/v2\/pages\/2457","targetHints":{"allow":["GET"]}}],"collection":[{"href":"https:\/\/klm-international.info\/en\/wp-json\/wp\/v2\/pages"}],"about":[{"href":"https:\/\/klm-international.info\/en\/wp-json\/wp\/v2\/types\/page"}],"author":[{"embeddable":true,"href":"https:\/\/klm-international.info\/en\/wp-json\/wp\/v2\/users\/1"}],"replies":[{"embeddable":true,"href":"https:\/\/klm-international.info\/en\/wp-json\/wp\/v2\/comments?post=2457"}],"version-history":[{"count":4,"href":"https:\/\/klm-international.info\/en\/wp-json\/wp\/v2\/pages\/2457\/revisions"}],"predecessor-version":[{"id":4853,"href":"https:\/\/klm-international.info\/en\/wp-json\/wp\/v2\/pages\/2457\/revisions\/4853"}],"wp:attachment":[{"href":"https:\/\/klm-international.info\/en\/wp-json\/wp\/v2\/media?parent=2457"}],"curies":[{"name":"wp","href":"https:\/\/api.w.org\/{rel}","templated":true}]}}