{"id":409,"date":"2017-10-03T13:55:01","date_gmt":"2017-10-03T11:55:01","guid":{"rendered":"http:\/\/web1637.host1741.raghosting.de\/klM_I\/?page_id=409"},"modified":"2025-11-30T12:08:48","modified_gmt":"2025-11-30T11:08:48","slug":"members","status":"publish","type":"page","link":"https:\/\/klm-international.info\/en\/members\/","title":{"rendered":"Member Countries"},"content":{"rendered":"<p><span style=\"font-size: 8pt;\">Move the mouse over the map. Click &#8211; to open the website of the member club<\/span><\/p>\n<div id=\"membercards\">\n<div id=\"BE\" class=\"member\">\n<h2><img loading=\"lazy\" decoding=\"async\" class=\"alignnone\" src=\"https:\/\/klm-international.info\/media\/2017\/03\/BE.png\" width=\"27\" height=\"27\" \/>\u00a0BELGIUM<\/h2>\n<p><a href=\"http:\/\/kleinemunsterlandervereniging.be\" target=\"_blank\" rel=\"noopener noreferrer\">www.kleinemunsterlandervereniging.be<\/a><\/p>\n<p>President<br \/>\nPhilip van der Biest<br \/>\nGentsestraat 13<br \/>\nB-9520 Zonnegem<br \/>\nMail: <a href=\"&#x6d;&#x61;&#105;&#108;&#116;o&#x3a;&#x70;&#x68;&#105;&#108;ip&#x2e;&#x76;&#x61;&#110;&#46;d&#x65;&#x72;&#x2e;&#98;&#105;&#101;s&#x74;&#x40;&#x74;&#101;&#108;en&#x65;&#x74;&#x2e;&#98;&#101;\">&#x70;&#x68;&#x69;&#x6c;&#x69;&#112;&#46;&#118;&#97;n&#46;d&#x65;&#x72;&#x2e;&#x62;&#x69;&#x65;&#115;&#116;&#64;tel&#x65;&#x6e;&#x65;&#x74;&#x2e;&#x62;&#101;<\/a><\/p>\n<\/div>\n<div id=\"CZ\" class=\"member\">\n<h2><img loading=\"lazy\" decoding=\"async\" class=\"alignnone\" src=\"https:\/\/klm-international.info\/media\/2017\/03\/CZ.png\" width=\"27\" height=\"27\" \/>\u00a0CZECH REPUBLIC<\/h2>\n<p>Klub dlouhosrstych oharu<br \/>\nInternet: <a href=\"http:\/\/www.ohardlouhosrsty.cz\" target=\"_blank\" rel=\"noopener noreferrer\">www.ohardlouhosrsty.cz<\/a><\/p>\n<p>President<br \/>\nIng. Ji\u0159\u00ed Kec<br \/>\n34194 Srni 170<br \/>\nphone: 0042\/420376599318<br \/>\nMail: <a href=\"&#x6d;&#x61;&#x69;&#108;&#116;o:&#x4b;&#x65;&#x63;&#46;&#115;um&#x61;&#x76;&#x61;&#64;&#115;ez&#x6e;&#x61;&#x6d;&#46;&#99;z\">K&#101;&#x63;&#x2e;s&#117;&#x6d;&#x61;v&#97;&#64;&#x73;&#x65;z&#110;&#x61;&#x6d;&#46;&#99;&#x7a;<\/a><\/p>\n<p>Contact to Germany:<br \/>\nPetr Buba<br \/>\nNov\u00fd Dv\u016fr 33<br \/>\nKn\u011b\u017eeves u Rakovn\u00edka<br \/>\nPS\u010c 27001<br \/>\nphone: 0042\/606265615<br \/>\nMail: <a href=\"&#109;&#x61;i&#108;&#x74;o&#58;&#x50;&#46;&#66;&#x75;b&#97;&#x40;&#115;&#x65;&#x7a;&#110;&#x61;&#x6d;&#46;&#x63;z\">&#80;&#46;&#x42;u&#x62;&#97;&#x40;&#115;&#x65;&#122;n&#x61;m&#x2e;&#99;&#x7a;<\/a><\/p>\n<\/div>\n<div id=\"DK\" class=\"member\">\n<h2><img loading=\"lazy\" decoding=\"async\" class=\"alignnone\" src=\"https:\/\/klm-international.info\/media\/2017\/03\/DK.png\" width=\"27\" height=\"27\" \/>\u00a0DENMARK<\/h2>\n<p>Dansk M\u00fcnsterl\u00e4nder Klub<br \/>\nInternetseite: <a href=\"http:\/\/www.dmk-online.dk\" target=\"_blank\" rel=\"noopener noreferrer\">www.dmk-online.dk<\/a><br \/>\nChairman: <br \/>\nChristian N\u00f8hr Hansen<br \/>\nEngholmvej 13<br \/>\nDK-4000 Roskilde<br \/>\n+45 23 30 02 03\u00a0 <br \/>\n<a href=\"&#x6d;a&#x69;&#108;&#x74;&#111;:&#x63;&#110;&#x68;&#64;p&#x6f;&#115;&#x74;&#46;t&#x65;l&#x65;&#46;&#x64;&#x6b;\">c&#110;&#104;&#x40;&#x70;&#x6f;st&#46;&#116;&#x65;&#x6c;&#x65;&#46;&#100;&#107;<\/a><\/p>\n<\/div>\n<div id=\"DE\" class=\"member\">\n<h2><img loading=\"lazy\" decoding=\"async\" class=\"alignnone\" src=\"https:\/\/klm-international.info\/media\/2017\/03\/DE.png\" width=\"27\" height=\"27\" \/>\u00a0GERMANY<\/h2>\n<p>Verband f\u00fcr Kleine M\u00fcnsterl\u00e4nder Vorstehhunde e.V.<br \/>\nInternet: <a href=\"http:\/\/www.kleine-muensterlaender.org\" target=\"_blank\" rel=\"noopener noreferrer\">www.kleine-muensterlaender.org<\/a><\/p>\n<p>President:<br \/>\nMartina Maubach<br \/>\nPaulstra\u00dfe 75<br \/>\n52353 D\u00fcren<br \/>\nTel: 0049\/ (0)171 4995200<br \/>\nMail: <a href=\"m&#97;&#x69;&#x6c;t&#111;&#58;&#x70;&#x72;a&#101;&#x73;&#x69;d&#101;&#110;&#x74;&#x40;k&#108;&#x65;&#x69;n&#101;&#45;&#x6d;&#x75;e&#110;&#x73;&#x74;e&#114;&#108;&#x61;&#x65;n&#100;&#x65;&#x72;&#46;o&#114;&#x67;\">&#x70;&#x72;&#97;&#101;s&#x69;&#x64;&#x65;&#110;&#116;&#64;&#x6b;&#x6c;&#x65;&#105;&#110;e&#x2e;&#x6d;&#x75;&#101;&#110;s&#x74;&#x65;&#x72;&#108;ae&#x6e;&#x64;&#x65;&#114;&#46;o&#x72;&#x67;<\/a><\/p>\n<\/div>\n<div id=\"FI\" class=\"member\">\n<h2><img loading=\"lazy\" decoding=\"async\" class=\"alignnone\" src=\"https:\/\/klm-international.info\/media\/2017\/03\/FI.png\" width=\"27\" height=\"27\" \/>\u00a0FINLAND<\/h2>\n<p>Saksanseisojakerho ry &#8211; Suomen M\u00fcnsterikerho ry<\/p>\n<p>Internet: <a href=\"http:\/\/www.munsterikerho.com\" target=\"_blank\" rel=\"noopener noreferrer\">www.munsterikerho.com<\/a><\/p>\n<p>President:<\/p>\n<p>Tiina Aikio<\/p>\n<p>Pungelmantie 28<\/p>\n<p>FIN-99550 Aska<\/p>\n<p>&nbsp;<\/p>\n<p>Tel: +358408341763<\/p>\n<p>Mail: <a href=\"&#109;a&#x69;l&#x74;&#111;&#x3a;&#116;&#x69;&#105;n&#x61;j&#x2e;&#97;&#x69;&#107;&#x69;&#111;&#x40;&#103;m&#x61;i&#x6c;&#46;&#x63;&#111;&#x6d;\">&#x74;&#x69;&#105;n&#x61;&#x6a;&#46;&#97;i&#x6b;&#x69;&#111;&#64;g&#x6d;&#x61;&#105;l&#46;&#x63;&#x6f;&#109;<\/a><\/p>\n<p>&nbsp;<\/p>\n<\/div>\n<div id=\"FR\" class=\"member\">\n<h2><img loading=\"lazy\" decoding=\"async\" class=\"alignnone\" src=\"https:\/\/klm-international.info\/media\/2017\/03\/FR.png\" width=\"27\" height=\"27\" \/>\u00a0FRANCE<\/h2>\n<p>Club Francais des Epagneuls de M\u00fcnster et du Langhaar<br \/>\nInternet:\u00a0<a href=\"http:\/\/www.cfeml.com\" target=\"_blank\" rel=\"noopener noreferrer\">www.cfeml.com<\/a><\/p>\n<p>President:<br \/>\nMagali Boulanger<br \/>\n45 rue de L`Herauderie<br \/>\nLieu-dit Le Bouche<br \/>\nF-86140 Lencloitre<br \/>\nTel: 0033\/0516178546<br \/>\nMail:\u00a0p&#x74;&#x69;&#116;&#x6d;u&#x6e;&#x73;&#116;&#x38;6&#x40;&#x6c;&#105;&#x76;e&#x2e;&#x66;&#114;<\/p>\n<p>Contact to Germany:<br \/>\nBernard Brenuchon<br \/>\n1, Route de Colmen<br \/>\nF-57320 Filstroff<br \/>\nTel: 0033\/387379105<br \/>\nMail: <a href=\"&#x6d;&#x61;&#105;l&#x74;&#x6f;&#58;&#98;&#46;&#x62;&#x72;&#101;&#110;u&#x63;&#x68;&#111;n-&#x63;&#x66;&#101;m&#x6c;&#x40;&#111;&#114;a&#x6e;&#x67;&#101;&#46;f&#x72;\">b&#46;brenuc&#104;&#111;&#110;&#45;&#99;&#102;&#101;&#109;&#108;&#64;&#x6f;&#x72;&#x61;&#x6e;&#x67;&#x65;&#x2e;&#x66;&#x72;<\/a><\/p>\n<\/div>\n<div id=\"US\" class=\"member\">\n<h2><img loading=\"lazy\" decoding=\"async\" class=\"alignnone\" src=\"https:\/\/klm-international.info\/media\/2017\/03\/US.png\" width=\"27\" height=\"27\" \/>\u00a0NORTH AMERICA\u00a0<\/h2>\n<p>ASSOCIATED MEMBER<\/p>\n<p>Kleine M\u00fcnsterl\u00e4nder &#8212; Group North America (KlM-GNA)<br \/>\nInternet: <a href=\"https:\/\/klm-gna.org\" target=\"_blank\" rel=\"noopener noreferrer\">klm-gna.org<\/a><\/p>\n<p>President<br \/>\nJohn Liscovitz<br \/>\n5050 Barrow Road<br \/>\nKernersville, NC USA 27284<br \/>\nTel.: + 1 (336)608 0097<a href=\"&#109;&#x61;i&#108;&#x74;o&#x3a;&#x6a;&#108;&#x6a;u&#108;&#x73;o&#110;&#x40;&#115;&#x76;t&#118;&#x2e;c&#111;&#x6d;\"><br \/>\nMail:\u00a0<\/a><a href=\"&#x6d;&#x61;&#x69;&#x6c;&#116;&#111;&#58;&#103;rou&#x73;&#x65;&#x64;&#x6f;&#x67;&#64;&#112;&#114;odi&#x67;&#x79;&#x2e;&#x6e;&#x65;&#116;\"> &#x67;&#x72;&#x6f;&#117;&#115;ed&#x6f;&#x67;&#x40;&#112;&#114;od&#x69;&#x67;&#x79;&#46;&#110;et<\/a><\/p>\n<p>Contact to Germany:<br \/>\nKen Bremer<br \/>\n6805 Fox Run<br \/>\nCrystal Lake, IL 60012<br \/>\nTel.: +1 (312) 375 &#8211; 2796<br \/>\nMail: <a href=\"&#x6d;&#x61;&#105;l&#x74;&#x6f;&#58;kw&#x62;&#x72;&#101;m&#x65;&#x72;&#64;&#103;m&#x61;&#x69;&#108;&#46;&#x63;&#x6f;&#109;\">&#107;&#x77;b&#x72;&#x65;&#109;&#x65;r&#64;&#x67;&#109;&#x61;i&#108;&#x2e;c&#x6f;m<\/a><\/p>\n<\/div>\n<div id=\"NL\" class=\"member\">\n<h2><img loading=\"lazy\" decoding=\"async\" class=\"alignnone\" src=\"https:\/\/klm-international.info\/media\/2017\/03\/NL.png\" width=\"27\" height=\"27\" \/>\u00a0NETHERLANDS<\/h2>\n<p>Nederlandse Vereniging van Heidewachtelliefhebbers<br \/>\nInternet: <a href=\"http:\/\/www.heidewachtelvereniging.nl\" target=\"_blank\" rel=\"noopener noreferrer\">www.heidewachtelvereniging.nl<\/a><\/p>\n<p>Chairman:<br \/>\nCor Bottenheft<br \/>\nJan van Nassaupark 78<br \/>\n3844 BS Harderwijk (NL)<br \/>\nTel.: (0031) 341415335<br \/>\nMail: <a href=\"&#109;&#x61;&#105;&#x6c;t&#111;&#x3a;&#118;&#x6f;o&#x72;z&#105;&#x74;&#116;&#x65;r&#x40;&#x68;&#101;&#x69;d&#x65;w&#97;&#x63;&#104;&#x74;e&#x6c;v&#101;&#x72;&#101;&#x6e;i&#103;&#x69;&#110;&#x67;&#46;&#x6e;l\">&#x76;&#111;&#x6f;&#x72;&#122;&#x69;&#x74;&#116;&#x65;&#x72;&#64;&#x68;&#x65;i&#x64;&#x65;w&#x61;&#99;h&#x74;&#101;l&#x76;&#101;r&#x65;&#110;i&#x67;&#105;n&#x67;&#46;n&#x6c;<\/a><\/p>\n<\/div>\n<div id=\"NO\" class=\"member\">\n<p>&nbsp;<\/p>\n<\/div>\n<div id=\"AT\" class=\"member\">\n<h2><img loading=\"lazy\" decoding=\"async\" class=\"alignnone\" src=\"https:\/\/klm-international.info\/media\/2017\/03\/AT.png\" width=\"27\" height=\"27\" \/>\u00a0AUSTRIA<\/h2>\n<p>\u00d6sterreichischer Verein f\u00fcr Gro\u00dfe und Kleine M\u00fcnsterl\u00e4nder<br \/>\nInternet: <a href=\"http:\/\/www.muensterlaender.info\" target=\"_blank\" rel=\"noopener noreferrer\">www.muensterlaender.info<\/a><\/p>\n<p>President:<br \/>\nMag. Philipp Ita<br \/>\nStift 1<br \/>\n3321 Ardagger<br \/>\nTel.: 0043\/664\/8417042<br \/>\nMail: <a href=\"ma&#105;&#108;&#116;&#x6f;&#x3a;&#x70;&#x68;il&#105;&#112;&#112;&#x2e;&#x69;&#x74;&#x61;&#64;g&#109;&#120;&#46;&#x61;&#x74;\">&#x70;&#x68;&#x69;&#x6c;&#x69;&#x70;&#x70;&#x2e;&#x69;&#x74;&#x61;&#x40;&#x67;&#x6d;&#x78;&#x2e;&#x61;&#x74;<\/a><\/p>\n<\/div>\n<div id=\"SE\" class=\"member\">\n<h2><img loading=\"lazy\" decoding=\"async\" class=\"alignnone\" src=\"https:\/\/klm-international.info\/media\/2017\/03\/SE.png\" width=\"27\" height=\"27\" \/>\u00a0SWEDEN<\/h2>\n<p>Svenska Vorstehklubben<br \/>\nInternet: <a href=\"http:\/\/www.vorsteh.se\" target=\"_blank\" rel=\"noopener noreferrer\">www.vorsteh.se<\/a><\/p>\n<p>Chairman:<\/p>\n<p><b>Maud Rahm<br \/>\n<\/b>Granhultav\u00e4gen21<br \/>\nS-434 99 Kungsbacka<br \/>\nSweden<b><br \/>\n<\/b>Mail:\u00a0<a href=\"https:&#47;&#x2f;&#x6b;l&#109;&#x2d;i&#110;&#x74;e&#114;&#x6e;a&#116;&#x69;&#x6f;&#110;&#x61;&#x6c;&#46;&#105;&#x6e;f&#111;&#x2f;d&#101;&#x2f;&#x6d;&#105;&#x74;&#x67;l&#105;&#x65;d&#115;&#x76;e&#114;&#x65;i&#110;&#x65;&#x2f;&#111;&#x72;&#x64;f&#111;&#x72;a&#110;&#x64;e&#110;&#x40;&#x76;&#111;&#x72;&#x73;t&#101;&#x68;&#46;&#115;&#x65;\">&#111;&#x72;&#x64;f&#111;&#x72;a&#110;&#x64;&#x65;&#110;&#x40;&#x76;o&#114;&#x73;t&#101;&#x68;&#x2e;&#115;&#x65;<\/a><\/p>\n<p>Kontaktperson zu Deutschland:<\/p>\n<p>Heinz Wester <br \/>\nKungshusby 24, Grindtorp <br \/>\nS-745 99 Enk\u00f6ping <br \/>\nTele: +46 70 299 38 80 <br \/>\nMail: <a class=\"moz-txt-link-abbreviated\" href=\"&#109;&#x61;&#x69;l&#116;&#x6f;:&#104;&#x65;i&#110;&#x7a;&#64;&#115;&#x6d;&#x61;&#114;&#x74;&#x68;u&#110;&#x74;i&#110;&#x67;&#46;&#115;&#x65;\">h&#101;&#105;&#x6e;&#x7a;&#64;s&#109;&#97;&#x72;&#x74;hu&#110;&#116;&#x69;&#x6e;g&#46;&#115;&#x65;<\/a><\/p>\n<\/div>\n<div id=\"CH\" class=\"member\">\n<h2><img loading=\"lazy\" decoding=\"async\" class=\"alignnone\" src=\"https:\/\/klm-international.info\/media\/2017\/03\/CH.png\" width=\"27\" height=\"27\" \/>\u00a0SWITZERLAND<\/h2>\n<p>Schweizer Klub f\u00fcr Kleine M\u00fcnsterl\u00e4nder<br \/>\nInternet: <a href=\"http:\/\/www.klm-muensterlaender.ch\" target=\"_blank\" rel=\"noopener noreferrer\">www.klm-muensterlaender.ch<\/a><br \/>\nPresident:<br \/>\nUrs Hoppler<br \/>\nSchulstra\u00dfe 11<br \/>\nCH-8965 Berikon<br \/>\nTel.: 0041\/566336017<br \/>\nMail: <a href=\"&#109;&#97;&#x69;&#x6c;&#116;&#111;&#x3a;&#x70;&#114;&#97;&#x65;&#x73;&#105;&#100;&#x65;&#x6e;&#116;&#64;&#x6b;&#x6c;&#109;&#45;&#x6d;&#x75;&#101;&#110;&#x73;&#x74;&#101;&#114;&#x6c;&#x61;&#101;&#110;&#x64;&#x65;&#114;&#46;&#x63;&#x68;\">pra&#101;&#115;&#105;&#100;&#x65;&#x6e;&#x74;&#x40;&#x6b;&#x6c;&#x6d;-mu&#101;&#110;&#115;&#116;&#101;&#x72;&#x6c;&#x61;&#x65;&#x6e;&#x64;er&#46;c&#104;<\/a><\/p>\n<\/div>\n<\/div>\n","protected":false},"excerpt":{"rendered":"<p>Move the mouse over the map. Click &#8211; to open the website of the member club \u00a0BELGIUM www.kleinemunsterlandervereniging.be President Philip van der Biest Gentsestraat 13 B-9520 Zonnegem Mail: phil&#105;&#112;&#46;&#118;&#97;&#x6e;&#x2e;&#x64;&#x65;&#x72;&#x2e;&#x62;iest&#64;&#116;&#101;&#108;&#101;&#x6e;&#x65;&#x74;&#x2e;&#x62;&#x65; \u00a0CZECH REPUBLIC Klub dlouhosrstych oharu Internet: www.ohardlouhosrsty.cz President Ing. Ji\u0159\u00ed Kec 34194 Srni 170 phone: 0042\/420376599318 Mail: &#x4b;&#x65;&#x63;&#x2e;&#x73;&#117;&#109;&#97;&#118;a&#64;s&#x65;&#x7a;&#x6e;&#x61;&#x6d;&#x2e;&#99;&#122; Contact to Germany: Petr Buba Nov\u00fd Dv\u016fr 33 [&hellip;]<\/p>\n","protected":false},"author":1,"featured_media":0,"parent":0,"menu_order":0,"comment_status":"closed","ping_status":"closed","template":"page-weltkarte.php","meta":{"_exactmetrics_skip_tracking":false,"_exactmetrics_sitenote_active":false,"_exactmetrics_sitenote_note":"","_exactmetrics_sitenote_category":0,"footnotes":""},"class_list":["post-409","page","type-page","status-publish","hentry"],"publishpress_future_workflow_manual_trigger":{"enabledWorkflows":[]},"_links":{"self":[{"href":"https:\/\/klm-international.info\/en\/wp-json\/wp\/v2\/pages\/409","targetHints":{"allow":["GET"]}}],"collection":[{"href":"https:\/\/klm-international.info\/en\/wp-json\/wp\/v2\/pages"}],"about":[{"href":"https:\/\/klm-international.info\/en\/wp-json\/wp\/v2\/types\/page"}],"author":[{"embeddable":true,"href":"https:\/\/klm-international.info\/en\/wp-json\/wp\/v2\/users\/1"}],"replies":[{"embeddable":true,"href":"https:\/\/klm-international.info\/en\/wp-json\/wp\/v2\/comments?post=409"}],"version-history":[{"count":29,"href":"https:\/\/klm-international.info\/en\/wp-json\/wp\/v2\/pages\/409\/revisions"}],"predecessor-version":[{"id":7679,"href":"https:\/\/klm-international.info\/en\/wp-json\/wp\/v2\/pages\/409\/revisions\/7679"}],"wp:attachment":[{"href":"https:\/\/klm-international.info\/en\/wp-json\/wp\/v2\/media?parent=409"}],"curies":[{"name":"wp","href":"https:\/\/api.w.org\/{rel}","templated":true}]}}