{"id":2024,"date":"2013-05-21T12:00:35","date_gmt":"2013-05-21T10:00:35","guid":{"rendered":"https:\/\/klm-international.info\/?page_id=2024"},"modified":"2020-01-14T22:53:26","modified_gmt":"2020-01-14T21:53:26","slug":"limp-introduction","status":"publish","type":"page","link":"https:\/\/klm-international.info\/fr\/limp-introduction\/","title":{"rendered":"A propos de l&rsquo;\u00e9preuve internationale des M\u00fcnsterlanders (IMP)"},"content":{"rendered":"<div class=\"page\" title=\"Page 1\">\n<div class=\"layoutArea\">\n<div class=\"column\">\n<p>Sur le plan international, la F.C.I uniformise l&rsquo;apparence \u00ab\u00a0ext\u00e9rieure\u00a0\u00bb. A l&rsquo;inverse, les \u00e9preuves de travail sont bien diff\u00e9rentes d&rsquo;un pays \u00e0 l&rsquo;autre pour diverses raisons : traditions, r\u00e8glementation juridique, &#8230; . Dans ces conditions, la comparaison des r\u00e9sultats est rendue difficile voire impossible.<\/p>\n<p>Depuis 2007, le comit\u00e9 du KLM-I travaille \u00e0 la r\u00e9daction d&rsquo;un r\u00e8glement d&rsquo;une \u00e9preuve internationale pour M\u00fcnsterlander (IMP) afin que le Petit et le Grand M\u00fcnsterlander conservent, sur le plan international, le profil de chien de chasse pratique polyvalent apte \u00e0 travailler avant et apr\u00e8s le coup de feu aussi bien en plaine qu&rsquo;\u00e0 l&rsquo;eau et au bois et pour rendre possible, au niveau international, la comparaison du travail en action de chasse.<\/p>\n<p>L&rsquo;objectif \u00e9tait d&rsquo;\u00e9tablir un r\u00e8glement qui privil\u00e9gie autant que possible la chasse pratique et qui tienne au mieux compte de crit\u00e8res utiles pour l&rsquo;\u00e9levage du chien de chasse. Le KLM-I a fait le constat que l&rsquo;\u00e9levage du chien de chasse ne repose plus dans les mains d&rsquo;un club national.<\/p>\n<p>Le r\u00e8glement fut test\u00e9 lors de deux \u00e9preuves, en Autriche en 2010 et en Allemagne en 2011. Les enseignements r\u00e9colt\u00e9s lors de ces \u00e9preuves ont permis d&rsquo;am\u00e9liorer le r\u00e8glement.<\/p>\n<p>Celui-ci a \u00e9t\u00e9 approuv\u00e9 par l&rsquo;AG 2012 du KLM-International. Depuis cette date, il a \u00e9t\u00e9 r\u00e9guli\u00e8rement mis \u00e0 jour.<\/p>\n<p>Lors de cette m\u00eame AG 2012 une proposition a \u00e9t\u00e9 faite pour cr\u00e9er un nouveau r\u00e8glement d&rsquo;une \u00e9preuve de m\u00eame type mais d&rsquo;un niveau un peu inf\u00e9rieur \u00e0 l&rsquo;\u00e9preuve tr\u00e8s exigeante en cours. Cette \u00e9preuve de travail devait \u00e9galement permettre de mettre en \u00e9vidence le potentiel pour l&rsquo;\u00e9levage \u00e0 un niveau dit de \u00ab\u00a0base\u00a0\u00bb.<\/p>\n<p>Cela donnait la possibilit\u00e9 de proposer 2 \u00e9preuves pour les M\u00fcnsterlanders. L&rsquo;\u00e9preuve en cours fut alors appel\u00e9e IMP-A. Les deux \u00e9preuves auront l&rsquo;avantage de se d\u00e9rouler s\u00e9par\u00e9ment lors d&rsquo;une m\u00eame manifestation. Les conducteurs choisiront la variante qu&rsquo;ils souhaitent.<\/p>\n<\/div>\n<\/div>\n<\/div>\n<p>&nbsp;<\/p>\n<div class=\"page\" title=\"Page 1\">\n<div class=\"layoutArea\">\n<div class=\"column\">\n<p><strong>L&rsquo;IMP-A<\/strong> est une \u00e9preuve exigeante de niveau \u00ab\u00a0\u00e9lite\u00a0\u00bb, l&rsquo;IMP-B sera une \u00e9preuve de travail d&rsquo;un niveau de \u00ab\u00a0base\u00a0\u00bb. <strong>L&rsquo;IMP-B<\/strong> est ax\u00e9e sur les aptitudes naturelles, de ce fait, il ne sera pas n\u00e9cessaire de remplir les conditions d&rsquo;\u00e9levage pour y participer.<\/p>\n<p>Des \u00e9preuves semblables existent d\u00e9j\u00e0 dans plusieurs pays membres du KLM-I (VJP, HZP, &#8230;). Ensomme, l&rsquo;IMP-B est un condens\u00e9 de ces disciplines.<\/p>\n<p>En 2016, l&rsquo;Allemagne, pays d&rsquo;origine de la race, et la France ont reconnu l&rsquo;IMP-B comme \u00e9preuve donnant acc\u00e8s \u00e0 l&rsquo;\u00e9levage.<\/p>\n<p>A l&rsquo;avenir, il faudra \u0153uvrer pour que les autres pays membres du KLM-I en fassent de m\u00eame.<\/p>\n<\/div>\n<\/div>\n<\/div>\n<p>&nbsp;<\/p>\n<p>&nbsp;<\/p>\n<p><span style=\"font-size: 8pt;\">Traduction Germain KLEIN 03.08.2018<\/span><\/p>\n<p>&nbsp;<\/p>\n","protected":false},"excerpt":{"rendered":"<p>Sur le plan international, la F.C.I uniformise l&rsquo;apparence \u00ab\u00a0ext\u00e9rieure\u00a0\u00bb. A l&rsquo;inverse, les \u00e9preuves de travail sont bien diff\u00e9rentes d&rsquo;un pays \u00e0 l&rsquo;autre pour diverses raisons : traditions, r\u00e8glementation juridique, &#8230; . Dans ces conditions, la comparaison des r\u00e9sultats est rendue difficile voire impossible. Depuis 2007, le comit\u00e9 du KLM-I travaille \u00e0 la r\u00e9daction d&rsquo;un r\u00e8glement [&hellip;]<\/p>\n","protected":false},"author":1,"featured_media":2113,"parent":0,"menu_order":0,"comment_status":"closed","ping_status":"closed","template":"","meta":{"_exactmetrics_skip_tracking":false,"_exactmetrics_sitenote_active":false,"_exactmetrics_sitenote_note":"","_exactmetrics_sitenote_category":0,"footnotes":""},"class_list":["post-2024","page","type-page","status-publish","has-post-thumbnail","hentry"],"publishpress_future_workflow_manual_trigger":{"enabledWorkflows":[]},"_links":{"self":[{"href":"https:\/\/klm-international.info\/fr\/wp-json\/wp\/v2\/pages\/2024","targetHints":{"allow":["GET"]}}],"collection":[{"href":"https:\/\/klm-international.info\/fr\/wp-json\/wp\/v2\/pages"}],"about":[{"href":"https:\/\/klm-international.info\/fr\/wp-json\/wp\/v2\/types\/page"}],"author":[{"embeddable":true,"href":"https:\/\/klm-international.info\/fr\/wp-json\/wp\/v2\/users\/1"}],"replies":[{"embeddable":true,"href":"https:\/\/klm-international.info\/fr\/wp-json\/wp\/v2\/comments?post=2024"}],"version-history":[{"count":3,"href":"https:\/\/klm-international.info\/fr\/wp-json\/wp\/v2\/pages\/2024\/revisions"}],"predecessor-version":[{"id":4489,"href":"https:\/\/klm-international.info\/fr\/wp-json\/wp\/v2\/pages\/2024\/revisions\/4489"}],"wp:featuredmedia":[{"embeddable":true,"href":"https:\/\/klm-international.info\/fr\/wp-json\/wp\/v2\/media\/2113"}],"wp:attachment":[{"href":"https:\/\/klm-international.info\/fr\/wp-json\/wp\/v2\/media?parent=2024"}],"curies":[{"name":"wp","href":"https:\/\/api.w.org\/{rel}","templated":true}]}}