{"id":2233,"date":"2018-09-20T13:52:39","date_gmt":"2018-09-20T11:52:39","guid":{"rendered":"https:\/\/klm-international.info\/?page_id=2233"},"modified":"2020-05-11T13:56:47","modified_gmt":"2020-05-11T11:56:47","slug":"mentions-legales","status":"publish","type":"page","link":"https:\/\/klm-international.info\/fr\/mentions-legales\/","title":{"rendered":"Mentions l\u00e9gales"},"content":{"rendered":"<p><em><strong>gk 08.01.2015<\/strong><\/em>)<br \/>\nVous \u00eates sur le site Internet de \u00ab\u00a0L&rsquo;association des chiens d&rsquo;arr\u00eat des Petits M\u00fcnsterlanders \u2013 International\u00a0\u00bb.<\/p>\n<p><b>Pr\u00e9sident de l&rsquo;association <\/b><\/p>\n<p>Dietrich Berning<br \/>\nProvinzialstra\u00dfe 24<br \/>\nD-46499 Hamminkeln<\/p>\n<p><a href=\"&#x6d;&#97;i&#x6c;&#x74;&#111;:&#x64;&#105;e&#x74;&#x72;&#105;c&#x68;&#95;b&#x65;&#x72;&#110;i&#x6e;&#x67;&#64;&#x74;&#x2d;&#111;n&#x6c;&#x69;&#110;e&#x2e;&#100;e\">dietrich_ber&#110;&#105;&#110;&#103;&#64;&#116;&#45;&#111;&#110;&#108;&#105;&#110;&#101;&#46;&#100;&#x65;<\/a><br \/>\n0049 \/ (0)\u00a02873 \/ 261<br \/>\n\u00a0<\/p>\n<p><b>Secr\u00e9taire <\/b><\/p>\n<p>Beate Mitmeier<br \/>\nAm Waldesrand 3, Seifersdorf<br \/>\n01744\u00a0 Dippoldiswalde<\/p>\n<p>0049 \/ (0) 351 \/ 811 9458<br \/>\n<a href=\"m&#97;&#105;&#x6c;&#x74;&#x6f;:m&#105;&#116;&#x6d;&#x65;&#x69;e&#114;&#64;&#107;&#x6c;&#x65;&#x69;n&#101;&#45;&#x6d;&#x75;&#x65;ns&#116;&#101;&#x72;&#x6c;&#x61;e&#110;&#100;&#101;&#x72;&#x2e;&#x6f;r&#103;\">&#x6d;&#x69;&#x74;&#x6d;&#x65;&#105;&#101;&#114;&#64;kle&#x69;&#x6e;&#x65;&#x2d;&#x6d;&#x75;&#101;&#110;&#115;ter&#x6c;&#x61;&#x65;&#x6e;&#x64;&#x65;&#114;&#46;&#111;&#114;g<\/a><\/p>\n<p>&nbsp;<\/p>\n<p><b><br \/>\nObservation<\/b><\/p>\n<p>Le contenu de nos pages a \u00e9t\u00e9 r\u00e9dig\u00e9 avec le plus grand soin. Toutefois nous ne pouvons garantir la justesse et l&rsquo;int\u00e9grit\u00e9 des informations qui y figurent.<\/p>\n<p><b><br \/>\nResponsabilit\u00e9 pour les liens<\/b><br \/>\nNos pages contiennent des liens qui les relient \u00e0 d&rsquo;autres sites sur lesquels nous n&rsquo;avons aucune influence. Pour cette raison nous ne pouvons garantir les contenus de ces pages. Pour les contenus des pages des sites externes, seul pourra \u00eatre tenu responsable le fournisseur ou l&rsquo;exploitant du site. Les pages Internet ont \u00e9t\u00e9 v\u00e9rifi\u00e9es dans la mesure des possibilit\u00e9s juridiques disponibles. Des contenus contraires au droit n&rsquo;ont pu \u00eatre d\u00e9cel\u00e9s. Le contr\u00f4le permanent des pages Internet n&rsquo;est pas envisageable sans une information concr\u00e8te sp\u00e9cifiant une violation du droit. Si nous devions avoir connaissance de contenus contraires \u00e0 la loi, ces liens seront imm\u00e9diatement supprim\u00e9s.<\/p>\n<p><b>Droit d&rsquo;auteur<\/b><\/p>\n<p>Les contenus des textes et ouvrages produits par les exploitants sont soumis au droit d&rsquo;auteur allemand. La copie, le traitement, la diffusion et le type d&rsquo;utilisation en dehors des fronti\u00e8res r\u00e9gissant les droits d&rsquo;auteur ont besoin du consentement \u00e9crit des auteurs respectifs. Le t\u00e9l\u00e9chargement et la copie de ces pages sont exclusivement r\u00e9serv\u00e9s \u00e0 un usage priv\u00e9, en faire un usage commercial est interdit. Si les contenus de ces pages n&rsquo;ont pas \u00e9t\u00e9 produits par l&rsquo;exploitant, les droits d&rsquo;auteur d&rsquo;une tierce personne seront pris en compte. Si quelqu&rsquo;un devait constater une violation des droits d&rsquo;auteur, nous prierons cette personne de nous en faire part de fa\u00e7on tr\u00e8s pr\u00e9cise. Si des violations au droit devaient \u00eatre constat\u00e9es, nous supprimerons les contenus en question.<\/p>\n<p><b>Protection des donn\u00e9es<\/b><\/p>\n<p>En r\u00e8gle g\u00e9n\u00e9rale, l&rsquo;utilisation de notre site est possible sans communiquer des donn\u00e9es \u00e0 caract\u00e8re personnel. Les donn\u00e9es personnelles communiqu\u00e9es (par exemple le nom, l&rsquo;adresse ou l&rsquo;adresse \u00e9lectronique) sont publi\u00e9es avec le consentement des personnes concern\u00e9es. Sans leur autorisation expresse, aucune donn\u00e9e personnelle ne pourra \u00eatre transmise \u00e0 une tierce personne.<\/p>\n<p>Nous attirons l&rsquo;attention sur le fait que la transmission de donn\u00e9es peut pr\u00e9senter des risques concernant la s\u00e9curit\u00e9 sur Internet (par exemple \u00e0 la communication par E-Mail)<\/p>\n<p>L&rsquo;utilisation des donn\u00e9es personnelles par une tierce personne pour l&rsquo;envoi de documents publicitaires n&rsquo;est pas autoris\u00e9e. Les gestionnaires du site se r\u00e9servent le droit d&rsquo;entamer une action en justice en cas d&rsquo;infraction par l&rsquo;envoi non autoris\u00e9 de publicit\u00e9 (spams).<\/p>\n<p><i>Source (extrait) : Disclaimer de eRecht24, portail au droit d&rsquo;Internet de l&rsquo;avocat S\u00f6ren Siebert<\/i><\/p>\n<p><i>Source des arts graphiques : drapeaux du menu \u00ab\u00a0Membres\u00a0\u00bb : flaggenbilder.de<\/i><\/p>\n<p>&nbsp;<\/p>\n<p class=\"art-postcontent\">\u00a0<\/p>\n","protected":false},"excerpt":{"rendered":"<p>gk 08.01.2015) Vous \u00eates sur le site Internet de \u00ab\u00a0L&rsquo;association des chiens d&rsquo;arr\u00eat des Petits M\u00fcnsterlanders \u2013 International\u00a0\u00bb. Pr\u00e9sident de l&rsquo;association Dietrich Berning Provinzialstra\u00dfe 24 D-46499 Hamminkeln &#x64;&#105;&#101;&#x74;&#x72;&#105;&#99;&#x68;&#x5f;&#98;&#101;&#x72;&#x6e;&#105;&#110;&#x67;&#x40;&#116;&#45;&#x6f;&#x6e;&#108;&#105;&#x6e;&#x65;&#46;&#100;&#x65; 0049 \/ (0)\u00a02873 \/ 261 \u00a0 Secr\u00e9taire Beate Mitmeier Am Waldesrand 3, Seifersdorf 01744\u00a0 Dippoldiswalde 0049 \/ (0) 351 \/ 811 9458 &#x6d;i&#x74;&#109;e&#x69;&#101;&#x72;&#64;k&#x6c;&#101;&#x69;&#110;e&#x2d;&#109;&#x75;&#x65;n&#x73;&#116;e&#x72;&#108;&#x61;&#101;n&#x64;&#101;&#x72;&#46;o&#x72;&#103; &nbsp; Observation Le contenu [&hellip;]<\/p>\n","protected":false},"author":1,"featured_media":0,"parent":0,"menu_order":0,"comment_status":"closed","ping_status":"closed","template":"","meta":{"_exactmetrics_skip_tracking":false,"_exactmetrics_sitenote_active":false,"_exactmetrics_sitenote_note":"","_exactmetrics_sitenote_category":0,"footnotes":""},"class_list":["post-2233","page","type-page","status-publish","hentry"],"publishpress_future_workflow_manual_trigger":{"enabledWorkflows":[]},"_links":{"self":[{"href":"https:\/\/klm-international.info\/fr\/wp-json\/wp\/v2\/pages\/2233","targetHints":{"allow":["GET"]}}],"collection":[{"href":"https:\/\/klm-international.info\/fr\/wp-json\/wp\/v2\/pages"}],"about":[{"href":"https:\/\/klm-international.info\/fr\/wp-json\/wp\/v2\/types\/page"}],"author":[{"embeddable":true,"href":"https:\/\/klm-international.info\/fr\/wp-json\/wp\/v2\/users\/1"}],"replies":[{"embeddable":true,"href":"https:\/\/klm-international.info\/fr\/wp-json\/wp\/v2\/comments?post=2233"}],"version-history":[{"count":5,"href":"https:\/\/klm-international.info\/fr\/wp-json\/wp\/v2\/pages\/2233\/revisions"}],"predecessor-version":[{"id":4854,"href":"https:\/\/klm-international.info\/fr\/wp-json\/wp\/v2\/pages\/2233\/revisions\/4854"}],"wp:attachment":[{"href":"https:\/\/klm-international.info\/fr\/wp-json\/wp\/v2\/media?parent=2233"}],"curies":[{"name":"wp","href":"https:\/\/api.w.org\/{rel}","templated":true}]}}