{"id":2245,"date":"2018-09-20T14:11:23","date_gmt":"2018-09-20T12:11:23","guid":{"rendered":"https:\/\/klm-international.info\/?page_id=2245"},"modified":"2018-09-26T12:31:20","modified_gmt":"2018-09-26T10:31:20","slug":"salutations-du-president","status":"publish","type":"page","link":"https:\/\/klm-international.info\/fr\/salutations-du-president\/","title":{"rendered":"Salutations du pr\u00e9sident"},"content":{"rendered":"<figure id=\"attachment_515\" aria-describedby=\"caption-attachment-515\" style=\"width: 368px\" class=\"wp-caption alignright\"><img loading=\"lazy\" decoding=\"async\" class=\"size-full wp-image-515\" src=\"https:\/\/klm-international.info\/media\/2018\/06\/BerningRHE-klein.jpg\" alt=\"\" width=\"368\" height=\"418\" srcset=\"https:\/\/klm-international.info\/media\/2018\/06\/BerningRHE-klein.jpg 368w, https:\/\/klm-international.info\/media\/2018\/06\/BerningRHE-klein-132x150.jpg 132w, https:\/\/klm-international.info\/media\/2018\/06\/BerningRHE-klein-264x300.jpg 264w, https:\/\/klm-international.info\/media\/2018\/06\/BerningRHE-klein-100x114.jpg 100w, https:\/\/klm-international.info\/media\/2018\/06\/BerningRHE-klein-150x170.jpg 150w, https:\/\/klm-international.info\/media\/2018\/06\/BerningRHE-klein-200x227.jpg 200w, https:\/\/klm-international.info\/media\/2018\/06\/BerningRHE-klein-300x341.jpg 300w\" sizes=\"auto, (max-width: 368px) 100vw, 368px\" \/><figcaption id=\"caption-attachment-515\" class=\"wp-caption-text\">Dietrich Berning, Pr\u00e9sident KlM-I<\/figcaption><\/figure>\n<h1 class=\"art-postcontent\">Bienvenue<\/h1>\n<p class=\"art-postcontent\">Nous nous r\u00e9jouissons de l&rsquo;int\u00e9r\u00eat que vous portez au Petit M\u00fcnsterlander (PEM). Nous sommes l&rsquo;association qui chapeaute les diff\u00e9rents clubs nationaux du PEM qui nous ont rejoints depuis 2006. Nous voulons pr\u00e9server et consolider au niveau international cette belle et vieille race de chien de chasse, le classique Epagneul de Munster.<\/p>\n<p>Nous travaillons avec nos diff\u00e9rents clubs membres pour conserver une race saine et apte au travail. Ce qui signifie que nous nous sommes fix\u00e9 comme objectif principal de cr\u00e9er une lign\u00e9e de travail.<\/p>\n<p class=\"art-postcontent\">La F\u00e9d\u00e9ration Cynologique Internationale (F.C.I.) veille depuis de longues d\u00e9cennies que dans tous les pays membres les races de chiens soient \u00e9lev\u00e9es dans le cadre d&rsquo;un m\u00eame \u00ab\u00a0Standard\u00a0\u00bb. Cependant, dans tous les pays membres, l&rsquo;\u00e9levage est pratiqu\u00e9 de fa\u00e7on uniforme et comparable, d&rsquo;apr\u00e8s les crit\u00e8res du \u00ab\u00a0Standard\u00a0\u00bb se limitant \u00e0 l&rsquo;aspect morphologique et la nature du poil. Pour cela, les organismes affili\u00e9s \u00e0 la FCI d\u00e9livrent \u00e0 un chiot un pedigree-FCI qui atteste qu&rsquo;il est issu d&rsquo;un \u00e9levage de race.<\/p>\n<p class=\"art-postcontent\">Pour une race de chien de chasse comme le PEM cela n&rsquo;est pas suffisant de pratiquer l&rsquo;\u00e9levage en se r\u00e9f\u00e9rant uniquement sur des crit\u00e8res comparables ayant trait \u00e0 la morphologie et au poil. Ils doivent \u00e9galement ma\u00eetriser les t\u00e2ches qu&rsquo;ils sont cens\u00e9es remplir \u00e0 la chasse sinon ils ne seraient pas de v\u00e9ritables chiens de chasse mais des chiens de compagnie, sportifs ou sp\u00e9cialis\u00e9s dans des domaines particuliers.<\/p>\n<p>C&rsquo;est l\u00e0 que commencent les probl\u00e8mes car les conditions sont tr\u00e8s diff\u00e9rentes d&rsquo;un pays \u00e0 l&rsquo;autre en ce qui concerne :<\/p>\n<p>&#8211; la pratique de la chasse<br \/>\n&#8211; les situations juridiques comme, par exemple, les r\u00e8gles concernant la protection animale ou la pratique de la chasse<br \/>\n&#8211; les traditions li\u00e9es \u00e0 la chasse<br \/>\n&#8211; les esp\u00e8ces chassables qui sont d\u00e9pendantes des biotopes.<\/p>\n<p class=\"art-postcontent\">Quelle orientation doit prendre l&rsquo;\u00e9levage de race? Dans les chiens de chasse nous connaissons ceux qui sont sp\u00e9cialis\u00e9s dans un domaine bien particulier tels les chiens de sang, les chiens de plaine ou retriever. Il existe \u00e9galement des chiens \u00ab\u00a0g\u00e9n\u00e9raliste\u00a0\u00bb comme par exemple les chiens d&rsquo;arr\u00eat continentaux qui travaillent avant et apr\u00e8s le coup de feu en plaine, au bois et \u00e0 l&rsquo;eau. Ces races sont d\u00e9sign\u00e9es sous le terme chiens de chasse \u00ab\u00a0polyvalents\u00a0\u00bb. Le PEM est un chien de chasse polyvalent!<\/p>\n<p class=\"art-postcontent\">Sur le plan international, est-il \u00e9lev\u00e9 comme chien de chasse polyvalent? Malheureusement NON! Pour les conditions de la pratique de l&rsquo;\u00e9levage, la FCI a laiss\u00e9 \u00e0 ses membres toute latitude pour juger les aptitudes \u00e0 la chasse d&rsquo;apr\u00e8s les crit\u00e8res et les conditions dans lesquelles les \u00e9preuves doivent se d\u00e9rouler.<\/p>\n<p class=\"art-postcontent\">Les membres du KlM-International (KlM-I) veulent produire le PEM comme chien de chasse \u00e0 destination des chasseurs. Les chasseurs ont besoin de chiens en bonne sant\u00e9, fiables et performants pour travailler en bonne \u00ab\u00a0collaboration\u00a0\u00bb. Les chasseurs appr\u00e9cient beaucoup la compagnie de leur PEM, tant \u00e0 la maison qu&rsquo;\u00e0 la chasse.<\/p>\n<p class=\"art-postcontent\">Si nous voulons conserver \u00e0 longue \u00e9ch\u00e9ance le PEM comme chien de chasse polyvalent tel qu&rsquo;il est d\u00e9crit dans Standard international d\u00e9pos\u00e9 \u00e0 la FCI, nous devons collaborer \u00e9troitement au niveau international, \u00e9changer nos exp\u00e9riences, encourager l&rsquo;\u00e9levage, la sant\u00e9 et les aptitudes au travail, identifier les caract\u00e8res h\u00e9r\u00e9ditaires dominants et \u00e9changer \u00e0 travers les fronti\u00e8res les bons courants de sang. Il reste beaucoup \u00e0 faire. Une collaboration \u00e9troite et de confiance favorise l&rsquo;\u00e9levage mais il faut du temps et ne pourra se faire qu&rsquo;\u00e0 petits pas. Tout repose sur le volontariat.<\/p>\n<p>Dans le futur, patience et pers\u00e9v\u00e9rance pourront am\u00e9liorer beaucoup de points au service de notre petit compagnon de chasse dans le cadre de la r\u00e8glementation de la protection animale et de la pratique de la chasse dans nos pays respectifs.<\/p>\n<p class=\"art-postcontent\">Bernd-Dieter Jesinghausen, Pr\u00e9sident d&rsquo;honneur, Schwabach, Mai 2013.<\/p>\n","protected":false},"excerpt":{"rendered":"<p>Bienvenue Nous nous r\u00e9jouissons de l&rsquo;int\u00e9r\u00eat que vous portez au Petit M\u00fcnsterlander (PEM). Nous sommes l&rsquo;association qui chapeaute les diff\u00e9rents clubs nationaux du PEM qui nous ont rejoints depuis 2006. Nous voulons pr\u00e9server et consolider au niveau international cette belle et vieille race de chien de chasse, le classique Epagneul de Munster. Nous travaillons avec [&hellip;]<\/p>\n","protected":false},"author":1,"featured_media":0,"parent":0,"menu_order":0,"comment_status":"closed","ping_status":"closed","template":"full-width-page.php","meta":{"_exactmetrics_skip_tracking":false,"_exactmetrics_sitenote_active":false,"_exactmetrics_sitenote_note":"","_exactmetrics_sitenote_category":0,"footnotes":""},"class_list":["post-2245","page","type-page","status-publish","hentry"],"publishpress_future_workflow_manual_trigger":{"enabledWorkflows":[]},"_links":{"self":[{"href":"https:\/\/klm-international.info\/fr\/wp-json\/wp\/v2\/pages\/2245","targetHints":{"allow":["GET"]}}],"collection":[{"href":"https:\/\/klm-international.info\/fr\/wp-json\/wp\/v2\/pages"}],"about":[{"href":"https:\/\/klm-international.info\/fr\/wp-json\/wp\/v2\/types\/page"}],"author":[{"embeddable":true,"href":"https:\/\/klm-international.info\/fr\/wp-json\/wp\/v2\/users\/1"}],"replies":[{"embeddable":true,"href":"https:\/\/klm-international.info\/fr\/wp-json\/wp\/v2\/comments?post=2245"}],"version-history":[{"count":1,"href":"https:\/\/klm-international.info\/fr\/wp-json\/wp\/v2\/pages\/2245\/revisions"}],"predecessor-version":[{"id":2246,"href":"https:\/\/klm-international.info\/fr\/wp-json\/wp\/v2\/pages\/2245\/revisions\/2246"}],"wp:attachment":[{"href":"https:\/\/klm-international.info\/fr\/wp-json\/wp\/v2\/media?parent=2245"}],"curies":[{"name":"wp","href":"https:\/\/api.w.org\/{rel}","templated":true}]}}