{"id":2481,"date":"2018-09-20T17:26:24","date_gmt":"2018-09-20T15:26:24","guid":{"rendered":"https:\/\/klm-international.info\/?page_id=2481"},"modified":"2018-12-19T09:15:36","modified_gmt":"2018-12-19T08:15:36","slug":"autres-reglements-dexamen","status":"publish","type":"page","link":"https:\/\/klm-international.info\/fr\/limp-introduction\/autres-reglements-dexamen\/","title":{"rendered":"R\u00e8glements de pays membres du KLM-I"},"content":{"rendered":"<p>R\u00e8glements d&rsquo;\u00e9preuves d&rsquo;autres pays membres<\/p>\n<h2>France<\/h2>\n<p>R\u00e8glements des \u00e9preuves pour chiens d&rsquo;arr\u00eat : field-trials, Brevet International de Chasse Pratique (BICP), Brevet de Chasse \u00e0 l&rsquo;Eau (BCE), TAN (Test d&rsquo;Aptitudes Naturelles), &#8230; . Applicables \u00e0 partir du 01.01.2019.<\/p>\n<ul>\n<li><a href=\"https:\/\/klm-international.info\/media\/2018\/12\/181212_CUNCA_reglement_FT_BICP_valid_SCC.pdf\">181212_CUNCA_reglement_FT_BICP_valid_SCC<\/a><\/li>\n<\/ul>\n<hr \/>\n<h2>R\u00e9publique Tch\u00e8que<\/h2>\n<ul>\n<li><a href=\"https:\/\/klm-international.info\/media\/2018\/12\/R\u00e8glement-des-\u00e9preuves-des-chiens-de-chasse-en-R\u00e9publique-tch\u00e8que.pdf\">R\u00e8glement des \u00e9preuves des chiens de chasse en R\u00e9publique tch\u00e8que<\/a><\/li>\n<\/ul>\n<p>Grilles de notation des diff\u00e9rents types d&rsquo;\u00e9preuves chiens d&rsquo;arr\u00eat<\/p>\n<ul>\n<li><a href=\"https:\/\/klm-international.info\/media\/2018\/12\/Epreuve-dautomne-CZ.pdf\">Epreuve d&rsquo;automne (CZ)<\/a><\/li>\n<li><a href=\"https:\/\/klm-international.info\/media\/2018\/12\/Memorial-Knoll-Podhajsky-CZ.pdf\">Memorial Knoll Podhajsky (CZ)<\/a><\/li>\n<li><a href=\"https:\/\/klm-international.info\/media\/2018\/12\/TAN-CZ.pdf\">TAN (CZ)<\/a><\/li>\n<li><a href=\"https:\/\/klm-international.info\/media\/2018\/12\/Epreuve-de-chasse-pratique-CZ.pdf\">Epreuve de chasse pratique (CZ)<\/a><\/li>\n<li><a href=\"https:\/\/klm-international.info\/media\/2018\/12\/Sp\u00e9ciale-Eau-CZ.pdf\">Sp\u00e9ciale Eau (CZ)<\/a><\/li>\n<li><a href=\"https:\/\/klm-international.info\/media\/2018\/12\/Epreuves-au-bois-CZ.pdf\">Epreuve au bois (CZ)<\/a><\/li>\n<\/ul>\n<p>&nbsp;<\/p>\n","protected":false},"excerpt":{"rendered":"<p>R\u00e8glements d&rsquo;\u00e9preuves d&rsquo;autres pays membres France R\u00e8glements des \u00e9preuves pour chiens d&rsquo;arr\u00eat : field-trials, Brevet International de Chasse Pratique (BICP), Brevet de Chasse \u00e0 l&rsquo;Eau (BCE), TAN (Test d&rsquo;Aptitudes Naturelles), &#8230; . Applicables \u00e0 partir du 01.01.2019. 181212_CUNCA_reglement_FT_BICP_valid_SCC R\u00e9publique Tch\u00e8que R\u00e8glement des \u00e9preuves des chiens de chasse en R\u00e9publique tch\u00e8que Grilles de notation des diff\u00e9rents [&hellip;]<\/p>\n","protected":false},"author":1,"featured_media":0,"parent":2024,"menu_order":0,"comment_status":"closed","ping_status":"closed","template":"","meta":{"_exactmetrics_skip_tracking":false,"_exactmetrics_sitenote_active":false,"_exactmetrics_sitenote_note":"","_exactmetrics_sitenote_category":0,"footnotes":""},"class_list":["post-2481","page","type-page","status-publish","hentry"],"publishpress_future_workflow_manual_trigger":{"enabledWorkflows":[]},"_links":{"self":[{"href":"https:\/\/klm-international.info\/fr\/wp-json\/wp\/v2\/pages\/2481","targetHints":{"allow":["GET"]}}],"collection":[{"href":"https:\/\/klm-international.info\/fr\/wp-json\/wp\/v2\/pages"}],"about":[{"href":"https:\/\/klm-international.info\/fr\/wp-json\/wp\/v2\/types\/page"}],"author":[{"embeddable":true,"href":"https:\/\/klm-international.info\/fr\/wp-json\/wp\/v2\/users\/1"}],"replies":[{"embeddable":true,"href":"https:\/\/klm-international.info\/fr\/wp-json\/wp\/v2\/comments?post=2481"}],"version-history":[{"count":30,"href":"https:\/\/klm-international.info\/fr\/wp-json\/wp\/v2\/pages\/2481\/revisions"}],"predecessor-version":[{"id":3735,"href":"https:\/\/klm-international.info\/fr\/wp-json\/wp\/v2\/pages\/2481\/revisions\/3735"}],"up":[{"embeddable":true,"href":"https:\/\/klm-international.info\/fr\/wp-json\/wp\/v2\/pages\/2024"}],"wp:attachment":[{"href":"https:\/\/klm-international.info\/fr\/wp-json\/wp\/v2\/media?parent=2481"}],"curies":[{"name":"wp","href":"https:\/\/api.w.org\/{rel}","templated":true}]}}