{"id":3084,"date":"2018-09-26T12:50:14","date_gmt":"2018-09-26T10:50:14","guid":{"rendered":"https:\/\/klm-international.info\/?page_id=3084"},"modified":"2020-05-17T11:30:41","modified_gmt":"2020-05-17T09:30:41","slug":"formulaires","status":"publish","type":"page","link":"https:\/\/klm-international.info\/fr\/service\/formulaires\/","title":{"rendered":"Formulaires"},"content":{"rendered":"<p>Vous pouvez t\u00e9l\u00e9charger les formulaires.<\/p>\n<p>Les formulaires sont stock\u00e9s sous forme de fichiers .pdf, .xls ou .doc sur notre serveur, dans certains cas, Microsoft Excel ou Microsoft Word sont requis.<\/p>\n<p>&nbsp;<\/p>\n<p>&nbsp;<\/p>\n<ul>\n<li><a href=\"https:\/\/klm-international.info\/media\/2020\/05\/Certificat-Criant_Laut-KLM-I-v._2020.03.11.pdf\">Certificat Criant_Laut KLM-I v._2020.03.11<\/a><\/li>\n<li><a href=\"https:\/\/klm-international.info\/media\/2020\/05\/Certificat-Criant_Laut-KLM-I-Proc\u00e9dure-de-validation-v._mars-2020-1.pdf\">Certificat Criant_Laut KLM-I Proc\u00e9dure de validation v._mars 2020<\/a><\/li>\n<\/ul>\n<p>&nbsp;<\/p>\n<ul>\n<li><a href=\"https:\/\/klm-international.info\/media\/2019\/12\/D\u00e9claration-de-saillie-\u00e0-l\u00e9tranger-dun-\u00e9talon-allemand-18.11.19.pdf\">D\u00e9claration de saillie \u00e0 l&rsquo;\u00e9tranger d&rsquo;un \u00e9talon allemand 18.11.19<\/a><\/li>\n<\/ul>\n<p>&nbsp;<\/p>\n<ul style=\"list-style-type: disc;\">\n<li><a href=\"https:\/\/klm-international.info\/media\/2018\/12\/Formulaire-dengagement-IMP-A.pdf\">Formulaire d&rsquo;engagement IMP-A<\/a><\/li>\n<li><a href=\"https:\/\/klm-international.info\/media\/2018\/12\/Formulaire-dengagement-IMP-B.pdf\">Formulaire d&rsquo;engagement IMP-B<\/a><\/li>\n<li><a href=\"https:\/\/klm-international.info\/media\/2018\/12\/Formulaire-Juge-IMP.pdf\">Formulaire Juge IMP<\/a><\/li>\n<li><a href=\"https:\/\/klm-international.info\/media\/2020\/03\/Formulaire-dengagement-exposition-FR_DE-Nennung-zur-Zuchtschau.pdf\">Formulaire d&rsquo;engagement exposition FR_DE Nennung zur Zuchtschau<\/a><\/li>\n<\/ul>\n<p>&nbsp;<\/p>\n","protected":false},"excerpt":{"rendered":"<p>Vous pouvez t\u00e9l\u00e9charger les formulaires. Les formulaires sont stock\u00e9s sous forme de fichiers .pdf, .xls ou .doc sur notre serveur, dans certains cas, Microsoft Excel ou Microsoft Word sont requis. &nbsp; &nbsp; Certificat Criant_Laut KLM-I v._2020.03.11 Certificat Criant_Laut KLM-I Proc\u00e9dure de validation v._mars 2020 &nbsp; D\u00e9claration de saillie \u00e0 l&rsquo;\u00e9tranger d&rsquo;un \u00e9talon allemand 18.11.19 &nbsp; [&hellip;]<\/p>\n","protected":false},"author":1,"featured_media":0,"parent":509,"menu_order":0,"comment_status":"closed","ping_status":"closed","template":"","meta":{"_exactmetrics_skip_tracking":false,"_exactmetrics_sitenote_active":false,"_exactmetrics_sitenote_note":"","_exactmetrics_sitenote_category":0,"footnotes":""},"class_list":["post-3084","page","type-page","status-publish","hentry"],"publishpress_future_workflow_manual_trigger":{"enabledWorkflows":[]},"_links":{"self":[{"href":"https:\/\/klm-international.info\/fr\/wp-json\/wp\/v2\/pages\/3084","targetHints":{"allow":["GET"]}}],"collection":[{"href":"https:\/\/klm-international.info\/fr\/wp-json\/wp\/v2\/pages"}],"about":[{"href":"https:\/\/klm-international.info\/fr\/wp-json\/wp\/v2\/types\/page"}],"author":[{"embeddable":true,"href":"https:\/\/klm-international.info\/fr\/wp-json\/wp\/v2\/users\/1"}],"replies":[{"embeddable":true,"href":"https:\/\/klm-international.info\/fr\/wp-json\/wp\/v2\/comments?post=3084"}],"version-history":[{"count":27,"href":"https:\/\/klm-international.info\/fr\/wp-json\/wp\/v2\/pages\/3084\/revisions"}],"predecessor-version":[{"id":4883,"href":"https:\/\/klm-international.info\/fr\/wp-json\/wp\/v2\/pages\/3084\/revisions\/4883"}],"up":[{"embeddable":true,"href":"https:\/\/klm-international.info\/fr\/wp-json\/wp\/v2\/pages\/509"}],"wp:attachment":[{"href":"https:\/\/klm-international.info\/fr\/wp-json\/wp\/v2\/media?parent=3084"}],"curies":[{"name":"wp","href":"https:\/\/api.w.org\/{rel}","templated":true}]}}