{"id":3086,"date":"2018-09-26T12:54:39","date_gmt":"2018-09-26T10:54:39","guid":{"rendered":"https:\/\/klm-international.info\/?page_id=3086"},"modified":"2020-01-18T11:47:38","modified_gmt":"2020-01-18T10:47:38","slug":"reglements","status":"publish","type":"page","link":"https:\/\/klm-international.info\/fr\/service\/reglements\/","title":{"rendered":"R\u00e8glements"},"content":{"rendered":"<p>&nbsp;<\/p>\n<h2>D<\/h2>\n<ul>\n<li><a href=\"https:\/\/klm-international.info\/media\/2018\/12\/Distinctions-honorifiques-KlM-I.pdf\">Distinctions honorifiques KlM-I<\/a>\u00a0 Directives pour la nomination des membres honoraires et pour la distinction de membres m\u00e9ritants.<\/li>\n<\/ul>\n<h2>R<\/h2>\n<ul>\n<li><a href=\"https:\/\/klm-international.info\/media\/2020\/01\/R\u00e8glement-IMP-A-v._25.09.2016.pdf\">R\u00e8glement IMP-A v._25.09.2016<\/a><\/li>\n<li><a href=\"https:\/\/klm-international.info\/media\/2020\/01\/R\u00e8glement-IMP-B-v._28.03.2018.pdf\">R\u00e8glement IMP-B v._28.03.2018<\/a><\/li>\n<\/ul>\n<h2>S<\/h2>\n<ul>\n<li><a href=\"https:\/\/klm-international.info\/media\/2018\/12\/STATUTS-KLM-I_19.10.2014.pdf\">STATUTS KLM-I_19.10.2014<\/a><\/li>\n<\/ul>\n<p>&nbsp;<\/p>\n","protected":false},"excerpt":{"rendered":"<p>&nbsp; D Distinctions honorifiques KlM-I\u00a0 Directives pour la nomination des membres honoraires et pour la distinction de membres m\u00e9ritants. R R\u00e8glement IMP-A v._25.09.2016 R\u00e8glement IMP-B v._28.03.2018 S STATUTS KLM-I_19.10.2014 &nbsp;<\/p>\n","protected":false},"author":1,"featured_media":0,"parent":509,"menu_order":0,"comment_status":"closed","ping_status":"closed","template":"","meta":{"_exactmetrics_skip_tracking":false,"_exactmetrics_sitenote_active":false,"_exactmetrics_sitenote_note":"","_exactmetrics_sitenote_category":0,"footnotes":""},"class_list":["post-3086","page","type-page","status-publish","hentry"],"publishpress_future_workflow_manual_trigger":{"enabledWorkflows":[]},"_links":{"self":[{"href":"https:\/\/klm-international.info\/fr\/wp-json\/wp\/v2\/pages\/3086","targetHints":{"allow":["GET"]}}],"collection":[{"href":"https:\/\/klm-international.info\/fr\/wp-json\/wp\/v2\/pages"}],"about":[{"href":"https:\/\/klm-international.info\/fr\/wp-json\/wp\/v2\/types\/page"}],"author":[{"embeddable":true,"href":"https:\/\/klm-international.info\/fr\/wp-json\/wp\/v2\/users\/1"}],"replies":[{"embeddable":true,"href":"https:\/\/klm-international.info\/fr\/wp-json\/wp\/v2\/comments?post=3086"}],"version-history":[{"count":15,"href":"https:\/\/klm-international.info\/fr\/wp-json\/wp\/v2\/pages\/3086\/revisions"}],"predecessor-version":[{"id":4507,"href":"https:\/\/klm-international.info\/fr\/wp-json\/wp\/v2\/pages\/3086\/revisions\/4507"}],"up":[{"embeddable":true,"href":"https:\/\/klm-international.info\/fr\/wp-json\/wp\/v2\/pages\/509"}],"wp:attachment":[{"href":"https:\/\/klm-international.info\/fr\/wp-json\/wp\/v2\/media?parent=3086"}],"curies":[{"name":"wp","href":"https:\/\/api.w.org\/{rel}","templated":true}]}}