{"id":4464,"date":"2020-01-14T19:19:03","date_gmt":"2020-01-14T18:19:03","guid":{"rendered":"https:\/\/klm-international.info\/?page_id=4464"},"modified":"2020-04-15T14:05:46","modified_gmt":"2020-04-15T12:05:46","slug":"profil-du-petit-muensterlander","status":"publish","type":"page","link":"https:\/\/klm-international.info\/fr\/portrait-de-la-race\/profil-du-petit-muensterlander\/","title":{"rendered":"Profil du PM &#8211; Standard de travail KLM-I"},"content":{"rendered":"<p class=\"art-postcontent\"><span style=\"font-size: 8pt;\">Traduction Germain Klein<\/span><\/p>\n<p class=\"art-postcontent\"><a href=\"https:\/\/klm-international.info\/media\/2020\/04\/Standard-de-travail-KLM-I-du-PM-v._17.01.2020.pdf\">Standard de travail KLM-I du PM v._17.01.2020<\/a><br \/>\n<strong>Profil du Petit M\u00fcnsterlander\u00a0 \u00a0 \u00a0 \u00a0 \u00a0 \u00a0 \u00a0 \u00a0 \u00a0 \u00a0 \u00a0 \u00a0 \u00a0 \u00a0 \u00a0 \u00a0 \u00a0 \u00a0 \u00a0 \u00a0 \u00a0 \u00a0 \u00a0 \u00a0 \u00a0 \u00a0 \u00a0 \u00a0 \u00a0 \u00a0 \u00a0 \u00a0 \u00a0 \u00a0 \u00a0 \u00a0 \u00a0 \u00a0 \u00a0 \u00a0 \u00a0\u00a0 \u00a0\u00a0\u00a0\u00a0\u00a0\u00a0\u00a0\u00a0\u00a0\u00a0\u00a0 <br \/>\n<\/strong><\/p>\n<p style=\"text-align: justify;\">Depuis plus de 100 ans, le Petit M\u00fcnsterlander se distingue \u00e0 la chasse par son aptitude \u00e0 arr\u00eater le gibier \u00e0 poil et \u00e0 plume. Il travaille avec intelligence et application en s&rsquo;appuyant sur le vent tout en restant en contact avec son ma\u00eetre. Dot\u00e9 d&rsquo;un excellent nez, il travaille une piste ou une voie avec assurance, criant \u00e0 vue il est aussi tr\u00e8s souvent criant sur la voie. Il fait preuve de pers\u00e9v\u00e9rance au pistage, de mordant sur le nuisible et rapporte avec plaisir le gibier \u00e0 son ma\u00eetre.<\/p>\n<p style=\"text-align: justify;\">\u00a0Ces aptitudes naturelles le pr\u00e9destinent \u00e0 \u00eatre utilis\u00e9 avant et apr\u00e8s le coup de feu tant en plaine qu&rsquo;au bois et \u00e0 l&rsquo;eau. Au bois, il a \u00e9galement les qualit\u00e9s requises pour la recherche au sang d&rsquo;un grand gibier bless\u00e9, traquer pour amener le gibier \u00e0 la ligne des chasseurs post\u00e9s mais \u00e9galement pour la chasse devant soi.<\/p>\n<p style=\"text-align: justify;\">En raison de ces multiples comp\u00e9tences pour la chasse, le Petit M\u00fcnsterlander fait partie des chiens de chasse polyvalents. De par son intelligence, il s&rsquo;adapte ais\u00e9ment \u00e0 toutes les situations. Il peut se sp\u00e9cialiser pour la chasse en plaine comme pour la chasse \u00e0 l&rsquo;eau, la recherche au sang, broussailler et traquer le sanglier. Le succ\u00e8s \u00e0 la chasse d\u00e9pend des aptitudes naturelles et de l&rsquo;exp\u00e9rience acquise au travail.<\/p>\n<p style=\"text-align: justify;\">Il est \u00e0 noter que le chien qui a \u00e9t\u00e9 sp\u00e9cialis\u00e9 pour un travail particulier perdra peu \u00e0 peu sa polyvalence. C&rsquo;est \u00e9galement vrai pour un chien livr\u00e9 \u00e0 lui-m\u00eame. Si plusieurs g\u00e9n\u00e9rations sont utilis\u00e9es exclusivement pour un type de chasse alors, lentement mais s\u00fbrement, des modifications g\u00e9n\u00e9tiques se produiront dans ces courants de sang ayant pour cons\u00e9quence la perte de son identit\u00e9 qui le caract\u00e9rise.\u00a0<\/p>\n<p><strong>Les \u00e9preuves allemandes<br \/>\n<\/strong><\/p>\n<p style=\"text-align: justify;\">Pour les \u00e9preuves, on distinguera les \u00e9preuves d&rsquo;aptitudes naturelles et les \u00e9preuves de travail.\u00a0En Allemagne, les r\u00e9sultats obtenus aux \u00e9preuves et \u00e0 l&rsquo;exposition d&rsquo;\u00e9levage sont enregistr\u00e9s dans une base de donn\u00e9es appel\u00e9e \u00ab\u00a0Dogbase\u00a0\u00bb, ils vont conditionner l&rsquo;autorisation \u00e0 la reproduction. Le jeune chien doit, si possible dans la premi\u00e8re ann\u00e9e suivant sa naissance, \u00eatre pr\u00e9sent\u00e9 aux \u00e9preuves de test des aptitudes naturelles. N&rsquo;ayant pas encore beaucoup d&rsquo;exp\u00e9rience \u00e0 la chasse, on pourra de ce fait mieux \u00e9valuer le capital h\u00e9r\u00e9ditaire.<\/p>\n<p style=\"text-align: justify;\">La VJP a lieu au printemps. Elle permettra d&rsquo;\u00e9valuer en plaine la qu\u00eate, l&rsquo;arr\u00eat, le pistage du li\u00e8vre, la passion, l&rsquo;intelligence ainsi que la r\u00e9action du chien au coup de feu. Le criant \u00e0 vue ou sur la voie d&rsquo;un li\u00e8vre, ou d&rsquo;un renard, est une autre aptitude \u00e0 valider pour qu&rsquo;un chien puisse devenir reproducteur.<\/p>\n<p style=\"text-align: justify;\">Les aptitudes test\u00e9es \u00e0 la VJP seront revues en automne \u00e0 la HZP afin de constater les progr\u00e8s effectu\u00e9s mais s&rsquo;ajouteront les disciplines \u00e0 l&rsquo;eau : sagesse au feu, rapport d&rsquo;un canard mort, le travail (pistage) derri\u00e8re un canard vivant (rapport) sous condition que ce travail soit autoris\u00e9 par la r\u00e8glementation.<\/p>\n<p style=\"text-align: justify;\">La VGP, \u00e9preuve tr\u00e8s exigeante commun\u00e9ment consid\u00e9r\u00e9e comme \u00ab\u00a0Brevet de ma\u00eetrise\u00a0\u00bb pour les chiens de chasse pratique polyvalents se d\u00e9roule sur deux jours, les disciplines sont multiples et tr\u00e8s vari\u00e9es. Cette \u00e9preuve simule toutes les situations qui peuvent se pr\u00e9senter \u00e0 la chasse pratique, une grande importance est attach\u00e9e \u00e0 l&rsquo;ob\u00e9issance. Les chiens qui ont pass\u00e9 avec succ\u00e8s cette \u00e9preuve sont aptes, sous certaines conditions, \u00e0 participer \u00e0 un \u00e9levage recommand\u00e9.<\/p>\n<p style=\"text-align: justify;\">En Allemagne, \u00e0 c\u00f4t\u00e9 de ces trois \u00e9preuves, plusieurs attestations particuli\u00e8res de travail et d&rsquo;\u00e9preuves seront \u00e9galement enregistr\u00e9es sur le Pedigree et, de ce fait, mettront encore plus en valeur le chien sans donner pour autant droit \u00e0 la reproduction.<\/p>\n<p style=\"text-align: justify;\">Malheureusement les r\u00e8glements des \u00e9preuves des pays membres du KlM-I sont difficilement comparables entre elles. Il faut aussi noter que certaines disciplines ne sont pas praticables dans certains pays. Souvent, les Petits M\u00fcnsterlanders ne sont\u00a0 jug\u00e9s que dans des domaines bien sp\u00e9cifiques (ex. la qu\u00eate de chasse en plaine). Malheureusement, la valeur du chien ne pourra \u00eatre mesur\u00e9e que dans la sp\u00e9cialit\u00e9 pratiqu\u00e9e. Les risques li\u00e9s \u00e0 la sp\u00e9cialisation ont d\u00e9j\u00e0 \u00e9t\u00e9 d\u00e9crits ci-dessus. Plus grave encore est quand les Petits M\u00fcnsterlanders sont \u00e9lev\u00e9s sans participer \u00e0 aucune \u00e9preuve permettant de tester les qualit\u00e9s naturelles.<\/p>\n<p style=\"text-align: justify;\">Dans ces pays il est impossible de mettre sur pied un \u00e9levage s\u00e9rieux de qualit\u00e9. Le KlM-I s&rsquo;active, en collaboration avec les autres clubs de race nationaux des pays membres et la F.C.I., pour trouver des solutions afin que le standard de travail classique ne se perde pas.<\/p>\n<table style=\"border-collapse: collapse; width: 100%;\">\n<tbody>\n<tr>\n<td style=\"width: 100%;\"><span style=\"color: #0000ff; font-size: 12pt;\"><em>Afin de pr\u00e9server le profil de chien de chasse pratique polyvalent tel que d\u00e9crit dans le standard de la race, le KLM-I a r\u00e9dig\u00e9 <strong>un standard de travail<\/strong> pour favoriser un jugement uniforme du PM dans les \u00e9preuves nationales et internationales des pays membres du KLM-I en particulier \u00e0 l&rsquo;IMP-A et l&rsquo;IMP-B. Le document est consultable en cliquant sur le lien en haut de la page.<\/em><\/span><\/td>\n<\/tr>\n<tr>\n<td style=\"width: 100%;\"><span style=\"color: #3366ff;\"><em><span style=\"font-size: 10pt;\">\u00a0<\/span><\/em><\/span><\/td>\n<\/tr>\n<\/tbody>\n<\/table>\n<p><img loading=\"lazy\" decoding=\"async\" class=\"details-image\" draggable=\"false\" src=\"https:\/\/klm-international.info\/media\/2017\/03\/3-Foto-Apport-Hase-1024x683.jpg\" alt=\"\" width=\"243\" height=\"162\" \/> \u00a0 \u00a0\u00a0 \u00a0 <img loading=\"lazy\" decoding=\"async\" class=\"details-image\" draggable=\"false\" src=\"https:\/\/klm-international.info\/media\/2018\/09\/IMG_0238.jpg\" alt=\"\" width=\"243\" height=\"162\" \/> \u00a0 \u00a0 \u00a0 \u00a0 \u00a0 \u00a0 <img loading=\"lazy\" decoding=\"async\" class=\"details-image\" draggable=\"false\" src=\"https:\/\/klm-international.info\/media\/2020\/01\/IMP-2014-Sang-1024x768.jpg\" alt=\"\" width=\"215\" height=\"162\" \/><\/p>\n<p><img loading=\"lazy\" decoding=\"async\" class=\"details-image\" draggable=\"false\" src=\"https:\/\/klm-international.info\/media\/2018\/09\/IMP-2013-Oeversee-234.jpg\" alt=\"\" width=\"245\" height=\"163\" \/> \u00a0\u00a0\u00a0\u00a0\u00a0\u00a0\u00a0\u00a0 <img loading=\"lazy\" decoding=\"async\" class=\"details-image\" draggable=\"false\" src=\"https:\/\/klm-international.info\/media\/2017\/03\/bei-der-arbeit-9-1024x721.jpg\" alt=\"\" width=\"236\" height=\"166\" \/> \u00a0 \u00a0 \u00a0 \u00a0 <img loading=\"lazy\" decoding=\"async\" class=\"details-image\" draggable=\"false\" src=\"https:\/\/klm-international.info\/media\/2020\/01\/ELLIOT-de-LEtang-des-Nymph\u00e9as-blancs.jpg\" alt=\"\" width=\"245\" height=\"163\" \/><\/p>\n<p class=\"art-postcontent\">\n<p class=\"art-postcontent\">\n<p class=\"art-postcontent\">\n<p class=\"art-postcontent\">\n<p class=\"art-postcontent\">\u00a0<\/p>\n<p>&nbsp;<\/p>\n<p>&nbsp;<\/p>\n","protected":false},"excerpt":{"rendered":"<p>Traduction Germain Klein Standard de travail KLM-I du PM v._17.01.2020 Profil du Petit M\u00fcnsterlander\u00a0 \u00a0 \u00a0 \u00a0 \u00a0 \u00a0 \u00a0 \u00a0 \u00a0 \u00a0 \u00a0 \u00a0 \u00a0 \u00a0 \u00a0 \u00a0 \u00a0 \u00a0 \u00a0 \u00a0 \u00a0 \u00a0 \u00a0 \u00a0 \u00a0 \u00a0 \u00a0 \u00a0 \u00a0 \u00a0 \u00a0 \u00a0 \u00a0 \u00a0 \u00a0 \u00a0 \u00a0 \u00a0 \u00a0 \u00a0 \u00a0\u00a0 \u00a0\u00a0\u00a0\u00a0\u00a0\u00a0\u00a0\u00a0\u00a0\u00a0\u00a0 [&hellip;]<\/p>\n","protected":false},"author":1,"featured_media":2611,"parent":563,"menu_order":0,"comment_status":"closed","ping_status":"closed","template":"full-width-page.php","meta":{"_exactmetrics_skip_tracking":false,"_exactmetrics_sitenote_active":false,"_exactmetrics_sitenote_note":"","_exactmetrics_sitenote_category":0,"footnotes":""},"class_list":["post-4464","page","type-page","status-publish","has-post-thumbnail","hentry"],"publishpress_future_workflow_manual_trigger":{"enabledWorkflows":[]},"_links":{"self":[{"href":"https:\/\/klm-international.info\/fr\/wp-json\/wp\/v2\/pages\/4464","targetHints":{"allow":["GET"]}}],"collection":[{"href":"https:\/\/klm-international.info\/fr\/wp-json\/wp\/v2\/pages"}],"about":[{"href":"https:\/\/klm-international.info\/fr\/wp-json\/wp\/v2\/types\/page"}],"author":[{"embeddable":true,"href":"https:\/\/klm-international.info\/fr\/wp-json\/wp\/v2\/users\/1"}],"replies":[{"embeddable":true,"href":"https:\/\/klm-international.info\/fr\/wp-json\/wp\/v2\/comments?post=4464"}],"version-history":[{"count":31,"href":"https:\/\/klm-international.info\/fr\/wp-json\/wp\/v2\/pages\/4464\/revisions"}],"predecessor-version":[{"id":4793,"href":"https:\/\/klm-international.info\/fr\/wp-json\/wp\/v2\/pages\/4464\/revisions\/4793"}],"up":[{"embeddable":true,"href":"https:\/\/klm-international.info\/fr\/wp-json\/wp\/v2\/pages\/563"}],"wp:featuredmedia":[{"embeddable":true,"href":"https:\/\/klm-international.info\/fr\/wp-json\/wp\/v2\/media\/2611"}],"wp:attachment":[{"href":"https:\/\/klm-international.info\/fr\/wp-json\/wp\/v2\/media?parent=4464"}],"curies":[{"name":"wp","href":"https:\/\/api.w.org\/{rel}","templated":true}]}}