{"id":4467,"date":"2020-01-14T19:21:52","date_gmt":"2020-01-14T18:21:52","guid":{"rendered":"https:\/\/klm-international.info\/?page_id=4467"},"modified":"2020-01-14T19:23:01","modified_gmt":"2020-01-14T18:23:01","slug":"expositions-delevage","status":"publish","type":"page","link":"https:\/\/klm-international.info\/fr\/portrait-de-la-race\/expositions-delevage\/","title":{"rendered":"Expositions d\u2019\u00e9levage"},"content":{"rendered":"<p>(<em><strong>gk 21.05.2013<\/strong><\/em>)<\/p>\n<p>\n<img loading=\"lazy\" decoding=\"async\" class=\"wp-image-615 size-full alignnone\" src=\"https:\/\/klm-international.info\/media\/2018\/06\/image-2.png\" alt=\"\" width=\"560\" height=\"373\" srcset=\"https:\/\/klm-international.info\/media\/2018\/06\/image-2.png 560w, https:\/\/klm-international.info\/media\/2018\/06\/image-2-150x100.png 150w, https:\/\/klm-international.info\/media\/2018\/06\/image-2-300x200.png 300w, https:\/\/klm-international.info\/media\/2018\/06\/image-2-100x67.png 100w, https:\/\/klm-international.info\/media\/2018\/06\/image-2-200x133.png 200w, https:\/\/klm-international.info\/media\/2018\/06\/image-2-450x300.png 450w\" sizes=\"auto, (max-width: 560px) 100vw, 560px\" \/><\/p>\n<p>Lors des expositions, sp\u00e9ciales de race ou expositions organis\u00e9es par les organismes affili\u00e9s \u00e0 la FCI, les juges FCI n&rsquo;\u00e9valuent que la morphologie et le poil. Ces particularit\u00e9s g\u00e9n\u00e9tiques sont not\u00e9es dans le Standard FCI du Petit M\u00fcnsterlander Nr. 102 \u2013 06.12.2004. Le pays d&rsquo;origine de la race est seul habilit\u00e9 \u00e0 r\u00e9diger ou \u00e0 modifier le standard. La FCI garantit alors, sur le plan mondial, le respect des crit\u00e8res d&rsquo;apparence et de mouvement pour l&rsquo;\u00e9levage des chiens dans tous les pays membres de la FCI.<\/p>\n<p>Aux expositions, les juges \u00e9valuent l&rsquo;apparence g\u00e9n\u00e9rale, les proportions importantes, la constitution du corps et des membres, le pelage et la d\u00e9marche. Ceci est tr\u00e8s important du fait que l&rsquo;appr\u00e9ciation de la position statique peut \u00eatre diff\u00e9rente de celle en mouvement. Des chiens peuvent, par exemple, compenser des d\u00e9fauts physiologiques de nature musculaire lors de leur mouvement. D&rsquo;autres d\u00e9fauts peuvent seulement appara\u00eetre lorsque le chien se d\u00e9place. L&rsquo;essentiel consiste \u00e0 constater si la morphologie du chien est bien adapt\u00e9e aux efforts \u00e0 fournir lors de la chasse.<\/p>\n<p>Le Standard pr\u00e9cise \u00e9galement le comportement, le caract\u00e8re et l&rsquo;\u00e9quilibre du chien. Lors des expositions ces crit\u00e8res ne peuvent \u00eatre jug\u00e9s en totalit\u00e9. Ceci est \u00e9galement valable pour les aptitudes naturelles. De ce fait, les sp\u00e9cificit\u00e9s d&rsquo;une race ne peuvent \u00eatre que partiellement jug\u00e9es lors des expositions.<\/p>\n<p>Les juges doivent \u00e9valuer dans quelles mesures les caract\u00e9ristiques d&rsquo;un chien correspondent \u00e0 celles de la race.<\/p>\n<p>Les diff\u00e9rentes mentions attribu\u00e9es sont :<\/p>\n<ul>\n<li>\u00ab\u00a0Excellent\u00a0\u00bb (Vorz\u00fcglich : V), lorsque les caract\u00e9risques correspondent id\u00e9alement \u00e0 celles de la race,<\/li>\n<li>\u00ab\u00a0Tr\u00e8s Bon\u00a0\u00bb (Sehr gut : SG) ,si les proportions et la constitution en g\u00e9n\u00e9ral correspondent au profil type de la race,<\/li>\n<li>\u00ab\u00a0Bon\u00a0\u00bb (Gut : G), si le chien poss\u00e8de les principales caract\u00e9ristiques de la race avec quelques d\u00e9fauts,<\/li>\n<li>\u00ab\u00a0Assez bien\u00a0\u00bb (Gen\u00fcgend : Ggd), si le chien est conforme au type de la race sans poss\u00e9der les qualit\u00e9s requises en g\u00e9n\u00e9ral ou si sa constitution physique ne convainc pas,<\/li>\n<li>\u00ab\u00a0Disqualifi\u00e9\u00a0\u00bb (Disqualifiziert : Disq), s&rsquo;il n&rsquo;est pas conforme au type, s&rsquo;il poss\u00e8de des d\u00e9fauts graves de dentition ou d&rsquo;autres anomalies, s&rsquo;il montre de l&rsquo;agressivit\u00e9 ou s&rsquo;il pr\u00e9sente des d\u00e9fauts qui peuvent nuire \u00e0 sa sant\u00e9.<\/li>\n<\/ul>\n<p><img loading=\"lazy\" decoding=\"async\" class=\"alignright size-full wp-image-195\" src=\"https:\/\/klm-international.info\/media\/2017\/03\/Foto-2.jpg\" alt=\"\" width=\"1300\" height=\"867\" srcset=\"https:\/\/klm-international.info\/media\/2017\/03\/Foto-2.jpg 1300w, https:\/\/klm-international.info\/media\/2017\/03\/Foto-2-150x100.jpg 150w, https:\/\/klm-international.info\/media\/2017\/03\/Foto-2-300x200.jpg 300w, https:\/\/klm-international.info\/media\/2017\/03\/Foto-2-768x512.jpg 768w, https:\/\/klm-international.info\/media\/2017\/03\/Foto-2-1024x683.jpg 1024w, https:\/\/klm-international.info\/media\/2017\/03\/Foto-2-100x67.jpg 100w, https:\/\/klm-international.info\/media\/2017\/03\/Foto-2-200x133.jpg 200w, https:\/\/klm-international.info\/media\/2017\/03\/Foto-2-450x300.jpg 450w, https:\/\/klm-international.info\/media\/2017\/03\/Foto-2-600x400.jpg 600w, https:\/\/klm-international.info\/media\/2017\/03\/Foto-2-900x600.jpg 900w\" sizes=\"auto, (max-width: 1300px) 100vw, 1300px\" \/>Apr\u00e8s l&rsquo;exposition, les conducteurs de chiens re\u00e7oivent un certificat qui d\u00e9crit l&rsquo;apparence ext\u00e9rieure et le mouvement du chien et pr\u00e9cise \u00e9galement : la taille, la dentition et les particularit\u00e9s dans le comportement. Il est \u00e0 conseiller fortement de pr\u00e9parer son chien \u00e0 une exposition. Il faut l&rsquo;habituer \u00e0 se faire contr\u00f4ler les dents et \u00e0 \u00eatre tois\u00e9 pour \u00e9viter les probl\u00e8mes qui peuvent se poser lors de ces deux contr\u00f4les.<\/p>\n<p>Chaque pays membre de la FCI est seul responsable de l&rsquo;organisation des expositions qu&rsquo;il organise.<\/p>\n","protected":false},"excerpt":{"rendered":"<p>(gk 21.05.2013) Lors des expositions, sp\u00e9ciales de race ou expositions organis\u00e9es par les organismes affili\u00e9s \u00e0 la FCI, les juges FCI n&rsquo;\u00e9valuent que la morphologie et le poil. Ces particularit\u00e9s g\u00e9n\u00e9tiques sont not\u00e9es dans le Standard FCI du Petit M\u00fcnsterlander Nr. 102 \u2013 06.12.2004. Le pays d&rsquo;origine de la race est seul habilit\u00e9 \u00e0 r\u00e9diger [&hellip;]<\/p>\n","protected":false},"author":1,"featured_media":0,"parent":563,"menu_order":0,"comment_status":"closed","ping_status":"closed","template":"full-width-page.php","meta":{"_exactmetrics_skip_tracking":false,"_exactmetrics_sitenote_active":false,"_exactmetrics_sitenote_note":"","_exactmetrics_sitenote_category":0,"footnotes":""},"class_list":["post-4467","page","type-page","status-publish","hentry"],"publishpress_future_workflow_manual_trigger":{"enabledWorkflows":[]},"_links":{"self":[{"href":"https:\/\/klm-international.info\/fr\/wp-json\/wp\/v2\/pages\/4467","targetHints":{"allow":["GET"]}}],"collection":[{"href":"https:\/\/klm-international.info\/fr\/wp-json\/wp\/v2\/pages"}],"about":[{"href":"https:\/\/klm-international.info\/fr\/wp-json\/wp\/v2\/types\/page"}],"author":[{"embeddable":true,"href":"https:\/\/klm-international.info\/fr\/wp-json\/wp\/v2\/users\/1"}],"replies":[{"embeddable":true,"href":"https:\/\/klm-international.info\/fr\/wp-json\/wp\/v2\/comments?post=4467"}],"version-history":[{"count":2,"href":"https:\/\/klm-international.info\/fr\/wp-json\/wp\/v2\/pages\/4467\/revisions"}],"predecessor-version":[{"id":4470,"href":"https:\/\/klm-international.info\/fr\/wp-json\/wp\/v2\/pages\/4467\/revisions\/4470"}],"up":[{"embeddable":true,"href":"https:\/\/klm-international.info\/fr\/wp-json\/wp\/v2\/pages\/563"}],"wp:attachment":[{"href":"https:\/\/klm-international.info\/fr\/wp-json\/wp\/v2\/media?parent=4467"}],"curies":[{"name":"wp","href":"https:\/\/api.w.org\/{rel}","templated":true}]}}