{"id":509,"date":"2017-10-03T14:35:04","date_gmt":"2017-10-03T12:35:04","guid":{"rendered":"https:\/\/klm-international.info\/service\/"},"modified":"2018-12-05T18:25:14","modified_gmt":"2018-12-05T17:25:14","slug":"service","status":"publish","type":"page","link":"https:\/\/klm-international.info\/fr\/service\/","title":{"rendered":"R\u00e8glements &#8211; Formulaires"},"content":{"rendered":"<p>Dans ce menu vous pourrez acc\u00e9der \u00e0 diff\u00e9rents formulaires, certificats et r\u00e8glements.<\/p>\n<p>Acc\u00e8s aux <a href=\"https:\/\/klm-international.info\/fr\/service\/Formulaires\/\">Formulaires<\/a>.<\/p>\n<p>Acc\u00e8s aux <a href=\"https:\/\/klm-international.info\/fr\/service\/reglements\/\">R\u00e8glements<\/a><\/p>\n","protected":false},"excerpt":{"rendered":"<p>Dans ce menu vous pourrez acc\u00e9der \u00e0 diff\u00e9rents formulaires, certificats et r\u00e8glements. Acc\u00e8s aux Formulaires. Acc\u00e8s aux R\u00e8glements<\/p>\n","protected":false},"author":1,"featured_media":1909,"parent":0,"menu_order":0,"comment_status":"closed","ping_status":"closed","template":"","meta":{"_exactmetrics_skip_tracking":false,"_exactmetrics_sitenote_active":false,"_exactmetrics_sitenote_note":"","_exactmetrics_sitenote_category":0,"footnotes":""},"class_list":["post-509","page","type-page","status-publish","has-post-thumbnail","hentry"],"publishpress_future_workflow_manual_trigger":{"enabledWorkflows":[]},"_links":{"self":[{"href":"https:\/\/klm-international.info\/fr\/wp-json\/wp\/v2\/pages\/509","targetHints":{"allow":["GET"]}}],"collection":[{"href":"https:\/\/klm-international.info\/fr\/wp-json\/wp\/v2\/pages"}],"about":[{"href":"https:\/\/klm-international.info\/fr\/wp-json\/wp\/v2\/types\/page"}],"author":[{"embeddable":true,"href":"https:\/\/klm-international.info\/fr\/wp-json\/wp\/v2\/users\/1"}],"replies":[{"embeddable":true,"href":"https:\/\/klm-international.info\/fr\/wp-json\/wp\/v2\/comments?post=509"}],"version-history":[{"count":10,"href":"https:\/\/klm-international.info\/fr\/wp-json\/wp\/v2\/pages\/509\/revisions"}],"predecessor-version":[{"id":3590,"href":"https:\/\/klm-international.info\/fr\/wp-json\/wp\/v2\/pages\/509\/revisions\/3590"}],"wp:featuredmedia":[{"embeddable":true,"href":"https:\/\/klm-international.info\/fr\/wp-json\/wp\/v2\/media\/1909"}],"wp:attachment":[{"href":"https:\/\/klm-international.info\/fr\/wp-json\/wp\/v2\/media?parent=509"}],"curies":[{"name":"wp","href":"https:\/\/api.w.org\/{rel}","templated":true}]}}