{"id":554,"date":"2018-06-09T14:14:11","date_gmt":"2018-06-09T12:14:11","guid":{"rendered":"https:\/\/klm-international.info\/?page_id=554"},"modified":"2023-06-16T09:06:05","modified_gmt":"2023-06-16T07:06:05","slug":"pays-membres","status":"publish","type":"page","link":"https:\/\/klm-international.info\/fr\/pays-membres\/","title":{"rendered":"Pays membres"},"content":{"rendered":"<p><span style=\"font-size: 8pt;\">D\u00e9placer la souris sur la carte. En cliquant vous pouvez acc\u00e9der au site web de l&rsquo;association membre<\/span><\/p>\n<div id=\"membercards\">\n<div id=\"BE\" class=\"member\">\n<h2><img loading=\"lazy\" decoding=\"async\" class=\"alignnone\" src=\"https:\/\/klm-international.info\/media\/2017\/03\/BE.png\" width=\"27\" height=\"27\" \/>\u00a0BELGIQUE<\/h2>\n<p><a href=\"http:\/\/kleinemunsterlandervereniging.be\" target=\"_blank\" rel=\"noopener noreferrer\">www.kleinemunsterlandervereniging.be<\/a><\/p>\n<p>Pr\u00e9sident<br \/>\nPhilip van der Biest<br \/>\nGentsestraat 13<br \/>\nB-9520 Zonnegem<br \/>\nEmail : <a href=\"&#x6d;&#x61;&#x69;&#x6c;&#x74;&#x6f;&#x3a;&#x70;&#x68;&#x69;&#x6c;&#x69;&#x70;&#x2e;&#118;&#97;&#110;&#46;&#100;&#101;&#114;&#46;&#98;&#105;&#101;st&#64;telen&#x65;&#x74;&#x2e;&#x62;&#x65;\">p&#104;&#x69;&#x6c;&#x69;p&#46;&#118;&#x61;&#x6e;&#46;&#100;&#101;&#x72;&#x2e;bi&#101;&#x73;&#x74;&#x40;t&#101;&#x6c;&#x65;&#x6e;e&#116;&#46;&#x62;&#x65;<\/a><\/p>\n<\/div>\n<div id=\"DK\" class=\"member\">\n<h2><img loading=\"lazy\" decoding=\"async\" class=\"alignnone\" src=\"https:\/\/klm-international.info\/media\/2017\/03\/DK.png\" width=\"27\" height=\"27\" \/>\u00a0DANEMARK<\/h2>\n<p>Dansk M\u00fcnsterl\u00e4nder Klub<br \/>\nSite Web: <a href=\"http:\/\/www.dmk-online.dk\" target=\"_blank\" rel=\"noopener noreferrer\">www.dmk-online.dk<\/a><br \/>\nPr\u00e9sident <br \/>\nChristian N\u00f8hr Hansen<br \/>\nEngholmvej 13<br \/>\nDK-4000 Roskilde<br \/>\n+45 23 30 02 03\u00a0 <a href=\"&#x6d;&#97;i&#x6c;&#116;o&#x3a;&#x72;&#105;&#x69;&#x73;&#104;o&#x6a;&#100;m&#x6b;&#x40;&#103;&#x6d;&#x61;&#105;l&#x2e;&#99;o&#x6d;\"><br \/>\n<\/a><a href=\"&#109;a&#x69;l&#x74;o&#x3a;c&#x6e;&#104;&#x40;&#112;&#x6f;&#115;&#x74;&#46;t&#101;l&#x65;&#46;&#x64;k\">cnh&#64;&#112;&#111;&#115;&#116;&#46;&#x74;&#x65;&#x6c;&#x65;&#x2e;&#x64;&#x6b;<\/a><\/p>\n<\/div>\n<div id=\"DE\" class=\"member\">\n<h2><img loading=\"lazy\" decoding=\"async\" class=\"alignnone\" src=\"https:\/\/klm-international.info\/media\/2017\/03\/DE.png\" width=\"27\" height=\"27\" \/> ALLEMAGNE<\/h2>\n<p>Verband f\u00fcr Kleine M\u00fcnsterl\u00e4nder Vorstehhunde e.V.<br \/>\nSite Web: <a href=\"http:\/\/www.kleine-muensterlaender.org\" target=\"_blank\" rel=\"noopener noreferrer\">www.kleine-muensterlaender.org<\/a><\/p>\n<p>Pr\u00e9sident<br \/>\nMartina Maubach<br \/>\nPaulstra\u00dfe 75<br \/>\n52353 D\u00fcren<br \/>\nT\u00e9l : 0049\/ (0)171 4995200<br \/>\nEmail : <a href=\"&#x6d;&#x61;&#105;&#108;&#116;o&#x3a;&#x70;&#x72;&#97;&#101;si&#x64;&#x65;&#x6e;&#116;&#64;k&#x6c;&#x65;&#x69;&#110;&#101;&#45;m&#x75;&#x65;&#x6e;&#115;&#116;er&#x6c;&#x61;&#x65;&#110;&#100;e&#x72;&#x2e;&#x6f;&#114;&#103;\">&#x70;&#x72;&#x61;&#x65;&#x73;&#x69;&#x64;&#x65;&#x6e;&#x74;&#x40;&#x6b;&#x6c;&#x65;&#x69;&#x6e;&#x65;&#x2d;&#x6d;&#x75;&#x65;&#x6e;&#x73;&#x74;&#x65;&#x72;&#x6c;&#x61;&#x65;&#x6e;&#x64;&#x65;&#x72;&#x2e;&#x6f;&#x72;&#x67;<\/a><\/p>\n<\/div>\n<div id=\"FI\" class=\"member\">\n<h2><img loading=\"lazy\" decoding=\"async\" class=\"alignnone\" src=\"https:\/\/klm-international.info\/media\/2017\/03\/FI.png\" width=\"27\" height=\"27\" \/>\u00a0FINLANDE<\/h2>\n<p>Saksanseisojakerho ry &#8211; Suomen M\u00fcnsterikerho ry<\/p>\n<p>Site Web: <a href=\"http:\/\/www.munsterikerho.com\" target=\"_blank\" rel=\"noopener noreferrer\">www.munsterikerho.com<\/a><\/p>\n<p>Pr\u00e9sident<\/p>\n<p>Tiina Aikio<\/p>\n<p>Pungelmantie 28<\/p>\n<p>FIN-99550 Aska<\/p>\n<p>&nbsp;<\/p>\n<p>Tel: +358408341763<\/p>\n<p>Mail: <a href=\"&#109;a&#105;l&#116;o&#x3a;t&#x69;i&#x6e;a&#x6a;&#46;&#x61;i&#x6b;i&#x6f;&#64;&#x67;m&#x61;i&#x6c;&#46;&#x63;&#111;&#x6d;\">t&#105;&#105;&#x6e;&#x61;j&#46;&#97;&#x69;&#x6b;&#x69;o&#64;&#103;&#x6d;&#x61;il&#46;&#x63;&#x6f;&#x6d;<\/a><\/p>\n<p>&nbsp;<\/p>\n<\/div>\n<div id=\"FR\" class=\"member\">\n<h2><img loading=\"lazy\" decoding=\"async\" class=\"alignnone\" src=\"https:\/\/klm-international.info\/media\/2017\/03\/FR.png\" width=\"27\" height=\"27\" \/>\u00a0FRANCE<\/h2>\n<p>Club Francais des Epagneuls de M\u00fcnster et du Langhaar<br \/>\nSite Web :\u00a0<a href=\"http:\/\/www.cfeml.com\" target=\"_blank\" rel=\"noopener noreferrer\">www.cfeml.com<\/a><\/p>\n<p>Pr\u00e9sident<br \/>\nMagali Boulanger<br \/>\n45 route de l&rsquo;Herauderie- Lieu-dit Le Bouche<\/p>\n<p>F-86140 Lenclo\u00eetre<br \/>\nT\u00e9l: 0033 05 16 17 85 46<\/p>\n<p>Portable : 00 33 06 87 56 31 54<br \/>\nEmail:\u00a0<a href=\"m&#97;&#x69;&#x6c;t&#111;&#58;&#x65;&#x64;e&#115;&#x63;&#x61;m&#112;&#115;&#x2e;&#x70;r&#45;&#x43;&#x46;E&#77;&#76;&#x40;&#x6f;r&#97;&#x6e;&#x67;e&#46;&#102;&#x72;\">&#x70;&#x74;&#x69;&#x74;&#109;&#117;&#110;&#115;t86&#x40;&#x6c;&#x69;&#x76;&#x65;&#46;&#102;&#114;<\/a><\/p>\n<p>D\u00e9l\u00e9gu\u00e9 pour l&rsquo;Allemagne<br \/>\nBernard Brenuchon<br \/>\n1, Route de Colmen<br \/>\nF-57320 Filstroff<br \/>\nTel: 0033\/387379105<br \/>\nEmail: <a href=\"&#x6d;&#97;&#105;&#x6c;&#x74;&#111;&#58;&#x62;&#x2e;&#98;&#114;&#x65;&#x6e;&#117;&#99;&#x68;&#x6f;&#110;&#45;&#x63;&#x66;&#101;&#109;&#x6c;&#x40;&#111;&#114;&#x61;&#x6e;&#103;&#101;&#x2e;&#x66;&#114;\">&#x62;&#x2e;&#98;r&#x65;&#x6e;&#x75;&#99;h&#x6f;&#x6e;&#x2d;&#99;f&#x65;&#x6d;&#x6c;&#64;o&#x72;&#x61;&#x6e;&#103;e&#x2e;&#x66;&#x72;<\/a><\/p>\n<\/div>\n<div id=\"US\" class=\"member\">\n<h2><img loading=\"lazy\" decoding=\"async\" class=\"alignnone\" src=\"https:\/\/klm-international.info\/media\/2017\/03\/US.png\" width=\"27\" height=\"27\" \/> AMERIQUE DU NORD<\/h2>\n<p>Club associ\u00e9<\/p>\n<p>Kleine M\u00fcnsterl\u00e4nder Group North America (KlM-GNA)<br \/>\nSite Web : <a href=\"https:\/\/klm-gna.org\" target=\"_blank\" rel=\"noopener noreferrer\">klm-gna.org<\/a><\/p>\n<p>Pr\u00e9sident<br \/>\nJohn Liscovitz<br \/>\n5050 Barrow Road<br \/>\nKernersville, NC USA 27284<br \/>\nTel.: + 1 (336)608 0097<a href=\"&#x6d;&#x61;&#105;&#108;to&#x3a;&#x6a;&#x6c;&#106;ul&#x73;&#x6f;&#x6e;&#64;&#115;v&#x74;&#x76;&#x2e;&#99;&#111;m\"><br \/>\nMail:\u00a0<\/a><a href=\"&#109;&#x61;&#x69;l&#116;&#x6f;:&#103;&#x72;o&#117;&#x73;e&#100;&#x6f;&#x67;&#64;&#x70;&#x72;o&#100;&#x69;g&#121;&#x2e;n&#101;&#x74;\"> &#x67;&#114;&#x6f;&#x75;&#115;&#x65;&#x64;&#111;&#x67;&#x40;&#112;&#x72;&#x6f;d&#x69;&#x67;y&#x2e;&#110;e&#x74;<\/a><\/p>\n<p>D\u00e9l\u00e9gu\u00e9 pour l&rsquo;Allemagne<br \/>\nKen Bremer<br \/>\n6805 Fox Run<br \/>\nCrystal Lake, IL 60012<br \/>\nT\u00e9l. : +1 (312) 375 &#8211; 2796<br \/>\nEmail : <a href=\"&#109;&#97;&#x69;&#x6c;&#116;&#111;&#x3a;&#x6b;&#119;&#98;&#x72;&#x65;&#109;&#101;&#x72;&#x40;&#103;&#109;&#x61;&#x69;&#108;&#46;&#x63;&#x6f;&#109;\">&#x6b;&#x77;&#x62;&#x72;&#101;&#109;er&#64;&#x67;&#x6d;&#x61;&#x69;&#108;&#46;com<\/a><\/p>\n<\/div>\n<div id=\"NL\" class=\"member\">\n<h2><img loading=\"lazy\" decoding=\"async\" class=\"alignnone\" src=\"https:\/\/klm-international.info\/media\/2017\/03\/NL.png\" width=\"27\" height=\"27\" \/> PAYS-BAS<\/h2>\n<p>Nederlandse Vereniging van Heidewachtelliefhebbers<br \/>\nSite Web: <a href=\"http:\/\/www.heidewachtelvereniging.nl\" target=\"_blank\" rel=\"noopener noreferrer\">www.heidewachtelvereniging.nl<\/a><\/p>\n<p>Pr\u00e9sident<br \/>\nCor Bottenheft<br \/>\nJan van Nassaupark 78<br \/>\n3844 BS Harderwijk (NL)<br \/>\nT\u00e9l.: (0031) 341415335<br \/>\nEmail : <a href=\"&#x6d;&#97;i&#x6c;&#116;&#111;&#x3a;&#x76;&#111;o&#x72;&#122;i&#x74;&#x74;&#101;r&#x40;&#104;e&#x69;&#x64;&#101;w&#x61;&#99;h&#x74;&#x65;&#108;v&#x65;&#114;e&#x6e;&#x69;&#103;&#x69;&#x6e;&#103;&#46;&#x6e;&#108;\">&#x76;&#x6f;&#111;rz&#x69;&#x74;&#116;&#101;r&#x40;&#x68;&#101;&#105;d&#x65;&#x77;&#x61;&#99;ht&#x65;&#x6c;&#118;&#101;r&#x65;&#x6e;&#105;&#103;i&#x6e;&#x67;&#46;&#110;l<\/a><\/p>\n<\/div>\n<div id=\"NO\" class=\"member\">\n<p>&nbsp;<\/p>\n<\/div>\n<div id=\"AT\" class=\"member\">\n<h2><img loading=\"lazy\" decoding=\"async\" class=\"alignnone\" src=\"https:\/\/klm-international.info\/media\/2017\/03\/AT.png\" width=\"27\" height=\"27\" \/> AUTRICHE<\/h2>\n<p>\u00d6sterreichischer Verein f\u00fcr Gro\u00dfe und Kleine M\u00fcnsterl\u00e4nder<br \/>\nSite Web : <a href=\"http:\/\/www.dermuensterlaender.com\">http:\/\/www.dermuensterlaender.com<\/a><\/p>\n<p>Pr\u00e9sident<br \/>\nMag. Philipp Ita<br \/>\nStift 1<br \/>\n3321 Ardagger<br \/>\nT\u00e9l. : 0043\/664\/8417042<br \/>\nEmail : <a href=\"&#x6d;&#x61;&#105;&#108;t&#x6f;&#x3a;&#x70;&#114;ae&#x73;&#x69;&#100;&#101;n&#x74;&#x40;&#x64;&#101;rm&#x75;&#x65;&#110;&#115;t&#x65;&#x72;&#x6c;&#97;en&#x64;&#x65;&#114;&#46;a&#x74;\">&#x70;&#x72;&#x61;&#x65;&#x73;&#x69;&#100;&#101;&#110;&#116;&#64;der&#x6d;&#x75;&#x65;&#x6e;&#x73;&#x74;&#101;&#114;&#108;&#97;&#101;nde&#x72;&#x2e;&#x61;&#x74;<\/a><\/p>\n<\/div>\n<div id=\"SE\" class=\"member\">\n<h2><img loading=\"lazy\" decoding=\"async\" class=\"alignnone\" src=\"https:\/\/klm-international.info\/media\/2017\/03\/SE.png\" width=\"27\" height=\"27\" \/>\u00a0SUEDE<\/h2>\n<p>Svenska Vorstehklubben<br \/>\nSite Web : <a href=\"http:\/\/www.vorsteh.se\" target=\"_blank\" rel=\"noopener noreferrer\">www.vorsteh.se<\/a><\/p>\n<p>Pr\u00e9sident<br \/>\nRolf Gr\u00f6nstedt<br \/>\nEnsta 3<br \/>\nS-17893 Drottningholm<br \/>\nEmail : <a href=\"&#x6d;&#x61;&#105;lt&#x6f;&#x3a;&#105;&#110;g&#x6d;&#x61;&#114;&#46;t&#x79;&#x6b;&#x65;&#115;so&#x6e;&#x40;&#116;&#101;l&#x65;&#x32;&#46;&#115;e\">&#114;&#x6f;&#108;&#x66;&#46;&#x67;r&#x6f;n&#100;&#x73;&#116;&#x65;&#100;&#x74;&#64;&#x74;e&#108;&#x69;&#97;&#x2e;&#99;&#x6f;&#109;<\/a><\/p>\n<\/div>\n<div id=\"CH\" class=\"member\">\n<h2><img loading=\"lazy\" decoding=\"async\" class=\"alignnone\" src=\"https:\/\/klm-international.info\/media\/2017\/03\/CH.png\" width=\"27\" height=\"27\" \/> SUISSE<\/h2>\n<p>Schweizer Klub f\u00fcr Kleine M\u00fcnsterl\u00e4nder<br \/>\nSite Web : <a href=\"http:\/\/www.klm-muensterlaender.ch\" target=\"_blank\" rel=\"noopener noreferrer\">www.klm-muensterlaender.ch<\/a><br \/>\nPr\u00e9sident<br \/>\nUrs Hoppler<br \/>\nSchulstra\u00dfe 11<br \/>\nCH-8965 Berikon<br \/>\nT\u00e9l. : 0041\/566336017<br \/>\nEmail : <a href=\"&#x6d;&#97;&#105;l&#x74;&#x6f;&#58;p&#x72;&#x61;&#101;si&#x64;&#101;&#110;t&#x40;&#x6b;&#108;m&#x2d;&#x6d;&#117;&#101;n&#x73;&#x74;&#101;r&#x6c;&#x61;&#101;n&#x64;&#x65;&#114;&#46;c&#x68;\">&#112;&#x72;&#x61;e&#115;&#x69;d&#101;&#x6e;&#x74;&#64;&#x6b;&#x6c;m&#45;&#x6d;u&#101;&#x6e;&#x73;&#116;&#x65;&#x72;l&#97;&#x65;n&#100;&#x65;&#x72;&#46;&#x63;&#x68;<\/a><\/p>\n<\/div>\n<div id=\"CZ\" class=\"member\">\n<h2><img loading=\"lazy\" decoding=\"async\" class=\"alignnone\" src=\"https:\/\/klm-international.info\/media\/2017\/03\/CZ.png\" width=\"27\" height=\"27\" \/> REPUBLIQUE TCHEQUE<\/h2>\n<p>Klub dlouhosrstych oharu<br \/>\nSite Web : <a href=\"http:\/\/www.ohardlouhosrsty.cz\" target=\"_blank\" rel=\"noopener noreferrer\">www.ohardlouhosrsty.cz<\/a><\/p>\n<p>Pr\u00e9sident<br \/>\nIng. Ji\u0159\u00ed Kec<br \/>\n34194 Srni 170<br \/>\nT\u00e9l. : 0042\/420376599318<br \/>\nEmail : <a href=\"m&#97;&#105;&#x6c;&#x74;o&#58;&#75;&#x65;&#x63;&#x2e;s&#117;&#109;&#x61;&#x76;a&#64;&#115;&#x65;&#x7a;&#x6e;a&#109;&#46;&#x63;&#x7a;\">&#x4b;&#x65;&#x63;&#46;&#115;um&#x61;&#x76;&#x61;&#x40;&#115;&#101;zn&#x61;&#x6d;&#x2e;&#99;&#122;<\/a><\/p>\n<p>D\u00e9l\u00e9gu\u00e9 pour l&rsquo;Allemagne<br \/>\nPetr Buba<br \/>\nNov\u00fd Dv\u016fr 33<br \/>\nKn\u011b\u017eeves u Rakovn\u00edka<br \/>\nPS\u010c 27001<br \/>\nT\u00e9l. : 0042\/606265615<br \/>\nEmail : <a href=\"&#x6d;&#97;i&#x6c;&#x74;&#111;:&#x50;&#x2e;&#66;u&#x62;&#97;&#64;&#x73;&#x65;&#122;n&#x61;&#x6d;&#46;c&#x7a;\">P&#46;Bu&#98;&#97;&#64;&#115;&#101;&#x7a;&#x6e;&#x61;&#x6d;&#x2e;&#x63;&#x7a;<\/a><\/p>\n<\/div>\n<\/div>\n","protected":false},"excerpt":{"rendered":"<p>D\u00e9placer la souris sur la carte. En cliquant vous pouvez acc\u00e9der au site web de l&rsquo;association membre \u00a0BELGIQUE www.kleinemunsterlandervereniging.be Pr\u00e9sident Philip van der Biest Gentsestraat 13 B-9520 Zonnegem Email : p&#104;&#105;&#108;&#x69;&#x70;&#x2e;va&#110;&#46;&#x64;&#x65;&#x72;&#x2e;bi&#101;&#115;&#x74;&#x40;&#x74;&#x65;l&#101;&#110;&#101;&#x74;&#x2e;&#x62;e \u00a0DANEMARK Dansk M\u00fcnsterl\u00e4nder Klub Site Web: www.dmk-online.dk Pr\u00e9sident Christian N\u00f8hr Hansen Engholmvej 13 DK-4000 Roskilde +45 23 30 02 03\u00a0 &#99;n&#x68;&#64;&#x70;o&#x73;t&#x2e;t&#x65;l&#x65;&#46;&#x64;&#107; ALLEMAGNE Verband f\u00fcr [&hellip;]<\/p>\n","protected":false},"author":1,"featured_media":0,"parent":0,"menu_order":0,"comment_status":"closed","ping_status":"closed","template":"page-weltkarte.php","meta":{"_exactmetrics_skip_tracking":false,"_exactmetrics_sitenote_active":false,"_exactmetrics_sitenote_note":"","_exactmetrics_sitenote_category":0,"footnotes":""},"class_list":["post-554","page","type-page","status-publish","hentry"],"publishpress_future_workflow_manual_trigger":{"enabledWorkflows":[]},"_links":{"self":[{"href":"https:\/\/klm-international.info\/fr\/wp-json\/wp\/v2\/pages\/554","targetHints":{"allow":["GET"]}}],"collection":[{"href":"https:\/\/klm-international.info\/fr\/wp-json\/wp\/v2\/pages"}],"about":[{"href":"https:\/\/klm-international.info\/fr\/wp-json\/wp\/v2\/types\/page"}],"author":[{"embeddable":true,"href":"https:\/\/klm-international.info\/fr\/wp-json\/wp\/v2\/users\/1"}],"replies":[{"embeddable":true,"href":"https:\/\/klm-international.info\/fr\/wp-json\/wp\/v2\/comments?post=554"}],"version-history":[{"count":34,"href":"https:\/\/klm-international.info\/fr\/wp-json\/wp\/v2\/pages\/554\/revisions"}],"predecessor-version":[{"id":6437,"href":"https:\/\/klm-international.info\/fr\/wp-json\/wp\/v2\/pages\/554\/revisions\/6437"}],"wp:attachment":[{"href":"https:\/\/klm-international.info\/fr\/wp-json\/wp\/v2\/media?parent=554"}],"curies":[{"name":"wp","href":"https:\/\/api.w.org\/{rel}","templated":true}]}}