{"id":584,"date":"2018-06-11T08:24:48","date_gmt":"2018-06-11T06:24:48","guid":{"rendered":"https:\/\/klm-international.info\/?page_id=584"},"modified":"2022-05-16T09:02:43","modified_gmt":"2022-05-16T07:02:43","slug":"presidence","status":"publish","type":"page","link":"https:\/\/klm-international.info\/fr\/klm-i\/presidence\/","title":{"rendered":"Membres du Bureau du KLM-I"},"content":{"rendered":"<div class=\"praesidium\">\n<div id='gallery-1' class='gallery galleryid-584 gallery-columns-2 gallery-size-medium'><figure class='gallery-item'>\n\t\t\t<div class='gallery-icon portrait'>\n\t\t\t\t<a href='https:\/\/klm-international.info\/media\/2017\/03\/1-Foto-Dietrich-Berning.jpg'><img loading=\"lazy\" decoding=\"async\" width=\"230\" height=\"300\" src=\"https:\/\/klm-international.info\/media\/2017\/03\/1-Foto-Dietrich-Berning-230x300.jpg\" class=\"attachment-medium size-medium\" alt=\"\" aria-describedby=\"gallery-1-2541\" srcset=\"https:\/\/klm-international.info\/media\/2017\/03\/1-Foto-Dietrich-Berning-230x300.jpg 230w, https:\/\/klm-international.info\/media\/2017\/03\/1-Foto-Dietrich-Berning-115x150.jpg 115w, https:\/\/klm-international.info\/media\/2017\/03\/1-Foto-Dietrich-Berning-768x1000.jpg 768w, https:\/\/klm-international.info\/media\/2017\/03\/1-Foto-Dietrich-Berning-786x1024.jpg 786w, https:\/\/klm-international.info\/media\/2017\/03\/1-Foto-Dietrich-Berning-100x130.jpg 100w, https:\/\/klm-international.info\/media\/2017\/03\/1-Foto-Dietrich-Berning-150x195.jpg 150w, https:\/\/klm-international.info\/media\/2017\/03\/1-Foto-Dietrich-Berning-200x261.jpg 200w, https:\/\/klm-international.info\/media\/2017\/03\/1-Foto-Dietrich-Berning-300x391.jpg 300w, https:\/\/klm-international.info\/media\/2017\/03\/1-Foto-Dietrich-Berning-450x586.jpg 450w, https:\/\/klm-international.info\/media\/2017\/03\/1-Foto-Dietrich-Berning-600x782.jpg 600w, https:\/\/klm-international.info\/media\/2017\/03\/1-Foto-Dietrich-Berning-900x1172.jpg 900w, https:\/\/klm-international.info\/media\/2017\/03\/1-Foto-Dietrich-Berning.jpg 998w\" sizes=\"auto, (max-width: 230px) 100vw, 230px\" \/><\/a>\n\t\t\t<\/div>\n\t\t\t\t<figcaption class='wp-caption-text gallery-caption' id='gallery-1-2541'>\n\t\t\t\tPr\u00e9sident \nDietrich Berning, Provinzialstra\u00dfe 24, D-46499 Hamminkeln, &#100;i&#x65;t&#x72;i&#x63;&#104;&#x5f;&#98;&#x65;&#114;n&#x69;n&#x67;&#64;&#x74;&#45;&#x6f;&#110;&#x6c;&#105;&#x6e;&#101;&#46;&#x64;e, 0049 \/ (0) 2873 \/ 261\n\t\t\t\t<\/figcaption><\/figure><figure class='gallery-item'>\n\t\t\t<div class='gallery-icon portrait'>\n\t\t\t\t<a href='https:\/\/klm-international.info\/media\/2017\/03\/4-Foto-Henrik-Raae-Andersen.jpg'><img loading=\"lazy\" decoding=\"async\" width=\"230\" height=\"300\" src=\"https:\/\/klm-international.info\/media\/2017\/03\/4-Foto-Henrik-Raae-Andersen-230x300.jpg\" class=\"attachment-medium size-medium\" alt=\"\" aria-describedby=\"gallery-1-2547\" srcset=\"https:\/\/klm-international.info\/media\/2017\/03\/4-Foto-Henrik-Raae-Andersen-230x300.jpg 230w, https:\/\/klm-international.info\/media\/2017\/03\/4-Foto-Henrik-Raae-Andersen-115x150.jpg 115w, https:\/\/klm-international.info\/media\/2017\/03\/4-Foto-Henrik-Raae-Andersen-768x1000.jpg 768w, https:\/\/klm-international.info\/media\/2017\/03\/4-Foto-Henrik-Raae-Andersen-786x1024.jpg 786w, https:\/\/klm-international.info\/media\/2017\/03\/4-Foto-Henrik-Raae-Andersen-100x130.jpg 100w, https:\/\/klm-international.info\/media\/2017\/03\/4-Foto-Henrik-Raae-Andersen-150x195.jpg 150w, https:\/\/klm-international.info\/media\/2017\/03\/4-Foto-Henrik-Raae-Andersen-200x261.jpg 200w, https:\/\/klm-international.info\/media\/2017\/03\/4-Foto-Henrik-Raae-Andersen-300x391.jpg 300w, https:\/\/klm-international.info\/media\/2017\/03\/4-Foto-Henrik-Raae-Andersen-450x586.jpg 450w, https:\/\/klm-international.info\/media\/2017\/03\/4-Foto-Henrik-Raae-Andersen-600x782.jpg 600w, https:\/\/klm-international.info\/media\/2017\/03\/4-Foto-Henrik-Raae-Andersen-900x1172.jpg 900w, https:\/\/klm-international.info\/media\/2017\/03\/4-Foto-Henrik-Raae-Andersen.jpg 998w\" sizes=\"auto, (max-width: 230px) 100vw, 230px\" \/><\/a>\n\t\t\t<\/div>\n\t\t\t\t<figcaption class='wp-caption-text gallery-caption' id='gallery-1-2547'>\n\t\t\t\tVice-Pr\u00e9sident d&rsquo;honneur Henrik Raae Andersen, Lunderodvej 82, Marup, DK-4340 T\u00f8ll\u00f8se,&#x65;l&#x76;&#101;&#x72;&#x64;a&#x6d;&#115;&#x40;&#x61;d&#x73;&#108;&#x68;&#x6f;m&#x65;&#46;&#x64;&#x6b;, 0045 \/ 25786665\n\t\t\t\t<\/figcaption><\/figure><figure class='gallery-item'>\n\t\t\t<div class='gallery-icon portrait'>\n\t\t\t\t<a href='https:\/\/klm-international.info\/media\/2017\/03\/3-Foto-Cor-Bottenheft.jpg'><img loading=\"lazy\" decoding=\"async\" width=\"230\" height=\"300\" src=\"https:\/\/klm-international.info\/media\/2017\/03\/3-Foto-Cor-Bottenheft-230x300.jpg\" class=\"attachment-medium size-medium\" alt=\"\" aria-describedby=\"gallery-1-2545\" srcset=\"https:\/\/klm-international.info\/media\/2017\/03\/3-Foto-Cor-Bottenheft-230x300.jpg 230w, https:\/\/klm-international.info\/media\/2017\/03\/3-Foto-Cor-Bottenheft-115x150.jpg 115w, https:\/\/klm-international.info\/media\/2017\/03\/3-Foto-Cor-Bottenheft-768x1000.jpg 768w, https:\/\/klm-international.info\/media\/2017\/03\/3-Foto-Cor-Bottenheft-786x1024.jpg 786w, https:\/\/klm-international.info\/media\/2017\/03\/3-Foto-Cor-Bottenheft-100x130.jpg 100w, https:\/\/klm-international.info\/media\/2017\/03\/3-Foto-Cor-Bottenheft-150x195.jpg 150w, https:\/\/klm-international.info\/media\/2017\/03\/3-Foto-Cor-Bottenheft-200x261.jpg 200w, https:\/\/klm-international.info\/media\/2017\/03\/3-Foto-Cor-Bottenheft-300x391.jpg 300w, https:\/\/klm-international.info\/media\/2017\/03\/3-Foto-Cor-Bottenheft-450x586.jpg 450w, https:\/\/klm-international.info\/media\/2017\/03\/3-Foto-Cor-Bottenheft-600x782.jpg 600w, https:\/\/klm-international.info\/media\/2017\/03\/3-Foto-Cor-Bottenheft-900x1172.jpg 900w, https:\/\/klm-international.info\/media\/2017\/03\/3-Foto-Cor-Bottenheft.jpg 998w\" sizes=\"auto, (max-width: 230px) 100vw, 230px\" \/><\/a>\n\t\t\t<\/div>\n\t\t\t\t<figcaption class='wp-caption-text gallery-caption' id='gallery-1-2545'>\n\t\t\t\tVice-pr\u00e9sident Cor Bottenheft, Jan van Nassaupark 78, NL-3844 BS Harderwijk,&#x63;&#x2e;&#98;&#111;t&#x74;&#x65;&#x6e;&#104;ef&#x74;&#x40;&#99;&#97;i&#x77;&#x61;&#x79;&#46;nl,0031 \/ 341415335\n\t\t\t\t<\/figcaption><\/figure><figure class='gallery-item'>\n\t\t\t<div class='gallery-icon portrait'>\n\t\t\t\t<a href='https:\/\/klm-international.info\/media\/2018\/11\/d00c4881-81ae-4dc5-b55f-ac488ae9ee54.jpg'><img loading=\"lazy\" decoding=\"async\" width=\"212\" height=\"300\" src=\"https:\/\/klm-international.info\/media\/2018\/11\/d00c4881-81ae-4dc5-b55f-ac488ae9ee54-212x300.jpg\" class=\"attachment-medium size-medium\" alt=\"\" aria-describedby=\"gallery-1-3250\" srcset=\"https:\/\/klm-international.info\/media\/2018\/11\/d00c4881-81ae-4dc5-b55f-ac488ae9ee54-212x300.jpg 212w, https:\/\/klm-international.info\/media\/2018\/11\/d00c4881-81ae-4dc5-b55f-ac488ae9ee54-106x150.jpg 106w, https:\/\/klm-international.info\/media\/2018\/11\/d00c4881-81ae-4dc5-b55f-ac488ae9ee54-768x1087.jpg 768w, https:\/\/klm-international.info\/media\/2018\/11\/d00c4881-81ae-4dc5-b55f-ac488ae9ee54-724x1024.jpg 724w, https:\/\/klm-international.info\/media\/2018\/11\/d00c4881-81ae-4dc5-b55f-ac488ae9ee54-100x142.jpg 100w, https:\/\/klm-international.info\/media\/2018\/11\/d00c4881-81ae-4dc5-b55f-ac488ae9ee54-150x212.jpg 150w, https:\/\/klm-international.info\/media\/2018\/11\/d00c4881-81ae-4dc5-b55f-ac488ae9ee54-200x283.jpg 200w, https:\/\/klm-international.info\/media\/2018\/11\/d00c4881-81ae-4dc5-b55f-ac488ae9ee54-300x425.jpg 300w, https:\/\/klm-international.info\/media\/2018\/11\/d00c4881-81ae-4dc5-b55f-ac488ae9ee54-450x637.jpg 450w, https:\/\/klm-international.info\/media\/2018\/11\/d00c4881-81ae-4dc5-b55f-ac488ae9ee54-600x849.jpg 600w, https:\/\/klm-international.info\/media\/2018\/11\/d00c4881-81ae-4dc5-b55f-ac488ae9ee54.jpg 848w\" sizes=\"auto, (max-width: 212px) 100vw, 212px\" \/><\/a>\n\t\t\t<\/div>\n\t\t\t\t<figcaption class='wp-caption-text gallery-caption' id='gallery-1-3250'>\n\t\t\t\tVice-pr\u00e9sident Philipp Ita, Stift 1, A-3321 Ardagger, &#112;&#x72;&#97;&#x65;s&#x69;d&#101;&#x6e;&#116;&#x40;&#100;&#x65;r&#x6d;u&#101;&#x6e;&#115;&#x74;e&#x72;l&#x61;&#x65;&#110;&#x64;&#101;&#x72;&#46;&#x61;t, 0043 \/ (0) 664 8417042\n\t\t\t\t<\/figcaption><\/figure><figure class='gallery-item'>\n\t\t\t<div class='gallery-icon portrait'>\n\t\t\t\t<a href='https:\/\/klm-international.info\/media\/2019\/09\/Vorschlag-3.jpg'><img loading=\"lazy\" decoding=\"async\" width=\"200\" height=\"300\" src=\"https:\/\/klm-international.info\/media\/2019\/09\/Vorschlag-3-200x300.jpg\" class=\"attachment-medium size-medium\" alt=\"\" aria-describedby=\"gallery-1-4032\" srcset=\"https:\/\/klm-international.info\/media\/2019\/09\/Vorschlag-3-200x300.jpg 200w, https:\/\/klm-international.info\/media\/2019\/09\/Vorschlag-3-100x150.jpg 100w, https:\/\/klm-international.info\/media\/2019\/09\/Vorschlag-3-768x1152.jpg 768w, https:\/\/klm-international.info\/media\/2019\/09\/Vorschlag-3-683x1024.jpg 683w, https:\/\/klm-international.info\/media\/2019\/09\/Vorschlag-3-150x225.jpg 150w, https:\/\/klm-international.info\/media\/2019\/09\/Vorschlag-3-300x450.jpg 300w, https:\/\/klm-international.info\/media\/2019\/09\/Vorschlag-3-450x675.jpg 450w, https:\/\/klm-international.info\/media\/2019\/09\/Vorschlag-3-600x900.jpg 600w, https:\/\/klm-international.info\/media\/2019\/09\/Vorschlag-3.jpg 800w\" sizes=\"auto, (max-width: 200px) 100vw, 200px\" \/><\/a>\n\t\t\t<\/div>\n\t\t\t\t<figcaption class='wp-caption-text gallery-caption' id='gallery-1-4032'>\n\t\t\t\tG\u00e9rante Beate Mitmeier, Gallsch\u00fctz 4,  D-01683 Nossen, &#x6d;&#105;&#x74;&#x6d;&#101;&#x69;&#x65;&#114;&#x40;&#x6b;&#108;&#x65;&#x69;n&#x65;&#x2d;m&#x75;&#101;n&#x73;&#116;e&#x72;&#108;a&#x65;&#110;d&#x65;&#114;&#46;&#x6f;&#114;g, +49 (0) 351 811 9458\n\t\t\t\t<\/figcaption><\/figure>\n\t\t<\/div>\n\n<\/div>\n<p>&nbsp;<\/p>\n<p>&nbsp;<\/p>\n","protected":false},"excerpt":{"rendered":"<p>&nbsp; &nbsp;<\/p>\n","protected":false},"author":1,"featured_media":0,"parent":44,"menu_order":0,"comment_status":"closed","ping_status":"closed","template":"","meta":{"_exactmetrics_skip_tracking":false,"_exactmetrics_sitenote_active":false,"_exactmetrics_sitenote_note":"","_exactmetrics_sitenote_category":0,"footnotes":""},"class_list":["post-584","page","type-page","status-publish","hentry"],"publishpress_future_workflow_manual_trigger":{"enabledWorkflows":[]},"_links":{"self":[{"href":"https:\/\/klm-international.info\/fr\/wp-json\/wp\/v2\/pages\/584","targetHints":{"allow":["GET"]}}],"collection":[{"href":"https:\/\/klm-international.info\/fr\/wp-json\/wp\/v2\/pages"}],"about":[{"href":"https:\/\/klm-international.info\/fr\/wp-json\/wp\/v2\/types\/page"}],"author":[{"embeddable":true,"href":"https:\/\/klm-international.info\/fr\/wp-json\/wp\/v2\/users\/1"}],"replies":[{"embeddable":true,"href":"https:\/\/klm-international.info\/fr\/wp-json\/wp\/v2\/comments?post=584"}],"version-history":[{"count":15,"href":"https:\/\/klm-international.info\/fr\/wp-json\/wp\/v2\/pages\/584\/revisions"}],"predecessor-version":[{"id":4859,"href":"https:\/\/klm-international.info\/fr\/wp-json\/wp\/v2\/pages\/584\/revisions\/4859"}],"up":[{"embeddable":true,"href":"https:\/\/klm-international.info\/fr\/wp-json\/wp\/v2\/pages\/44"}],"wp:attachment":[{"href":"https:\/\/klm-international.info\/fr\/wp-json\/wp\/v2\/media?parent=584"}],"curies":[{"name":"wp","href":"https:\/\/api.w.org\/{rel}","templated":true}]}}