{"id":624,"date":"2018-06-11T09:09:21","date_gmt":"2018-06-11T07:09:21","guid":{"rendered":"https:\/\/klm-international.info\/?page_id=624"},"modified":"2018-09-20T17:34:08","modified_gmt":"2018-09-20T15:34:08","slug":"qualite-de-lelevage","status":"publish","type":"page","link":"https:\/\/klm-international.info\/fr\/elevage\/qualite-de-lelevage\/","title":{"rendered":"Qualit\u00e9 de l&rsquo;\u00e9levage"},"content":{"rendered":"<h3>CHOIX DES G\u00c9NITEURS PAR L&rsquo;\u00c9LEVEUR<br \/>\nUN OUTIL D&rsquo;UNE GRANDE UTILIT\u00c9 AU SERVICE DE L&rsquo;\u00c9LEVAGE : LEPROGRAMME D&rsquo;\u00c9VALUATION<\/h3>\n<p>\n(<em><strong>gk 21.05.2013<\/strong><\/em>)<br \/>\nDes g\u00e9n\u00e9rations d&rsquo;\u00e9leveurs se sont pos\u00e9es la question : \u00ab\u00a0Quel \u00e9talon vais-je choisir?\u00a0\u00bb.<br \/>\nLe hasard, la chance, le risque pris jouent un r\u00f4le important.<\/p>\n<p>Les \u00e9leveurs constituent l&rsquo;\u00e9pine dorsale de chaque club de PEM. Ils se donnent beaucoup de mal pour faire le bon choix des g\u00e9niteurs. Un \u00e9leveur devrait parfaitement conna\u00eetre les caract\u00e9ristiques, les qualit\u00e9s et les d\u00e9fauts de la chienne. Cela est moins \u00e9vident avec l&rsquo;\u00e9talon.<\/p>\n<p><img loading=\"lazy\" decoding=\"async\" class=\"alignnone size-full wp-image-187\" src=\"https:\/\/klm-international.info\/media\/2017\/03\/1-Foto-Vorstehen.jpg\" alt=\"\" width=\"1300\" height=\"867\" srcset=\"https:\/\/klm-international.info\/media\/2017\/03\/1-Foto-Vorstehen.jpg 1300w, https:\/\/klm-international.info\/media\/2017\/03\/1-Foto-Vorstehen-150x100.jpg 150w, https:\/\/klm-international.info\/media\/2017\/03\/1-Foto-Vorstehen-300x200.jpg 300w, https:\/\/klm-international.info\/media\/2017\/03\/1-Foto-Vorstehen-768x512.jpg 768w, https:\/\/klm-international.info\/media\/2017\/03\/1-Foto-Vorstehen-1024x683.jpg 1024w, https:\/\/klm-international.info\/media\/2017\/03\/1-Foto-Vorstehen-100x67.jpg 100w, https:\/\/klm-international.info\/media\/2017\/03\/1-Foto-Vorstehen-200x133.jpg 200w, https:\/\/klm-international.info\/media\/2017\/03\/1-Foto-Vorstehen-450x300.jpg 450w, https:\/\/klm-international.info\/media\/2017\/03\/1-Foto-Vorstehen-600x400.jpg 600w, https:\/\/klm-international.info\/media\/2017\/03\/1-Foto-Vorstehen-900x600.jpg 900w\" sizes=\"auto, (max-width: 1300px) 100vw, 1300px\" \/>Pour se faire une opinion, l&rsquo;id\u00e9al pour l&rsquo;\u00e9leveur serait d&rsquo;avoir vu travailler le m\u00e2le sur le terrain. D&rsquo;autant mieux si l&rsquo;\u00e9leveur pouvait avoir des informations concernant la descendance du m\u00e2le. Il est parfois difficile d&rsquo;avoir ce type d&rsquo;informations pour diverses raisons dont l&rsquo;\u00e9loignement en est une. Bien que connaissant un peu le m\u00e2le, la plupart du temps l&rsquo;\u00e9leveur ignore ses v\u00e9ritables qualit\u00e9s et d\u00e9fauts , les risques h\u00e9r\u00e9ditaires concernant la sant\u00e9, les probl\u00e8mes li\u00e9s \u00e0 la consanguinit\u00e9, le devenir des chiots issus des port\u00e9es pr\u00e9c\u00e9dentes, &#8230; .<\/p>\n<p>C&rsquo;est pourquoi beaucoup d&rsquo;\u00e9leveurs se disent \u00ab\u00a0Je vais d\u00e9j\u00e0 regarder les r\u00e9sultats aux \u00e9preuves, si je peux avoir un m\u00e2le performant je vais avoir une bonne port\u00e9e\u00a0\u00bb, ou \u00ab\u00a0les meilleurs conviendront \u00e0 ma chienne\u00a0\u00bb, ou \u00ab\u00a0s&rsquo;il est souvent utilis\u00e9, il ne peut \u00eatre mauvais\u00a0\u00bb. Ces \u00e9talons peuvent convenir pour une saillie mais il faut savoir que ce n&rsquo;est pas une science exacte.<\/p>\n<p><img loading=\"lazy\" decoding=\"async\" class=\"alignleft wp-image-539 size-full\" src=\"https:\/\/klm-international.info\/media\/2014\/01\/Foto-1_Zuchtschau_250px.jpg\" alt=\"\" width=\"250\" height=\"170\" srcset=\"https:\/\/klm-international.info\/media\/2014\/01\/Foto-1_Zuchtschau_250px.jpg 250w, https:\/\/klm-international.info\/media\/2014\/01\/Foto-1_Zuchtschau_250px-150x102.jpg 150w, https:\/\/klm-international.info\/media\/2014\/01\/Foto-1_Zuchtschau_250px-100x68.jpg 100w, https:\/\/klm-international.info\/media\/2014\/01\/Foto-1_Zuchtschau_250px-200x136.jpg 200w\" sizes=\"auto, (max-width: 250px) 100vw, 250px\" \/>Il y a 30 ans, les responsables de l&rsquo;\u00e9levage allemand du PEM se sont fait conseiller par des g\u00e9n\u00e9ticiens et ont collabor\u00e9 ensemble \u00e0 la constitution d&rsquo;une base de donn\u00e9es pour l&rsquo;\u00e9levage. Cette banque de donn\u00e9es dispose d&rsquo;informations de plus de 50 000 PEM ce qui est d&rsquo;une grande utilit\u00e9 pour la pratique d&rsquo;un \u00e9levage raisonn\u00e9.<\/p>\n<p>Cette banque de donn\u00e9es s&rsquo;appelle \u00ab\u00a0Dogbase\u00a0\u00bb et le logiciel s&rsquo;appelle \u00ab\u00a0Zuchtwertsch\u00e4tzung (Estimation de la qualit\u00e9 d&rsquo;\u00e9levage)\u00a0\u00bb. Les donn\u00e9es du syst\u00e8me permettent l&rsquo;analyse des pedigrees de 4 g\u00e9n\u00e9rations de chiens. Elle permet de planifier une saillie avec deux parents en prenant en consid\u00e9ration leurs particularit\u00e9s et permet de calculer la probabilit\u00e9 th\u00e9orique des caract\u00e9ristiques des chiots \u00e0 na\u00eetre.<\/p>\n<p>Les qualit\u00e9s attendues sont : le criant, le pistage, travail sur canard vivant, travail en plaine, arr\u00eat, maniabilit\u00e9, sagesse au feu, dysplasie, hernie ombilicale et taille au garrot. D&rsquo;autre part sont \u00e9galement \u00e9valu\u00e9s le coefficient de consanguinit\u00e9 de l&rsquo;accouplement sur 5 g\u00e9n\u00e9rations et \u00e9ventuellement le risque d&rsquo;\u00e9pilepsie.<\/p>\n<p><img loading=\"lazy\" decoding=\"async\" class=\"alignnone size-full wp-image-201\" src=\"https:\/\/klm-international.info\/media\/2017\/03\/DSC08823.jpg\" alt=\"\" width=\"1300\" height=\"864\" srcset=\"https:\/\/klm-international.info\/media\/2017\/03\/DSC08823.jpg 1300w, https:\/\/klm-international.info\/media\/2017\/03\/DSC08823-150x100.jpg 150w, https:\/\/klm-international.info\/media\/2017\/03\/DSC08823-300x199.jpg 300w, https:\/\/klm-international.info\/media\/2017\/03\/DSC08823-768x510.jpg 768w, https:\/\/klm-international.info\/media\/2017\/03\/DSC08823-1024x681.jpg 1024w, https:\/\/klm-international.info\/media\/2017\/03\/DSC08823-100x66.jpg 100w, https:\/\/klm-international.info\/media\/2017\/03\/DSC08823-200x133.jpg 200w, https:\/\/klm-international.info\/media\/2017\/03\/DSC08823-450x299.jpg 450w, https:\/\/klm-international.info\/media\/2017\/03\/DSC08823-600x399.jpg 600w, https:\/\/klm-international.info\/media\/2017\/03\/DSC08823-900x598.jpg 900w\" sizes=\"auto, (max-width: 1300px) 100vw, 1300px\" \/>Avec ce type d&rsquo;estimation, les \u00e9leveurs allemands disposent d&rsquo;informations int\u00e9ressantes pour planifier une port\u00e9e. Il faut toutefois prendre en compte que ce ne sont que des informations th\u00e9oriques qui ne peuvent \u00eatre, \u00e0 elles seules, garant de la qualit\u00e9 des chiots \u00e0 na\u00eetre. R\u00e9duire au maximum le risque des maladies h\u00e9r\u00e9ditaires est d&rsquo;une grande utilit\u00e9. Apr\u00e8s de longues ann\u00e9es, on a pu pratiquement \u00e9radiquer la dysplasie des hanches pour les PEM d&rsquo;Allemagne \u00e0 tel point qu&rsquo;elle est devenue presque insignifiante chez les chiens allemands.<\/p>\n<p>Les responsables r\u00e9gionaux des clubs allemands sont r\u00e9guli\u00e8rement form\u00e9s pour l&rsquo;analyse et l&rsquo;exploitation des donn\u00e9es concernant l&rsquo;estimation de la qualit\u00e9 de l&rsquo;\u00e9levage. Ils sont parfaitement capables de conseillers les \u00e9leveurs sur le choix des g\u00e9niteurs. Les \u00e9leveurs allemands peuvent obtenir de l&rsquo;aide de professionnels lorsqu&rsquo;ils se posent la question \u00ab\u00a0Quel \u00e9talon vais-je prendre?\u00a0\u00bb. La derni\u00e8re d\u00e9cision restera du ressort de l&rsquo;\u00e9leveur, son exp\u00e9rience, sa connaissance et son feeling feront le reste.<\/p>\n","protected":false},"excerpt":{"rendered":"<p>CHOIX DES G\u00c9NITEURS PAR L&rsquo;\u00c9LEVEUR UN OUTIL D&rsquo;UNE GRANDE UTILIT\u00c9 AU SERVICE DE L&rsquo;\u00c9LEVAGE : LEPROGRAMME D&rsquo;\u00c9VALUATION (gk 21.05.2013) Des g\u00e9n\u00e9rations d&rsquo;\u00e9leveurs se sont pos\u00e9es la question : \u00ab\u00a0Quel \u00e9talon vais-je choisir?\u00a0\u00bb. Le hasard, la chance, le risque pris jouent un r\u00f4le important. Les \u00e9leveurs constituent l&rsquo;\u00e9pine dorsale de chaque club de PEM. Ils se [&hellip;]<\/p>\n","protected":false},"author":1,"featured_media":0,"parent":619,"menu_order":0,"comment_status":"closed","ping_status":"closed","template":"full-width-page.php","meta":{"_exactmetrics_skip_tracking":false,"_exactmetrics_sitenote_active":false,"_exactmetrics_sitenote_note":"","_exactmetrics_sitenote_category":0,"footnotes":""},"class_list":["post-624","page","type-page","status-publish","hentry"],"publishpress_future_workflow_manual_trigger":{"enabledWorkflows":[]},"_links":{"self":[{"href":"https:\/\/klm-international.info\/fr\/wp-json\/wp\/v2\/pages\/624","targetHints":{"allow":["GET"]}}],"collection":[{"href":"https:\/\/klm-international.info\/fr\/wp-json\/wp\/v2\/pages"}],"about":[{"href":"https:\/\/klm-international.info\/fr\/wp-json\/wp\/v2\/types\/page"}],"author":[{"embeddable":true,"href":"https:\/\/klm-international.info\/fr\/wp-json\/wp\/v2\/users\/1"}],"replies":[{"embeddable":true,"href":"https:\/\/klm-international.info\/fr\/wp-json\/wp\/v2\/comments?post=624"}],"version-history":[{"count":2,"href":"https:\/\/klm-international.info\/fr\/wp-json\/wp\/v2\/pages\/624\/revisions"}],"predecessor-version":[{"id":2486,"href":"https:\/\/klm-international.info\/fr\/wp-json\/wp\/v2\/pages\/624\/revisions\/2486"}],"up":[{"embeddable":true,"href":"https:\/\/klm-international.info\/fr\/wp-json\/wp\/v2\/pages\/619"}],"wp:attachment":[{"href":"https:\/\/klm-international.info\/fr\/wp-json\/wp\/v2\/media?parent=624"}],"curies":[{"name":"wp","href":"https:\/\/api.w.org\/{rel}","templated":true}]}}